{"id":3748,"date":"2025-11-07T08:10:06","date_gmt":"2025-11-07T08:10:06","guid":{"rendered":"https:\/\/mountlaser.com\/?post_type=product&#038;p=3748"},"modified":"2025-11-27T07:59:38","modified_gmt":"2025-11-27T07:59:38","slug":"z-220p-zero-220p-360prism-with-pole","status":"publish","type":"product","link":"https:\/\/mountlaser.com\/pl\/produkt\/z-220p-zero-220p-360prism-with-pole\/","title":{"rendered":"Z-220P ZERO 220P 360\u00b0PRYZMAT Z TYCZK\u0104"},"content":{"rendered":"<p>Z-220P ZERO <a href=\"https:\/\/mountlaser.com\/pl\/\"><strong>220P 360\u00b0PRYZMAT Z TYCZK\u0104<\/strong><\/a> jest o wysokiej dok\u0142adno\u015bci<a href=\"https:\/\/mountlaser.com\/pl\/products\/\"><strong> Przesuwny pryzmat odblaskowy 360 stopni<\/strong> <\/a>Zaprojektowany do profesjonalnych zastosowa\u0144 w tachimetrach i robotach geodezyjnych. Zaprojektowany z my\u015bl\u0105 o precyzji i wytrzyma\u0142o\u015bci, ten pryzmat 220P 360\u00b0 Z TYCZK\u0104 zapewnia sp\u00f3jne wyniki i optymalne odbicie sygna\u0142u nawet w trudnych warunkach terenowych.<\/p>\n<p>Wyposa\u017cony w pi\u0119\u0107 wysokiej jako\u015bci pryzmat\u00f3w pokrytych srebrem, przesuwny pryzmat refleksyjny 360\u00b0 zapewnia doskona\u0142y odbicia \u015bwiat\u0142a i stabilno\u015b\u0107 we wszystkich kierunkach. Wbudowany tylny wizjer pozwala u\u017cytkownikom \u0142atwo sprawdzi\u0107 wysoko\u015b\u0107 pryzmatu, co poprawia wydajno\u015b\u0107 i niezawodno\u015b\u0107 pomiaru. Dzi\u0119ki metalowym uchwytom pryzmat\u00f3w i specjalnej pow\u0142oce antydyfuzyjnej, pryzmat Z-220P ZERO 220P 360\u00b0 z tyczk\u0105 zapewnia d\u0142ugotrwa\u0142\u0105 wydajno\u015b\u0107 i lepsz\u0105 przejrzysto\u015b\u0107 optyczn\u0105.<\/p>\n<p><img fetchpriority=\"high\" decoding=\"async\" class=\"aligncenter wp-image-3753\" src=\"https:\/\/mountlaser.com\/wp-content\/uploads\/2025\/11\/ZERO220P5.webp\" alt=\"Z-220P Sliding 360 Degree Reflective Prism\" width=\"500\" height=\"500\" srcset=\"https:\/\/mountlaser.com\/wp-content\/uploads\/2025\/11\/ZERO220P5.webp 1000w, https:\/\/mountlaser.com\/wp-content\/uploads\/2025\/11\/ZERO220P5-300x300.webp 300w, https:\/\/mountlaser.com\/wp-content\/uploads\/2025\/11\/ZERO220P5-400x400.webp 400w, https:\/\/mountlaser.com\/wp-content\/uploads\/2025\/11\/ZERO220P5-800x800.webp 800w, https:\/\/mountlaser.com\/wp-content\/uploads\/2025\/11\/ZERO220P5-600x600.webp 600w, https:\/\/mountlaser.com\/wp-content\/uploads\/2025\/11\/ZERO220P5-150x150.webp 150w, https:\/\/mountlaser.com\/wp-content\/uploads\/2025\/11\/ZERO220P5-768x768.webp 768w, https:\/\/mountlaser.com\/wp-content\/uploads\/2025\/11\/ZERO220P5-12x12.webp 12w\" sizes=\"(max-width: 500px) 100vw, 500px\" \/><\/p>\n<p>Ten <a href=\"https:\/\/mountlaser.com\/pl\/contact-us\/\">Przesuwny pryzmat odblaskowy 360 stopni<\/a> Zawiera r\u00f3wnie\u017c regulowan\u0105 poziomnic\u0119 okr\u0105g\u0142\u0105 (40\u2032), zapewniaj\u0105c\u0105 precyzyjne centrowanie i wyr\u00f3wnywanie. Dzi\u0119ki przesuni\u0119ciu 0 mm i dok\u0142adno\u015bci centrowania \u00b12,0 mm jest to idealne narz\u0119dzie do pomiar\u00f3w topograficznych, planowania budowy i pozycjonowania 3D.<\/p>","protected":false},"excerpt":{"rendered":"<ul>\n<li>Przesuwany pryzmat odblaskowy 360 stopni z pi\u0119cioma pryzmatami pokrytymi srebrem<\/li>\n<li>Regulowana okr\u0105g\u0142a poziomica (40&#039;) do \u0142atwego ustawiania<\/li>\n<li>Metalowe uchwyty pryzmat\u00f3w i pow\u0142oka antydyfuzyjna zapewniaj\u0105 trwa\u0142o\u015b\u0107 i przejrzysto\u015b\u0107<\/li>\n<\/ul>","protected":false},"featured_media":3750,"comment_status":"open","ping_status":"closed","template":"","meta":[],"product_brand":[],"product_cat":[72,115],"product_tag":[],"class_list":{"0":"post-3748","1":"product","2":"type-product","3":"status-publish","4":"has-post-thumbnail","6":"product_cat-reflective-target-prism","7":"product_cat-wide-angle-prism","9":"first","10":"instock","11":"shipping-taxable","12":"product-type-simple"},"_links":{"self":[{"href":"https:\/\/mountlaser.com\/pl\/wp-json\/wp\/v2\/product\/3748","targetHints":{"allow":["GET"]}}],"collection":[{"href":"https:\/\/mountlaser.com\/pl\/wp-json\/wp\/v2\/product"}],"about":[{"href":"https:\/\/mountlaser.com\/pl\/wp-json\/wp\/v2\/types\/product"}],"replies":[{"embeddable":true,"href":"https:\/\/mountlaser.com\/pl\/wp-json\/wp\/v2\/comments?post=3748"}],"wp:featuredmedia":[{"embeddable":true,"href":"https:\/\/mountlaser.com\/pl\/wp-json\/wp\/v2\/media\/3750"}],"wp:attachment":[{"href":"https:\/\/mountlaser.com\/pl\/wp-json\/wp\/v2\/media?parent=3748"}],"wp:term":[{"taxonomy":"product_brand","embeddable":true,"href":"https:\/\/mountlaser.com\/pl\/wp-json\/wp\/v2\/product_brand?post=3748"},{"taxonomy":"product_cat","embeddable":true,"href":"https:\/\/mountlaser.com\/pl\/wp-json\/wp\/v2\/product_cat?post=3748"},{"taxonomy":"product_tag","embeddable":true,"href":"https:\/\/mountlaser.com\/pl\/wp-json\/wp\/v2\/product_tag?post=3748"}],"curies":[{"name":"wp","href":"https:\/\/api.w.org\/{rel}","templated":true}]}}