{"id":3738,"date":"2025-11-07T06:56:11","date_gmt":"2025-11-07T06:56:11","guid":{"rendered":"https:\/\/mountlaser.com\/?post_type=product&#038;p=3738"},"modified":"2025-11-27T08:03:15","modified_gmt":"2025-11-27T08:03:15","slug":"atp3-360prism-metal-design","status":"publish","type":"product","link":"https:\/\/mountlaser.com\/pl\/produkt\/atp3-360prism-metal-design\/","title":{"rendered":"ATP3 360\u00b0 PRYZMAT METALOWY DESIGN"},"content":{"rendered":"<p>Ten <a href=\"https:\/\/mountlaser.com\/pl\/\"><strong>PRYZMAT ATP3 360\u00b0<\/strong><\/a> jest wysoce precyzyjny <a href=\"https:\/\/mountlaser.com\/pl\/about-us\/\"><strong>Monta\u017c pryzmatu robota 360\u00b0<\/strong><\/a> Zaprojektowany z my\u015bl\u0105 o nowoczesnych tachimetrach robotycznych i zaawansowanych zastosowaniach geodezyjnych. Wyposa\u017cony w sze\u015b\u0107 srebrzonych pryzmat\u00f3w o \u015brednicy 25,4 mm, pryzmat ATP3 360\u00b0 zapewnia wyj\u0105tkow\u0105 zdolno\u015b\u0107 odbijania sygna\u0142u i stabilno\u015b\u0107 ze wszystkich kierunk\u00f3w, gwarantuj\u0105c szybkie i niezawodne pomiary w terenie.<\/p>\n<p>Zbudowany z wytrzyma\u0142ej metalowej ramy, ten 360-stopniowy zestaw pryzmatu robota zapewnia doskona\u0142\u0105 odporno\u015b\u0107 na uderzenia i napr\u0119\u017cenia \u015brodowiskowe, dzi\u0119ki czemu idealnie nadaje si\u0119 do profesjonalnego u\u017cytku w trudnych warunkach. Sta\u0142a pryzmatu 0 mm gwarantuje dok\u0142adne odczyty, a dok\u0142adno\u015b\u0107 centrowania \u00b12,0 mm zapewnia wysok\u0105 sp\u00f3jno\u015b\u0107 pomiar\u00f3w w r\u00f3\u017cnych rodzajach terenu.<\/p>\n<p><img fetchpriority=\"high\" decoding=\"async\" class=\"aligncenter wp-image-3744\" src=\"https:\/\/mountlaser.com\/wp-content\/uploads\/2025\/11\/ATP3-3606.webp\" alt=\"ATP3 360\u00b0 Robotic Prism Assembly\" width=\"500\" height=\"500\" srcset=\"https:\/\/mountlaser.com\/wp-content\/uploads\/2025\/11\/ATP3-3606.webp 1000w, https:\/\/mountlaser.com\/wp-content\/uploads\/2025\/11\/ATP3-3606-300x300.webp 300w, https:\/\/mountlaser.com\/wp-content\/uploads\/2025\/11\/ATP3-3606-400x400.webp 400w, https:\/\/mountlaser.com\/wp-content\/uploads\/2025\/11\/ATP3-3606-800x800.webp 800w, https:\/\/mountlaser.com\/wp-content\/uploads\/2025\/11\/ATP3-3606-600x600.webp 600w, https:\/\/mountlaser.com\/wp-content\/uploads\/2025\/11\/ATP3-3606-150x150.webp 150w, https:\/\/mountlaser.com\/wp-content\/uploads\/2025\/11\/ATP3-3606-768x768.webp 768w, https:\/\/mountlaser.com\/wp-content\/uploads\/2025\/11\/ATP3-3606-12x12.webp 12w\" sizes=\"(max-width: 500px) 100vw, 500px\" \/><\/p>\n<p>Zaprojektowany dla wygody, <a href=\"https:\/\/mountlaser.com\/pl\/contact-us\/\">PRYZMAT ATP3 360\u00b0<\/a> Zintegrowana, okr\u0105g\u0142a poziomica b\u0105belkowa montowana na g\u00f3rze umo\u017cliwia szybkie ustawienie, umo\u017cliwiaj\u0105c geodetom precyzyjne ustawienie w kr\u00f3tszym czasie. Solidna i kompaktowa konstrukcja sprawia, \u017ce ten zestaw pryzmatu robota 360\u00b0 jest niezb\u0119dnym akcesorium do tachimetr\u00f3w robotycznych wymagaj\u0105cych du\u017cej dok\u0142adno\u015bci i stabilno\u015bci.<\/p>","protected":false},"excerpt":{"rendered":"<ul>\n<li>Wy\u017csza dok\u0142adno\u015b\u0107 pomiaru<\/li>\n<li>Konstrukcja ramy metalowej zwi\u0119ksza wytrzyma\u0142o\u015b\u0107 i trwa\u0142o\u015b\u0107 w terenie<\/li>\n<li>G\u00f3rna poziomica b\u0105belkowa do \u0142atwego poziomowania i szybkiej konfiguracji<\/li>\n<\/ul>","protected":false},"featured_media":3740,"comment_status":"open","ping_status":"closed","template":"","meta":[],"product_brand":[],"product_cat":[72,115],"product_tag":[],"class_list":{"0":"post-3738","1":"product","2":"type-product","3":"status-publish","4":"has-post-thumbnail","6":"product_cat-reflective-target-prism","7":"product_cat-wide-angle-prism","9":"first","10":"instock","11":"shipping-taxable","12":"product-type-simple"},"_links":{"self":[{"href":"https:\/\/mountlaser.com\/pl\/wp-json\/wp\/v2\/product\/3738","targetHints":{"allow":["GET"]}}],"collection":[{"href":"https:\/\/mountlaser.com\/pl\/wp-json\/wp\/v2\/product"}],"about":[{"href":"https:\/\/mountlaser.com\/pl\/wp-json\/wp\/v2\/types\/product"}],"replies":[{"embeddable":true,"href":"https:\/\/mountlaser.com\/pl\/wp-json\/wp\/v2\/comments?post=3738"}],"wp:featuredmedia":[{"embeddable":true,"href":"https:\/\/mountlaser.com\/pl\/wp-json\/wp\/v2\/media\/3740"}],"wp:attachment":[{"href":"https:\/\/mountlaser.com\/pl\/wp-json\/wp\/v2\/media?parent=3738"}],"wp:term":[{"taxonomy":"product_brand","embeddable":true,"href":"https:\/\/mountlaser.com\/pl\/wp-json\/wp\/v2\/product_brand?post=3738"},{"taxonomy":"product_cat","embeddable":true,"href":"https:\/\/mountlaser.com\/pl\/wp-json\/wp\/v2\/product_cat?post=3738"},{"taxonomy":"product_tag","embeddable":true,"href":"https:\/\/mountlaser.com\/pl\/wp-json\/wp\/v2\/product_tag?post=3738"}],"curies":[{"name":"wp","href":"https:\/\/api.w.org\/{rel}","templated":true}]}}