{"id":3715,"date":"2025-11-07T06:20:09","date_gmt":"2025-11-07T06:20:09","guid":{"rendered":"https:\/\/mountlaser.com\/?post_type=product&#038;p=3715"},"modified":"2025-11-27T08:06:06","modified_gmt":"2025-11-27T08:06:06","slug":"atp1-japanese-style-360prism","status":"publish","type":"product","link":"https:\/\/mountlaser.com\/pl\/produkt\/atp1-japanese-style-360prism\/","title":{"rendered":"PRYZMAT ATP1 360\u00b0"},"content":{"rendered":"<p>Ten <a href=\"https:\/\/mountlaser.com\/pl\/\"><strong>ATP1 360 PRYZMAT<\/strong><\/a> reprezentuje nowy poziom precyzji i trwa\u0142o\u015bci w nowoczesnym geodezji. Zaprojektowany jako <a href=\"https:\/\/mountlaser.com\/pl\/products\/\"><strong>Pryzmat 360\u00b0 z pryzmatem ochronnym<\/strong><\/a>, Ten japo\u0144ski system pryzmat\u00f3w zapewnia wyj\u0105tkow\u0105 dok\u0142adno\u015b\u0107 centrowania i stabilno\u015b\u0107, co jest szczeg\u00f3lnie przydatne w wymagaj\u0105cych pracach terenowych. Sze\u015b\u0107 posrebrzanych pryzmat\u00f3w zapewnia silne odbicie sygna\u0142u z ka\u017cdego kierunku, gwarantuj\u0105c wiarygodne wyniki pomiar\u00f3w w trudnych warunkach.<\/p>\n<p>ATP1 360 PRISM jest wyposa\u017cony w wytrzyma\u0142y pier\u015bcie\u0144 antykolizyjny, kt\u00f3ry zwi\u0119ksza ochron\u0119 podczas codziennej pracy i transportu. Zaprojektowany z my\u015bl\u0105 o elastyczno\u015bci, ten pryzmat 360\u00b0 z pryzmatem ochronnym jest dost\u0119pny w wielu wersjach:<\/p>\n<figure id=\"attachment_3717\" aria-describedby=\"caption-attachment-3717\" style=\"width: 300px\" class=\"wp-caption aligncenter\"><img fetchpriority=\"high\" decoding=\"async\" class=\"wp-image-3717 size-medium\" src=\"https:\/\/mountlaser.com\/wp-content\/uploads\/2025\/11\/TP360\u5851\u6599\u6b3e\uff082\uff09-300x300.webp\" alt=\"ATP1 360 PRISM\" width=\"300\" height=\"300\" srcset=\"https:\/\/mountlaser.com\/wp-content\/uploads\/2025\/11\/TP360\u5851\u6599\u6b3e\uff082\uff09-300x300.webp 300w, https:\/\/mountlaser.com\/wp-content\/uploads\/2025\/11\/TP360\u5851\u6599\u6b3e\uff082\uff09-400x400.webp 400w, https:\/\/mountlaser.com\/wp-content\/uploads\/2025\/11\/TP360\u5851\u6599\u6b3e\uff082\uff09-800x800.webp 800w, https:\/\/mountlaser.com\/wp-content\/uploads\/2025\/11\/TP360\u5851\u6599\u6b3e\uff082\uff09-600x600.webp 600w, https:\/\/mountlaser.com\/wp-content\/uploads\/2025\/11\/TP360\u5851\u6599\u6b3e\uff082\uff09-150x150.webp 150w, https:\/\/mountlaser.com\/wp-content\/uploads\/2025\/11\/TP360\u5851\u6599\u6b3e\uff082\uff09-768x768.webp 768w, https:\/\/mountlaser.com\/wp-content\/uploads\/2025\/11\/TP360\u5851\u6599\u6b3e\uff082\uff09-12x12.webp 12w, https:\/\/mountlaser.com\/wp-content\/uploads\/2025\/11\/TP360\u5851\u6599\u6b3e\uff082\uff09.webp 1000w\" sizes=\"(max-width: 300px) 100vw, 300px\" \/><figcaption id=\"caption-attachment-3717\" class=\"wp-caption-text\">ATP1 360 PRYZMAT<\/figcaption><\/figure>\n<p>ATP1 \u2013 konstrukcja plastikowa, lekka i \u0142atwa w obs\u0142udze, bez osi centralnej.<\/p>\n<figure id=\"attachment_3726\" aria-describedby=\"caption-attachment-3726\" style=\"width: 300px\" class=\"wp-caption aligncenter\"><img decoding=\"async\" class=\"wp-image-3726 size-medium\" src=\"https:\/\/mountlaser.com\/wp-content\/uploads\/2025\/11\/TP360\u9540\u94f6\uff083\uff09-300x300.webp\" alt=\"ATP1M 360 PRISM\" width=\"300\" height=\"300\" srcset=\"https:\/\/mountlaser.com\/wp-content\/uploads\/2025\/11\/TP360\u9540\u94f6\uff083\uff09-300x300.webp 300w, https:\/\/mountlaser.com\/wp-content\/uploads\/2025\/11\/TP360\u9540\u94f6\uff083\uff09-400x400.webp 400w, https:\/\/mountlaser.com\/wp-content\/uploads\/2025\/11\/TP360\u9540\u94f6\uff083\uff09-800x800.webp 800w, https:\/\/mountlaser.com\/wp-content\/uploads\/2025\/11\/TP360\u9540\u94f6\uff083\uff09-600x600.webp 600w, https:\/\/mountlaser.com\/wp-content\/uploads\/2025\/11\/TP360\u9540\u94f6\uff083\uff09-150x150.webp 150w, https:\/\/mountlaser.com\/wp-content\/uploads\/2025\/11\/TP360\u9540\u94f6\uff083\uff09-768x768.webp 768w, https:\/\/mountlaser.com\/wp-content\/uploads\/2025\/11\/TP360\u9540\u94f6\uff083\uff09-12x12.webp 12w, https:\/\/mountlaser.com\/wp-content\/uploads\/2025\/11\/TP360\u9540\u94f6\uff083\uff09.webp 1000w\" sizes=\"(max-width: 300px) 100vw, 300px\" \/><figcaption id=\"caption-attachment-3726\" class=\"wp-caption-text\">ATP1M 360 PRYZMAT<\/figcaption><\/figure>\n<p>ATP1M \u2013 konstrukcja metalowa, wyposa\u017cona w centraln\u0105 o\u015b ze stali nierdzewnej zapewniaj\u0105c\u0105 dodatkow\u0105 sztywno\u015b\u0107.<\/p>\n<p>ATP1MR \u2013 Wersja metalowa z osi\u0105 i pier\u015bcieniem antykolizyjnym dla maksymalnej ochrony.<img decoding=\"async\" class=\"aligncenter wp-image-3733 size-medium\" src=\"https:\/\/mountlaser.com\/wp-content\/uploads\/2025\/11\/ATP1-MR3-300x300.webp\" alt=\"ATP1MR\/NR 360 PRISM\" width=\"300\" height=\"300\" srcset=\"https:\/\/mountlaser.com\/wp-content\/uploads\/2025\/11\/ATP1-MR3-300x300.webp 300w, https:\/\/mountlaser.com\/wp-content\/uploads\/2025\/11\/ATP1-MR3-400x400.webp 400w, https:\/\/mountlaser.com\/wp-content\/uploads\/2025\/11\/ATP1-MR3-800x800.webp 800w, https:\/\/mountlaser.com\/wp-content\/uploads\/2025\/11\/ATP1-MR3-600x600.webp 600w, https:\/\/mountlaser.com\/wp-content\/uploads\/2025\/11\/ATP1-MR3-150x150.webp 150w, https:\/\/mountlaser.com\/wp-content\/uploads\/2025\/11\/ATP1-MR3-768x768.webp 768w, https:\/\/mountlaser.com\/wp-content\/uploads\/2025\/11\/ATP1-MR3-12x12.webp 12w, https:\/\/mountlaser.com\/wp-content\/uploads\/2025\/11\/ATP1-MR3.webp 1000w\" sizes=\"(max-width: 300px) 100vw, 300px\" \/><\/p>\n<p>ATP1NR \u2013 konstrukcja nylonowa, \u0142\u0105cz\u0105ca wytrzyma\u0142o\u015b\u0107 aluminium z ni\u017csz\u0105 wag\u0105, \u0142\u0105cznie z osi\u0105 i pier\u015bcieniem ochronnym.<\/p>\n<p>Dzi\u0119ki sta\u0142ej pryzmatu -7 mm, dok\u0142adno\u015bci centrowania \u00b11,5 mm i gwintowi 5\/8\u201d na obu ko\u0144cach, <a href=\"https:\/\/mountlaser.com\/pl\/contact-us\/\">ATP1 360 PRYZMAT<\/a> Zapewnia szybk\u0105 konfiguracj\u0119, doskona\u0142\u0105 kompatybilno\u015b\u0107 i sta\u0142\u0105 precyzj\u0119. Ka\u017cdy pryzmat 360\u00b0 z pryzmatem ochronnym jest dostarczany z mi\u0119kk\u0105 torb\u0105 transportow\u0105 i wewn\u0119trznym pude\u0142kiem do bezpiecznego przechowywania.<\/p>","protected":false},"excerpt":{"rendered":"<ul>\n<li>Sze\u015b\u0107 posrebrzanych pryzmat\u00f3w zapewniaj\u0105cych mocne i r\u00f3wnomierne odbicie<\/li>\n<li>Pier\u015bcie\u0144 antykolizyjny zapewniaj\u0105cy lepsz\u0105 ochron\u0119 w warunkach polowych<\/li>\n<li>Dost\u0119pne w wersji plastikowej, metalowej i nylonowej, aby spe\u0142ni\u0107 r\u00f3\u017cne potrzeby geodezyjne<\/li>\n<\/ul>","protected":false},"featured_media":3716,"comment_status":"open","ping_status":"closed","template":"","meta":[],"product_brand":[],"product_cat":[72,115],"product_tag":[],"class_list":{"0":"post-3715","1":"product","2":"type-product","3":"status-publish","4":"has-post-thumbnail","6":"product_cat-reflective-target-prism","7":"product_cat-wide-angle-prism","9":"first","10":"instock","11":"shipping-taxable","12":"product-type-simple"},"_links":{"self":[{"href":"https:\/\/mountlaser.com\/pl\/wp-json\/wp\/v2\/product\/3715","targetHints":{"allow":["GET"]}}],"collection":[{"href":"https:\/\/mountlaser.com\/pl\/wp-json\/wp\/v2\/product"}],"about":[{"href":"https:\/\/mountlaser.com\/pl\/wp-json\/wp\/v2\/types\/product"}],"replies":[{"embeddable":true,"href":"https:\/\/mountlaser.com\/pl\/wp-json\/wp\/v2\/comments?post=3715"}],"wp:featuredmedia":[{"embeddable":true,"href":"https:\/\/mountlaser.com\/pl\/wp-json\/wp\/v2\/media\/3716"}],"wp:attachment":[{"href":"https:\/\/mountlaser.com\/pl\/wp-json\/wp\/v2\/media?parent=3715"}],"wp:term":[{"taxonomy":"product_brand","embeddable":true,"href":"https:\/\/mountlaser.com\/pl\/wp-json\/wp\/v2\/product_brand?post=3715"},{"taxonomy":"product_cat","embeddable":true,"href":"https:\/\/mountlaser.com\/pl\/wp-json\/wp\/v2\/product_cat?post=3715"},{"taxonomy":"product_tag","embeddable":true,"href":"https:\/\/mountlaser.com\/pl\/wp-json\/wp\/v2\/product_tag?post=3715"}],"curies":[{"name":"wp","href":"https:\/\/api.w.org\/{rel}","templated":true}]}}