{"id":3706,"date":"2025-11-07T05:46:05","date_gmt":"2025-11-07T05:46:05","guid":{"rendered":"https:\/\/mountlaser.com\/?post_type=product&#038;p=3706"},"modified":"2025-11-27T08:18:33","modified_gmt":"2025-11-27T08:18:33","slug":"grz101sa-swiss-style-360prism","status":"publish","type":"product","link":"https:\/\/mountlaser.com\/pl\/produkt\/grz101sa-swiss-style-360prism\/","title":{"rendered":"GRZ101SA Wysokiej jako\u015bci z wewn\u0119trznym wspornikiem"},"content":{"rendered":"<p>Ten <a href=\"https:\/\/mountlaser.com\/pl\/\"><strong>GRZ101SA MINI 360 PRISM<\/strong><\/a> to kompaktowy, a jednocze\u015bnie precyzyjny reflektor przeznaczony do profesjonalnych zastosowa\u0144 geodezyjnych wymagaj\u0105cych stabilno\u015bci i dok\u0142adno\u015bci. <a href=\"https:\/\/mountlaser.com\/pl\/about-us\/\"><strong>Mini pryzmat z wewn\u0119trznym uchwytem<\/strong><\/a>\u00a0sk\u0142ada si\u0119 z sze\u015bciu miniaturowych pryzmat\u00f3w, starannie wyr\u00f3wnanych i sklejonych ze sob\u0105 w celu zapewnienia pe\u0142nej zdolno\u015bci odbijania \u015bwiat\u0142a w zakresie 360\u00b0, co gwarantuje sp\u00f3jne i precyzyjne pomiary ze wszystkich kierunk\u00f3w.<\/p>\n<p>Zaprojektowany z solidn\u0105 konstrukcj\u0105 wewn\u0119trznego uchwytu, PRYZMAT GRZ101SA MINI 360 zapewnia wyj\u0105tkow\u0105 stabilno\u015b\u0107 strukturaln\u0105 i d\u0142ugotrwa\u0142\u0105 trwa\u0142o\u015b\u0107, nawet w trudnych warunkach terenowych. Dzi\u0119ki sta\u0142ej szwajcarskiej +30 mm i dok\u0142adno\u015bci celowania \u00b12,0 mm, ten MINI PRYZMAT Z WEWN\u0118TRZNYM UCHWYTEM zapewnia dok\u0142adne ustawienie celu i powtarzalne wyniki dla tachimetr\u00f3w i instrument\u00f3w GNSS.<\/p>\n<p><img fetchpriority=\"high\" decoding=\"async\" class=\"aligncenter wp-image-3708\" src=\"https:\/\/mountlaser.com\/wp-content\/uploads\/2025\/11\/GRZ1012.webp\" alt=\"GRZ101SA MINI 360 PRISM\" width=\"500\" height=\"500\" srcset=\"https:\/\/mountlaser.com\/wp-content\/uploads\/2025\/11\/GRZ1012.webp 1000w, https:\/\/mountlaser.com\/wp-content\/uploads\/2025\/11\/GRZ1012-300x300.webp 300w, https:\/\/mountlaser.com\/wp-content\/uploads\/2025\/11\/GRZ1012-400x400.webp 400w, https:\/\/mountlaser.com\/wp-content\/uploads\/2025\/11\/GRZ1012-800x800.webp 800w, https:\/\/mountlaser.com\/wp-content\/uploads\/2025\/11\/GRZ1012-600x600.webp 600w, https:\/\/mountlaser.com\/wp-content\/uploads\/2025\/11\/GRZ1012-150x150.webp 150w, https:\/\/mountlaser.com\/wp-content\/uploads\/2025\/11\/GRZ1012-768x768.webp 768w, https:\/\/mountlaser.com\/wp-content\/uploads\/2025\/11\/GRZ1012-12x12.webp 12w\" sizes=\"(max-width: 500px) 100vw, 500px\" \/><\/p>\n<p>Ten <a href=\"https:\/\/mountlaser.com\/pl\/contact-us\/\">GRZ101SA MINI 360 PRISM<\/a> Wysoko\u015b\u0107 56 mm sprawia, \u017ce idealnie nadaje si\u0119 do kompaktowych instalacji, zachowuj\u0105c jednocze\u015bnie doskona\u0142\u0105 wydajno\u015b\u0107 i niezawodno\u015b\u0107. Niezale\u017cnie od tego, czy jest u\u017cywany do pomiar\u00f3w bliskiego zasi\u0119gu, czy precyzyjnego monitoringu, ten MINI PRYZMAT Z WEWN\u0118TRZNYM UCHWYTEM zapewnia profesjonalistom niezawodne i wydajne rozwi\u0105zanie geodezyjne.<\/p>","protected":false},"excerpt":{"rendered":"<ul>\n<li>GRZ101SA MINI 360 PRISM z sze\u015bcioma mini pryzmatami do odbicia 360\u00b0<\/li>\n<li>MINI PRYZMAT Z WEWN\u0118TRZNYM UCHWYTEM zapewniaj\u0105cym zwi\u0119kszon\u0105 wytrzyma\u0142o\u015b\u0107 i stabilno\u015b\u0107 ustawienia<\/li>\n<li>Kompaktowa wysoko\u015b\u0107 pryzmatu 56 mm do elastycznych zastosowa\u0144 terenowych<\/li>\n<\/ul>","protected":false},"featured_media":3712,"comment_status":"open","ping_status":"closed","template":"","meta":[],"product_brand":[],"product_cat":[72,115],"product_tag":[],"class_list":{"0":"post-3706","1":"product","2":"type-product","3":"status-publish","4":"has-post-thumbnail","6":"product_cat-reflective-target-prism","7":"product_cat-wide-angle-prism","9":"first","10":"instock","11":"shipping-taxable","12":"product-type-simple"},"_links":{"self":[{"href":"https:\/\/mountlaser.com\/pl\/wp-json\/wp\/v2\/product\/3706","targetHints":{"allow":["GET"]}}],"collection":[{"href":"https:\/\/mountlaser.com\/pl\/wp-json\/wp\/v2\/product"}],"about":[{"href":"https:\/\/mountlaser.com\/pl\/wp-json\/wp\/v2\/types\/product"}],"replies":[{"embeddable":true,"href":"https:\/\/mountlaser.com\/pl\/wp-json\/wp\/v2\/comments?post=3706"}],"wp:featuredmedia":[{"embeddable":true,"href":"https:\/\/mountlaser.com\/pl\/wp-json\/wp\/v2\/media\/3712"}],"wp:attachment":[{"href":"https:\/\/mountlaser.com\/pl\/wp-json\/wp\/v2\/media?parent=3706"}],"wp:term":[{"taxonomy":"product_brand","embeddable":true,"href":"https:\/\/mountlaser.com\/pl\/wp-json\/wp\/v2\/product_brand?post=3706"},{"taxonomy":"product_cat","embeddable":true,"href":"https:\/\/mountlaser.com\/pl\/wp-json\/wp\/v2\/product_cat?post=3706"},{"taxonomy":"product_tag","embeddable":true,"href":"https:\/\/mountlaser.com\/pl\/wp-json\/wp\/v2\/product_tag?post=3706"}],"curies":[{"name":"wp","href":"https:\/\/api.w.org\/{rel}","templated":true}]}}