{"id":3698,"date":"2025-11-07T05:32:21","date_gmt":"2025-11-07T05:32:21","guid":{"rendered":"https:\/\/mountlaser.com\/?post_type=product&#038;p=3698"},"modified":"2025-11-27T08:20:50","modified_gmt":"2025-11-27T08:20:50","slug":"grz101-swiss-style-360prism","status":"publish","type":"product","link":"https:\/\/mountlaser.com\/pl\/produkt\/grz101-swiss-style-360prism\/","title":{"rendered":"GRZ101 \u015aredniej jako\u015bci metalowa konstrukcja"},"content":{"rendered":"<p>Ten <a href=\"https:\/\/mountlaser.com\/pl\/\"><strong>GRZ101 Mini reflektor 360 stopni<\/strong><\/a> to pryzmat geodezyjny o wysokiej dok\u0142adno\u015bci, zaprojektowany z my\u015bl\u0105 o precyzyjnych pomiarach i wytrzyma\u0142o\u015bci w wymagaj\u0105cych warunkach terenowych. Wykonany z wytrzyma\u0142ego aluminium, <a href=\"https:\/\/mountlaser.com\/pl\/about-us\/\"><strong>Pryzmat GRZ101<\/strong><\/a> \u0142\u0105czy centraln\u0105 o\u015b ze stali nierdzewnej z pier\u015bcieniem antykolizyjnym, zapewniaj\u0105c d\u0142ugotrwa\u0142\u0105 stabilno\u015b\u0107 i ochron\u0119 podczas pracy.<\/p>\n<p>Pryzmat GRZ101 sk\u0142ada si\u0119 z sze\u015bciu mini-pryzmat\u00f3w, bezszwowo sklejonych, co zapewnia pe\u0142ne pokrycie odblaskowe 360\u00b0. Dzi\u0119ki sta\u0142ej szwajcarskiej +23,1 mm i dok\u0142adno\u015bci centrowania \u00b12 mm, pryzmat GRZ101 zapewnia wyj\u0105tkow\u0105 wydajno\u015b\u0107 w tachimetrach i zastosowaniach GNSS, gwarantuj\u0105c wiarygodne wyniki z dowolnego kierunku pomiaru.<\/p>\n<p><img fetchpriority=\"high\" decoding=\"async\" class=\"aligncenter wp-image-3702\" src=\"https:\/\/mountlaser.com\/wp-content\/uploads\/2025\/11\/GRZ101S4.webp\" alt=\"grz101 prism\" width=\"500\" height=\"500\" srcset=\"https:\/\/mountlaser.com\/wp-content\/uploads\/2025\/11\/GRZ101S4.webp 1000w, https:\/\/mountlaser.com\/wp-content\/uploads\/2025\/11\/GRZ101S4-300x300.webp 300w, https:\/\/mountlaser.com\/wp-content\/uploads\/2025\/11\/GRZ101S4-400x400.webp 400w, https:\/\/mountlaser.com\/wp-content\/uploads\/2025\/11\/GRZ101S4-800x800.webp 800w, https:\/\/mountlaser.com\/wp-content\/uploads\/2025\/11\/GRZ101S4-600x600.webp 600w, https:\/\/mountlaser.com\/wp-content\/uploads\/2025\/11\/GRZ101S4-150x150.webp 150w, https:\/\/mountlaser.com\/wp-content\/uploads\/2025\/11\/GRZ101S4-768x768.webp 768w, https:\/\/mountlaser.com\/wp-content\/uploads\/2025\/11\/GRZ101S4-12x12.webp 12w\" sizes=\"(max-width: 500px) 100vw, 500px\" \/><\/p>\n<p>Wyposa\u017cony w gwinty 5\/8\u2033-11 zar\u00f3wno u g\u00f3ry, jak i u do\u0142u, <a href=\"https:\/\/mountlaser.com\/pl\/contact-us\/\">GRZ101 Mini reflektor 360 stopni<\/a> Umo\u017cliwia \u0142atwy monta\u017c anten i maszt\u00f3w. Szybkoz\u0142\u0105czka z przyciskiem zwi\u0119ksza wydajno\u015b\u0107 pracy w terenie, umo\u017cliwiaj\u0105c geodetom szybki i bezpieczny monta\u017c lub demonta\u017c sprz\u0119tu.<\/p>","protected":false},"excerpt":{"rendered":"<ul>\n<li>Obudowa aluminiowa z pier\u015bcieniem antykolizyjnym dla zwi\u0119kszonej trwa\u0142o\u015bci<\/li>\n<li>Centralna o\u015b ze stali nierdzewnej zapewnia r\u00f3wnowag\u0119 i stabilno\u015b\u0107 konstrukcji<\/li>\n<li>Szybki przycisk zwalniaj\u0105cy umo\u017cliwiaj\u0105cy \u0142atw\u0105 konfiguracj\u0119 i demonta\u017c<\/li>\n<\/ul>","protected":false},"featured_media":3699,"comment_status":"open","ping_status":"closed","template":"","meta":[],"product_brand":[],"product_cat":[72,115],"product_tag":[],"class_list":{"0":"post-3698","1":"product","2":"type-product","3":"status-publish","4":"has-post-thumbnail","6":"product_cat-reflective-target-prism","7":"product_cat-wide-angle-prism","9":"first","10":"instock","11":"shipping-taxable","12":"product-type-simple"},"_links":{"self":[{"href":"https:\/\/mountlaser.com\/pl\/wp-json\/wp\/v2\/product\/3698","targetHints":{"allow":["GET"]}}],"collection":[{"href":"https:\/\/mountlaser.com\/pl\/wp-json\/wp\/v2\/product"}],"about":[{"href":"https:\/\/mountlaser.com\/pl\/wp-json\/wp\/v2\/types\/product"}],"replies":[{"embeddable":true,"href":"https:\/\/mountlaser.com\/pl\/wp-json\/wp\/v2\/comments?post=3698"}],"wp:featuredmedia":[{"embeddable":true,"href":"https:\/\/mountlaser.com\/pl\/wp-json\/wp\/v2\/media\/3699"}],"wp:attachment":[{"href":"https:\/\/mountlaser.com\/pl\/wp-json\/wp\/v2\/media?parent=3698"}],"wp:term":[{"taxonomy":"product_brand","embeddable":true,"href":"https:\/\/mountlaser.com\/pl\/wp-json\/wp\/v2\/product_brand?post=3698"},{"taxonomy":"product_cat","embeddable":true,"href":"https:\/\/mountlaser.com\/pl\/wp-json\/wp\/v2\/product_cat?post=3698"},{"taxonomy":"product_tag","embeddable":true,"href":"https:\/\/mountlaser.com\/pl\/wp-json\/wp\/v2\/product_tag?post=3698"}],"curies":[{"name":"wp","href":"https:\/\/api.w.org\/{rel}","templated":true}]}}