{"id":3690,"date":"2025-11-07T04:54:13","date_gmt":"2025-11-07T04:54:13","guid":{"rendered":"https:\/\/mountlaser.com\/?post_type=product&#038;p=3690"},"modified":"2025-11-27T08:22:58","modified_gmt":"2025-11-27T08:22:58","slug":"mpr122-122r-swiss-style-360prism","status":"publish","type":"product","link":"https:\/\/mountlaser.com\/pl\/produkt\/mpr122-122r-swiss-style-360prism\/","title":{"rendered":"MPR122\/122R Pryzmat 360\u00b0 w stylu szwajcarskim"},"content":{"rendered":"<p>Ten <a href=\"https:\/\/mountlaser.com\/pl\/\"><strong>MPR122 PRYZMAT 360\u00b0 W STYLU SZWAJCARSKIM<\/strong><\/a> to reflektor klasy premium zaprojektowany dla profesjonalnych geodet\u00f3w, kt\u00f3rzy wymagaj\u0105 dok\u0142adno\u015bci, stabilno\u015bci i solidnej konstrukcji. Zbudowany z wytrzyma\u0142ej aluminiowej obudowy i wyposa\u017cony w pier\u015bcie\u0144 antykolizyjny, <a href=\"https:\/\/mountlaser.com\/pl\/contact-us\/\"><strong>PRYZMAT MPR122<\/strong><\/a> gwarantuje d\u0142ugoterminow\u0105 niezawodno\u015b\u0107 nawet w trudnych warunkach terenowych.<\/p>\n<p>Zaprojektowany z centraln\u0105 osi\u0105 ze stali nierdzewnej, pryzmat MPR122 zapewnia sp\u00f3jne ustawienie obrotowe i optymaln\u0105 r\u00f3wnowag\u0119 strukturaln\u0105. Zesp\u00f3\u0142 pryzmat\u00f3w sk\u0142ada si\u0119 z sze\u015bciu precyzyjnie przyklejonych minipryzmat\u00f3w, tworz\u0105cych pe\u0142n\u0105, 360-stopniow\u0105 powierzchni\u0119 odbijaj\u0105c\u0105, umo\u017cliwiaj\u0105c\u0105 kompleksowy odbi\u00f3r sygna\u0142u z dowolnego kierunku.<\/p>\n<p><img fetchpriority=\"high\" decoding=\"async\" class=\"aligncenter wp-image-3693\" src=\"https:\/\/mountlaser.com\/wp-content\/uploads\/2025\/11\/MRP1223.webp\" alt=\"MPR122 PRISM\" width=\"500\" height=\"500\" srcset=\"https:\/\/mountlaser.com\/wp-content\/uploads\/2025\/11\/MRP1223.webp 1000w, https:\/\/mountlaser.com\/wp-content\/uploads\/2025\/11\/MRP1223-300x300.webp 300w, https:\/\/mountlaser.com\/wp-content\/uploads\/2025\/11\/MRP1223-400x400.webp 400w, https:\/\/mountlaser.com\/wp-content\/uploads\/2025\/11\/MRP1223-800x800.webp 800w, https:\/\/mountlaser.com\/wp-content\/uploads\/2025\/11\/MRP1223-600x600.webp 600w, https:\/\/mountlaser.com\/wp-content\/uploads\/2025\/11\/MRP1223-150x150.webp 150w, https:\/\/mountlaser.com\/wp-content\/uploads\/2025\/11\/MRP1223-768x768.webp 768w, https:\/\/mountlaser.com\/wp-content\/uploads\/2025\/11\/MRP1223-12x12.webp 12w\" sizes=\"(max-width: 500px) 100vw, 500px\" \/><\/p>\n<p>Dzi\u0119ki sta\u0142ej szwajcarskiej +23,1 mm i dok\u0142adno\u015bci centrowania \u00b11,5 mm, <a href=\"https:\/\/mountlaser.com\/pl\/contact-us\/\">PRYZMAT MPR122<\/a> gwarantuje niezawodn\u0105 i precyzyjn\u0105 prac\u0119 w zastosowaniach monitoringu, mapowania i in\u017cynierii. Wyposa\u017cony w gwinty 5\/8\u2033-11 u g\u00f3ry i u do\u0142u, umo\u017cliwia instalacj\u0119 anten i bezproblemow\u0105 integracj\u0119 z tyczkami pryzmatycznymi lub adapterami spodarek. Szybkoz\u0142\u0105czka z przyciskiem zapewnia szybk\u0105 i sprawn\u0105 konfiguracj\u0119 w terenie.<\/p>","protected":false},"excerpt":{"rendered":"<ul>\n<li>Korpus aluminiowy z pier\u015bcieniem antykolizyjnym zapewniaj\u0105cym zwi\u0119kszon\u0105 trwa\u0142o\u015b\u0107<\/li>\n<li>Centralna o\u015b ze stali nierdzewnej zapewnia stabilno\u015b\u0107 mechaniczn\u0105<\/li>\n<li>Szybki przycisk zwalniaj\u0105cy umo\u017cliwiaj\u0105cy bezproblemowy monta\u017c i demonta\u017c<\/li>\n<li>Zaprojektowany do profesjonalnych zada\u0144 geodezyjnych z wykorzystaniem tachimetr\u00f3w i GNSS<\/li>\n<\/ul>","protected":false},"featured_media":3692,"comment_status":"open","ping_status":"closed","template":"","meta":[],"product_brand":[],"product_cat":[72,115],"product_tag":[],"class_list":{"0":"post-3690","1":"product","2":"type-product","3":"status-publish","4":"has-post-thumbnail","6":"product_cat-reflective-target-prism","7":"product_cat-wide-angle-prism","9":"first","10":"instock","11":"shipping-taxable","12":"product-type-simple"},"_links":{"self":[{"href":"https:\/\/mountlaser.com\/pl\/wp-json\/wp\/v2\/product\/3690","targetHints":{"allow":["GET"]}}],"collection":[{"href":"https:\/\/mountlaser.com\/pl\/wp-json\/wp\/v2\/product"}],"about":[{"href":"https:\/\/mountlaser.com\/pl\/wp-json\/wp\/v2\/types\/product"}],"replies":[{"embeddable":true,"href":"https:\/\/mountlaser.com\/pl\/wp-json\/wp\/v2\/comments?post=3690"}],"wp:featuredmedia":[{"embeddable":true,"href":"https:\/\/mountlaser.com\/pl\/wp-json\/wp\/v2\/media\/3692"}],"wp:attachment":[{"href":"https:\/\/mountlaser.com\/pl\/wp-json\/wp\/v2\/media?parent=3690"}],"wp:term":[{"taxonomy":"product_brand","embeddable":true,"href":"https:\/\/mountlaser.com\/pl\/wp-json\/wp\/v2\/product_brand?post=3690"},{"taxonomy":"product_cat","embeddable":true,"href":"https:\/\/mountlaser.com\/pl\/wp-json\/wp\/v2\/product_cat?post=3690"},{"taxonomy":"product_tag","embeddable":true,"href":"https:\/\/mountlaser.com\/pl\/wp-json\/wp\/v2\/product_tag?post=3690"}],"curies":[{"name":"wp","href":"https:\/\/api.w.org\/{rel}","templated":true}]}}