{"id":3675,"date":"2025-11-07T03:11:37","date_gmt":"2025-11-07T03:11:37","guid":{"rendered":"https:\/\/mountlaser.com\/?post_type=product&#038;p=3675"},"modified":"2025-11-27T08:24:31","modified_gmt":"2025-11-27T08:24:31","slug":"gx360-swiss-style-360prism","status":"publish","type":"product","link":"https:\/\/mountlaser.com\/pl\/produkt\/gx360-swiss-style-360prism\/","title":{"rendered":"GX360 Swiss-Style 360\u00b0pryzmat"},"content":{"rendered":"<p>SWISS-STYLE 360\u00b0 PRISM to profesjonalny <a href=\"https:\/\/mountlaser.com\/pl\/\"><strong>Precyzyjny pryzmat odblaskowy 360 stopni<\/strong><\/a> Zaprojektowany do zastosowa\u0144 geodezyjnych o wysokiej precyzji. Zbudowany z wytrzyma\u0142ej aluminiowej obudowy i zaprojektowany tak, aby zapewni\u0107 wyj\u0105tkow\u0105 dok\u0142adno\u015b\u0107, ten <a href=\"https:\/\/mountlaser.com\/pl\/products\/\"><strong>Pryzmat odblaskowy 360 stopni dla Szwajcarii<\/strong><\/a> tachimetry zapewniaj\u0105 wiarygodne wyniki we wszystkich kierunkach.<\/p>\n<p>Ten precyzyjny pryzmat odblaskowy 360 stopni charakteryzuje si\u0119 unikalnym zespo\u0142em pryzmat\u00f3w, sk\u0142adaj\u0105cym si\u0119 z sze\u015bciu idealnie dopasowanych minipryzmat\u00f3w, po\u0142\u0105czonych ze sob\u0105, tworz\u0105c ci\u0105g\u0142\u0105, 360-stopniow\u0105 powierzchni\u0119 odbijaj\u0105c\u0105, zapewniaj\u0105c\u0105 doskona\u0142y sygna\u0142 zwrotny. Konstrukcja eliminuje potrzeb\u0119 stosowania centralnej osi ze stali nierdzewnej, co przek\u0142ada si\u0119 na lekk\u0105, a jednocze\u015bnie wytrzyma\u0142\u0105 konstrukcj\u0119, kt\u00f3ra zachowuje idealn\u0105 r\u00f3wnowag\u0119 i ustawienie podczas pracy.<\/p>\n<p><img fetchpriority=\"high\" decoding=\"async\" class=\"aligncenter wp-image-3686\" src=\"https:\/\/mountlaser.com\/wp-content\/uploads\/2025\/11\/geomax\uff084\uff09-1.webp\" alt=\"GX360 Accurate 360 Degree Reflective Prism\" width=\"500\" height=\"500\" srcset=\"https:\/\/mountlaser.com\/wp-content\/uploads\/2025\/11\/geomax\uff084\uff09-1.webp 1000w, https:\/\/mountlaser.com\/wp-content\/uploads\/2025\/11\/geomax\uff084\uff09-1-300x300.webp 300w, https:\/\/mountlaser.com\/wp-content\/uploads\/2025\/11\/geomax\uff084\uff09-1-400x400.webp 400w, https:\/\/mountlaser.com\/wp-content\/uploads\/2025\/11\/geomax\uff084\uff09-1-800x800.webp 800w, https:\/\/mountlaser.com\/wp-content\/uploads\/2025\/11\/geomax\uff084\uff09-1-600x600.webp 600w, https:\/\/mountlaser.com\/wp-content\/uploads\/2025\/11\/geomax\uff084\uff09-1-150x150.webp 150w, https:\/\/mountlaser.com\/wp-content\/uploads\/2025\/11\/geomax\uff084\uff09-1-768x768.webp 768w, https:\/\/mountlaser.com\/wp-content\/uploads\/2025\/11\/geomax\uff084\uff09-1-12x12.webp 12w\" sizes=\"(max-width: 500px) 100vw, 500px\" \/><\/p>\n<p>Dzi\u0119ki sta\u0142ej szwajcarskiej +23,1 mm i dok\u0142adno\u015bci centrowania \u00b12,0 mm, ten <a href=\"https:\/\/mountlaser.com\/pl\/contact-us\/\">Pryzmat odblaskowy 360 stopni dla Szwajcarii<\/a> Instruments gwarantuje precyzj\u0119 pomiar\u00f3w. Szybkoz\u0142\u0105czka z przyciskiem umo\u017cliwia szybki monta\u017c na tyczkach pryzmatycznych lub adapterach spodarek, dzi\u0119ki czemu pryzmat refleksyjny Accurate 360 Degree Reflective Prism jest idealny dla in\u017cynier\u00f3w terenowych i geodet\u00f3w, kt\u00f3rzy wymagaj\u0105 zar\u00f3wno dok\u0142adno\u015bci, jak i wydajno\u015bci.<\/p>","protected":false},"excerpt":{"rendered":"<ul>\n<li>Lekka obudowa aluminiowa \u2013 brak centralnej osi dla lepszego wywa\u017cenia<\/li>\n<li>Szybki przycisk zwalniaj\u0105cy umo\u017cliwiaj\u0105cy \u0142atw\u0105 konfiguracj\u0119 i demonta\u017c<\/li>\n<li>Idealny pryzmat odblaskowy 360 stopni do zastosowa\u0144 w monitorowaniu i ustawianiu w systemie szwajcarskim<\/li>\n<\/ul>","protected":false},"featured_media":3683,"comment_status":"open","ping_status":"closed","template":"","meta":[],"product_brand":[],"product_cat":[72,115],"product_tag":[],"class_list":{"0":"post-3675","1":"product","2":"type-product","3":"status-publish","4":"has-post-thumbnail","6":"product_cat-reflective-target-prism","7":"product_cat-wide-angle-prism","9":"first","10":"instock","11":"shipping-taxable","12":"product-type-simple"},"_links":{"self":[{"href":"https:\/\/mountlaser.com\/pl\/wp-json\/wp\/v2\/product\/3675","targetHints":{"allow":["GET"]}}],"collection":[{"href":"https:\/\/mountlaser.com\/pl\/wp-json\/wp\/v2\/product"}],"about":[{"href":"https:\/\/mountlaser.com\/pl\/wp-json\/wp\/v2\/types\/product"}],"replies":[{"embeddable":true,"href":"https:\/\/mountlaser.com\/pl\/wp-json\/wp\/v2\/comments?post=3675"}],"wp:featuredmedia":[{"embeddable":true,"href":"https:\/\/mountlaser.com\/pl\/wp-json\/wp\/v2\/media\/3683"}],"wp:attachment":[{"href":"https:\/\/mountlaser.com\/pl\/wp-json\/wp\/v2\/media?parent=3675"}],"wp:term":[{"taxonomy":"product_brand","embeddable":true,"href":"https:\/\/mountlaser.com\/pl\/wp-json\/wp\/v2\/product_brand?post=3675"},{"taxonomy":"product_cat","embeddable":true,"href":"https:\/\/mountlaser.com\/pl\/wp-json\/wp\/v2\/product_cat?post=3675"},{"taxonomy":"product_tag","embeddable":true,"href":"https:\/\/mountlaser.com\/pl\/wp-json\/wp\/v2\/product_tag?post=3675"}],"curies":[{"name":"wp","href":"https:\/\/api.w.org\/{rel}","templated":true}]}}