{"id":3659,"date":"2025-11-07T02:42:29","date_gmt":"2025-11-07T02:42:29","guid":{"rendered":"https:\/\/mountlaser.com\/?post_type=product&#038;p=3659"},"modified":"2025-11-27T08:14:19","modified_gmt":"2025-11-27T08:14:19","slug":"grz112-112m-swiss-style-360-prism","status":"publish","type":"product","link":"https:\/\/mountlaser.com\/pl\/produkt\/grz112-112m-swiss-style-360-prism\/","title":{"rendered":"GRZ122\/122M Pryzmat 360\u00b0 w stylu szwajcarskim"},"content":{"rendered":"<p>Ten <a href=\"https:\/\/mountlaser.com\/pl\/\"><strong>pryzmat grz122<\/strong><\/a> jest klasy profesjonalnej<a href=\"https:\/\/mountlaser.com\/pl\/products\/\"><strong> Pryzmat odblaskowy 360 stopni<\/strong><\/a> Zaprojektowany z my\u015bl\u0105 o niezawodnej i wszechstronnej dok\u0142adno\u015bci pomiar\u00f3w tachimetrycznych. Zbudowany w tradycyjnej szwajcarskiej konstrukcji 360\u00b0, pryzmat GRZ122 zapewnia sp\u00f3jn\u0105 jako\u015b\u0107 odbicia i bezproblemow\u0105 integracj\u0119 z instrumentami tachimetrycznymi.<\/p>\n<p>Ka\u017cdy pryzmat odblaskowy 360 stopni sk\u0142ada si\u0119 z sze\u015bciu precyzyjnie ustawionych minipryzmat\u00f3w, po\u0142\u0105czonych ze sob\u0105, tworz\u0105c jeden, stabilny zesp\u00f3\u0142 360\u00b0. Taka konfiguracja zapewnia wysok\u0105 precyzj\u0119 pomiaru i optymalne odbicie we wszystkich kierunkach. Pryzmat grz122 oferuje sta\u0142\u0105 szwajcarsk\u0105 +23,1 mm i dok\u0142adno\u015b\u0107 centrowania \u00b12,0 mm, co czyni go idealnym do wymagaj\u0105cych zastosowa\u0144 terenowych.<\/p>\n<p>Ten pryzmat refleksyjny Swiss-Style 360 stopni, wykonany bez centralnej osi ze stali nierdzewnej, charakteryzuje si\u0119 lekk\u0105, wywa\u017con\u0105 obudow\u0105, co u\u0142atwia przenoszenie i przyspiesza monta\u017c. Model GRZ122 ma wytrzyma\u0142\u0105 obudow\u0119 nylonow\u0105, a model GRZ122M ma metalow\u0105 obudow\u0119, co zapewnia wi\u0119ksz\u0105 wytrzyma\u0142o\u015b\u0107 i trwa\u0142o\u015b\u0107.<\/p>\n<figure id=\"attachment_3663\" aria-describedby=\"caption-attachment-3663\" style=\"width: 500px\" class=\"wp-caption aligncenter\"><img fetchpriority=\"high\" decoding=\"async\" class=\"wp-image-3663\" src=\"https:\/\/mountlaser.com\/wp-content\/uploads\/2025\/11\/L2-3604.webp\" alt=\"grz122 prism\" width=\"500\" height=\"500\" srcset=\"https:\/\/mountlaser.com\/wp-content\/uploads\/2025\/11\/L2-3604.webp 1000w, https:\/\/mountlaser.com\/wp-content\/uploads\/2025\/11\/L2-3604-300x300.webp 300w, https:\/\/mountlaser.com\/wp-content\/uploads\/2025\/11\/L2-3604-400x400.webp 400w, https:\/\/mountlaser.com\/wp-content\/uploads\/2025\/11\/L2-3604-800x800.webp 800w, https:\/\/mountlaser.com\/wp-content\/uploads\/2025\/11\/L2-3604-600x600.webp 600w, https:\/\/mountlaser.com\/wp-content\/uploads\/2025\/11\/L2-3604-150x150.webp 150w, https:\/\/mountlaser.com\/wp-content\/uploads\/2025\/11\/L2-3604-768x768.webp 768w, https:\/\/mountlaser.com\/wp-content\/uploads\/2025\/11\/L2-3604-12x12.webp 12w\" sizes=\"(max-width: 500px) 100vw, 500px\" \/><figcaption id=\"caption-attachment-3663\" class=\"wp-caption-text\">GRZ122<\/figcaption><\/figure>\n<figure id=\"attachment_3669\" aria-describedby=\"caption-attachment-3669\" style=\"width: 500px\" class=\"wp-caption aligncenter\"><img decoding=\"async\" class=\"wp-image-3669\" src=\"https:\/\/mountlaser.com\/wp-content\/uploads\/2025\/11\/L2-360-\u91d1\u5c5e\uff083\uff09.webp\" alt=\"grz122M\" width=\"500\" height=\"500\" srcset=\"https:\/\/mountlaser.com\/wp-content\/uploads\/2025\/11\/L2-360-\u91d1\u5c5e\uff083\uff09.webp 1000w, https:\/\/mountlaser.com\/wp-content\/uploads\/2025\/11\/L2-360-\u91d1\u5c5e\uff083\uff09-300x300.webp 300w, https:\/\/mountlaser.com\/wp-content\/uploads\/2025\/11\/L2-360-\u91d1\u5c5e\uff083\uff09-400x400.webp 400w, https:\/\/mountlaser.com\/wp-content\/uploads\/2025\/11\/L2-360-\u91d1\u5c5e\uff083\uff09-800x800.webp 800w, https:\/\/mountlaser.com\/wp-content\/uploads\/2025\/11\/L2-360-\u91d1\u5c5e\uff083\uff09-600x600.webp 600w, https:\/\/mountlaser.com\/wp-content\/uploads\/2025\/11\/L2-360-\u91d1\u5c5e\uff083\uff09-150x150.webp 150w, https:\/\/mountlaser.com\/wp-content\/uploads\/2025\/11\/L2-360-\u91d1\u5c5e\uff083\uff09-768x768.webp 768w, https:\/\/mountlaser.com\/wp-content\/uploads\/2025\/11\/L2-360-\u91d1\u5c5e\uff083\uff09-12x12.webp 12w\" sizes=\"(max-width: 500px) 100vw, 500px\" \/><figcaption id=\"caption-attachment-3669\" class=\"wp-caption-text\">GRZ122M<\/figcaption><\/figure>\n<p>Ten <a href=\"https:\/\/mountlaser.com\/pl\/contact-us\/\">pryzmat grz122<\/a> zawiera r\u00f3wnie\u017c szybkoz\u0142\u0105czk\u0119 z przyciskiem, umo\u017cliwiaj\u0105c\u0105 sprawny monta\u017c i demonta\u017c z tyczek pryzmatycznych lub adapter\u00f3w spodarek, gwarantuj\u0105c p\u0142ynn\u0105 prac\u0119 podczas ka\u017cdego zadania pomiarowego.<\/p>","protected":false},"excerpt":{"rendered":"<ul>\n<li>Pryzmat odblaskowy 360 stopni z sze\u015bcioma mini pryzmatami zapewniaj\u0105cymi pe\u0142ne pokrycie<\/li>\n<li>GRZ122: Wytrzyma\u0142y korpus z nylonu<\/li>\n<li>GRZ122M: Wzmocniona obudowa metalowa<\/li>\n<li>Szybki przycisk zwalniaj\u0105cy umo\u017cliwiaj\u0105cy \u0142atw\u0105 konfiguracj\u0119 i demonta\u017c<\/li>\n<li>Brak centralnej osi ze stali nierdzewnej zapewnia lekko\u015b\u0107 obs\u0142ugi<\/li>\n<\/ul>","protected":false},"featured_media":3661,"comment_status":"open","ping_status":"closed","template":"","meta":[],"product_brand":[],"product_cat":[72,115],"product_tag":[],"class_list":{"0":"post-3659","1":"product","2":"type-product","3":"status-publish","4":"has-post-thumbnail","6":"product_cat-reflective-target-prism","7":"product_cat-wide-angle-prism","9":"first","10":"instock","11":"shipping-taxable","12":"product-type-simple"},"_links":{"self":[{"href":"https:\/\/mountlaser.com\/pl\/wp-json\/wp\/v2\/product\/3659","targetHints":{"allow":["GET"]}}],"collection":[{"href":"https:\/\/mountlaser.com\/pl\/wp-json\/wp\/v2\/product"}],"about":[{"href":"https:\/\/mountlaser.com\/pl\/wp-json\/wp\/v2\/types\/product"}],"replies":[{"embeddable":true,"href":"https:\/\/mountlaser.com\/pl\/wp-json\/wp\/v2\/comments?post=3659"}],"wp:featuredmedia":[{"embeddable":true,"href":"https:\/\/mountlaser.com\/pl\/wp-json\/wp\/v2\/media\/3661"}],"wp:attachment":[{"href":"https:\/\/mountlaser.com\/pl\/wp-json\/wp\/v2\/media?parent=3659"}],"wp:term":[{"taxonomy":"product_brand","embeddable":true,"href":"https:\/\/mountlaser.com\/pl\/wp-json\/wp\/v2\/product_brand?post=3659"},{"taxonomy":"product_cat","embeddable":true,"href":"https:\/\/mountlaser.com\/pl\/wp-json\/wp\/v2\/product_cat?post=3659"},{"taxonomy":"product_tag","embeddable":true,"href":"https:\/\/mountlaser.com\/pl\/wp-json\/wp\/v2\/product_tag?post=3659"}],"curies":[{"name":"wp","href":"https:\/\/api.w.org\/{rel}","templated":true}]}}