{"id":3642,"date":"2025-11-07T02:11:50","date_gmt":"2025-11-07T02:11:50","guid":{"rendered":"https:\/\/mountlaser.com\/?post_type=product&#038;p=3642"},"modified":"2025-11-27T08:25:46","modified_gmt":"2025-11-27T08:25:46","slug":"swiss-style-360-prism","status":"publish","type":"product","link":"https:\/\/mountlaser.com\/pl\/produkt\/swiss-style-360-prism\/","title":{"rendered":"GRZ4\/ GRZ4M Pryzmat 360\u00b0 w stylu szwajcarskim"},"content":{"rendered":"<p>Ten <a href=\"https:\/\/mountlaser.com\/pl\/\"><strong>Odb\u0142y\u015bnik GRZ4 360\u00b0<\/strong> <\/a>reprezentuje bardzo dok\u0142adny i trwa\u0142y <a href=\"https:\/\/mountlaser.com\/pl\/products\/\"><strong>Pryzmat 360\u00b0 w stylu szwajcarskim<\/strong><\/a> Rozwi\u0105zanie zaprojektowane do zastosowa\u0144 w tachimetrach wymagaj\u0105cych precyzyjnych pomiar\u00f3w we wszystkich kierunkach. Zaprojektowany z my\u015bl\u0105 o profesjonalnych geodetach, reflektor GRZ4 360\u00b0 zapewnia sp\u00f3jne rozpoznawanie cel\u00f3w i efektywne zbieranie danych pod dowolnym k\u0105tem.<\/p>\n<p>Ten pryzmat Swiss Style 360\u00b0 charakteryzuje si\u0119 solidnym, sze\u015bciopryzmatycznym zespo\u0142em, bezszwowo sklejonym, zapewniaj\u0105cym pe\u0142ne pokrycie 360\u00b0. Zapewnia on sta\u0142\u0105 Swiss +23,1 mm, co gwarantuje kompatybilno\u015b\u0107 z instrumentami Swiss Style, i gwarantuje dok\u0142adno\u015b\u0107 centrowania w zakresie \u00b12,0 mm, co gwarantuje niezawodno\u015b\u0107 w terenie.<\/p>\n<p><img fetchpriority=\"high\" decoding=\"async\" class=\"aligncenter wp-image-3653\" src=\"https:\/\/mountlaser.com\/wp-content\/uploads\/2025\/11\/L1-3603.webp\" alt=\"GRZ4 360\u00b0 Reflector\" width=\"500\" height=\"500\" srcset=\"https:\/\/mountlaser.com\/wp-content\/uploads\/2025\/11\/L1-3603.webp 1000w, https:\/\/mountlaser.com\/wp-content\/uploads\/2025\/11\/L1-3603-300x300.webp 300w, https:\/\/mountlaser.com\/wp-content\/uploads\/2025\/11\/L1-3603-400x400.webp 400w, https:\/\/mountlaser.com\/wp-content\/uploads\/2025\/11\/L1-3603-800x800.webp 800w, https:\/\/mountlaser.com\/wp-content\/uploads\/2025\/11\/L1-3603-600x600.webp 600w, https:\/\/mountlaser.com\/wp-content\/uploads\/2025\/11\/L1-3603-150x150.webp 150w, https:\/\/mountlaser.com\/wp-content\/uploads\/2025\/11\/L1-3603-768x768.webp 768w, https:\/\/mountlaser.com\/wp-content\/uploads\/2025\/11\/L1-3603-12x12.webp 12w\" sizes=\"(max-width: 500px) 100vw, 500px\" \/><\/p>\n<p>Reflektor GRZ4 360\u00b0 dost\u0119pny jest w dw\u00f3ch modelach:<\/p>\n<p>GRZ4: Lekka konstrukcja z tworzywa sztucznego wykonana z wytrzyma\u0142ego nylonu<\/p>\n<p>GRZ4M: Wzmocniona metalowa konstrukcja zapewniaj\u0105ca maksymaln\u0105 stabilno\u015b\u0107 i trwa\u0142o\u015b\u0107<\/p>\n<p>Ka\u017cdy <a href=\"https:\/\/mountlaser.com\/pl\/contact-us\/\">Pryzmat 360\u00b0 w stylu szwajcarskim<\/a> Wyposa\u017cony jest w szybkoz\u0142\u0105czk\u0119 z przyciskiem, umo\u017cliwiaj\u0105c\u0105 szybki monta\u017c i demonta\u017c na tyczkach lub adapterach spodarki. Kompaktowa, bezosiowa konstrukcja dodatkowo zwi\u0119ksza mobilno\u015b\u0107 i niezawodno\u015b\u0107 podczas u\u017cytkowania.<\/p>","protected":false},"excerpt":{"rendered":"<ul>\n<li>Pryzmat Swiss Style 360\u00b0 z 6 zintegrowanymi mini pryzmatami zapewniaj\u0105cymi pe\u0142ne pokrycie<\/li>\n<li>Szybki przycisk zwalniaj\u0105cy umo\u017cliwiaj\u0105cy szybki i bezpieczny monta\u017c<\/li>\n<li>Brak centralnej osi ze stali nierdzewnej zapewnia lekk\u0105 i kompaktow\u0105 form\u0119<\/li>\n<\/ul>","protected":false},"featured_media":3646,"comment_status":"open","ping_status":"closed","template":"","meta":[],"product_brand":[],"product_cat":[72,115],"product_tag":[],"class_list":{"0":"post-3642","1":"product","2":"type-product","3":"status-publish","4":"has-post-thumbnail","6":"product_cat-reflective-target-prism","7":"product_cat-wide-angle-prism","9":"first","10":"instock","11":"shipping-taxable","12":"product-type-simple"},"_links":{"self":[{"href":"https:\/\/mountlaser.com\/pl\/wp-json\/wp\/v2\/product\/3642","targetHints":{"allow":["GET"]}}],"collection":[{"href":"https:\/\/mountlaser.com\/pl\/wp-json\/wp\/v2\/product"}],"about":[{"href":"https:\/\/mountlaser.com\/pl\/wp-json\/wp\/v2\/types\/product"}],"replies":[{"embeddable":true,"href":"https:\/\/mountlaser.com\/pl\/wp-json\/wp\/v2\/comments?post=3642"}],"wp:featuredmedia":[{"embeddable":true,"href":"https:\/\/mountlaser.com\/pl\/wp-json\/wp\/v2\/media\/3646"}],"wp:attachment":[{"href":"https:\/\/mountlaser.com\/pl\/wp-json\/wp\/v2\/media?parent=3642"}],"wp:term":[{"taxonomy":"product_brand","embeddable":true,"href":"https:\/\/mountlaser.com\/pl\/wp-json\/wp\/v2\/product_brand?post=3642"},{"taxonomy":"product_cat","embeddable":true,"href":"https:\/\/mountlaser.com\/pl\/wp-json\/wp\/v2\/product_cat?post=3642"},{"taxonomy":"product_tag","embeddable":true,"href":"https:\/\/mountlaser.com\/pl\/wp-json\/wp\/v2\/product_tag?post=3642"}],"curies":[{"name":"wp","href":"https:\/\/api.w.org\/{rel}","templated":true}]}}