{"id":3631,"date":"2025-11-07T01:23:30","date_gmt":"2025-11-07T01:23:30","guid":{"rendered":"https:\/\/mountlaser.com\/?post_type=product&#038;p=3631"},"modified":"2025-11-27T08:58:29","modified_gmt":"2025-11-27T08:58:29","slug":"mg1500sl-top-sliding-prism-with-pole","status":"publish","type":"product","link":"https:\/\/mountlaser.com\/pl\/produkt\/mg1500sl-top-sliding-prism-with-pole\/","title":{"rendered":"MG1500SL G\u00f3rny przesuwny pryzmat z tyczk\u0105"},"content":{"rendered":"<p>Ten <a href=\"https:\/\/mountlaser.com\/pl\/\"><strong>MG-1500SL Mini pryzmat<\/strong><\/a> jest precyzyjnie zaprojektowany <a href=\"https:\/\/mountlaser.com\/pl\/products\/\"><strong>\u017b\u00f3\u0142ty mini pryzmat z tyczk\u0105 do tachimetr\u00f3w<\/strong><\/a>, Zaprojektowany z my\u015bl\u0105 o wysokiej dok\u0142adno\u015bci i wyj\u0105tkowej wytrzyma\u0142o\u015bci dla profesjonalnych geodet\u00f3w. Zaprojektowany z my\u015bl\u0105 o wszechstronno\u015bci w zr\u00f3\u017cnicowanych warunkach terenowych, ten minipryzmat MG-1500SL wyposa\u017cony jest w pryzmat o \u015brednicy 38,1 mm pokryty srebrem, kt\u00f3ry zapewnia doskona\u0142\u0105 refleksyjno\u015b\u0107 i stabilny sygna\u0142 zwrotny nawet na du\u017ce odleg\u0142o\u015bci.<\/p>\n<p>Wyposa\u017cony w regulowany offset 0\/-30 mm, minipryzmat MG-1500SL oferuje elastyczne opcje pomiarowe, odpowiednie zar\u00f3wno do zastosowa\u0144 standardowych, jak i naro\u017cnych. Zawiera adapter naro\u017cny do p\u0142ynnego wyr\u00f3wnywania i pozycjonowania, co czyni go idealnym \u017c\u00f3\u0142tym minipryzmatem z tyczk\u0105 do tachimetr\u00f3w stosowanych w budownictwie, in\u017cynierii i monitoringu.<\/p>\n<p><img fetchpriority=\"high\" decoding=\"async\" class=\"aligncenter wp-image-3636\" src=\"https:\/\/mountlaser.com\/wp-content\/uploads\/2025\/11\/MG-1500SL5.webp\" alt=\"mg-1500sl mini prism\" width=\"500\" height=\"500\" srcset=\"https:\/\/mountlaser.com\/wp-content\/uploads\/2025\/11\/MG-1500SL5.webp 1000w, https:\/\/mountlaser.com\/wp-content\/uploads\/2025\/11\/MG-1500SL5-300x300.webp 300w, https:\/\/mountlaser.com\/wp-content\/uploads\/2025\/11\/MG-1500SL5-400x400.webp 400w, https:\/\/mountlaser.com\/wp-content\/uploads\/2025\/11\/MG-1500SL5-800x800.webp 800w, https:\/\/mountlaser.com\/wp-content\/uploads\/2025\/11\/MG-1500SL5-600x600.webp 600w, https:\/\/mountlaser.com\/wp-content\/uploads\/2025\/11\/MG-1500SL5-150x150.webp 150w, https:\/\/mountlaser.com\/wp-content\/uploads\/2025\/11\/MG-1500SL5-768x768.webp 768w, https:\/\/mountlaser.com\/wp-content\/uploads\/2025\/11\/MG-1500SL5-12x12.webp 12w\" sizes=\"(max-width: 500px) 100vw, 500px\" \/><\/p>\n<p>Minipryzmat MG-1500SL jest r\u00f3wnie\u017c wyposa\u017cony w adapter z dwoma gwintami \u2013 m\u0119skim M6 i \u017ce\u0144skim 5\/8\u2033-11 \u2013 zapewniaj\u0105cy pe\u0142n\u0105 kompatybilno\u015b\u0107 ze standardowymi tyczkami i akcesoriami. Adapter z uchwytem zapewnia wygod\u0119 i kontrol\u0119, a pi\u0119ciocz\u0119\u015bciowy tyczek ze stali nierdzewnej (ka\u017cdy o d\u0142ugo\u015bci 300 mm, z mo\u017cliwo\u015bci\u0105 wyd\u0142u\u017cenia do 1,5 m) gwarantuje zar\u00f3wno mobilno\u015b\u0107, jak i wytrzyma\u0142o\u015b\u0107.<\/p>\n<p>Ten <a href=\"https:\/\/mountlaser.com\/pl\/contact-us\/\">\u017b\u00f3\u0142ty mini pryzmat z tyczk\u0105 do tachimetr\u00f3w<\/a> jest zapakowany w mi\u0119kk\u0105 torb\u0119 ochronn\u0105, co gwarantuje bezpieczny transport i d\u0142ugotrwa\u0142\u0105 wydajno\u015b\u0107 w ka\u017cdym \u015brodowisku pracy.<\/p>","protected":false},"excerpt":{"rendered":"<ul>\n<li>W zestawie adapter naro\u017cny umo\u017cliwiaj\u0105cy \u0142atwe korzystanie z pryzmatu naro\u017cnego<\/li>\n<li>Adapter uchwytu zapewniaj\u0105cy wygodn\u0105 obs\u0142ug\u0119 i konfiguracj\u0119<\/li>\n<li>Wytrzyma\u0142y i przeno\u015bny, dostarczany z mi\u0119kk\u0105 torb\u0105 ochronn\u0105<\/li>\n<\/ul>","protected":false},"featured_media":3632,"comment_status":"open","ping_status":"closed","template":"","meta":[],"product_brand":[],"product_cat":[72,114],"product_tag":[],"class_list":{"0":"post-3631","1":"product","2":"type-product","3":"status-publish","4":"has-post-thumbnail","6":"product_cat-reflective-target-prism","7":"product_cat-mini-prism-with-pole","9":"first","10":"instock","11":"shipping-taxable","12":"product-type-simple"},"_links":{"self":[{"href":"https:\/\/mountlaser.com\/pl\/wp-json\/wp\/v2\/product\/3631","targetHints":{"allow":["GET"]}}],"collection":[{"href":"https:\/\/mountlaser.com\/pl\/wp-json\/wp\/v2\/product"}],"about":[{"href":"https:\/\/mountlaser.com\/pl\/wp-json\/wp\/v2\/types\/product"}],"replies":[{"embeddable":true,"href":"https:\/\/mountlaser.com\/pl\/wp-json\/wp\/v2\/comments?post=3631"}],"wp:featuredmedia":[{"embeddable":true,"href":"https:\/\/mountlaser.com\/pl\/wp-json\/wp\/v2\/media\/3632"}],"wp:attachment":[{"href":"https:\/\/mountlaser.com\/pl\/wp-json\/wp\/v2\/media?parent=3631"}],"wp:term":[{"taxonomy":"product_brand","embeddable":true,"href":"https:\/\/mountlaser.com\/pl\/wp-json\/wp\/v2\/product_brand?post=3631"},{"taxonomy":"product_cat","embeddable":true,"href":"https:\/\/mountlaser.com\/pl\/wp-json\/wp\/v2\/product_cat?post=3631"},{"taxonomy":"product_tag","embeddable":true,"href":"https:\/\/mountlaser.com\/pl\/wp-json\/wp\/v2\/product_tag?post=3631"}],"curies":[{"name":"wp","href":"https:\/\/api.w.org\/{rel}","templated":true}]}}