{"id":3621,"date":"2025-11-06T09:29:18","date_gmt":"2025-11-06T09:29:18","guid":{"rendered":"https:\/\/mountlaser.com\/?post_type=product&#038;p=3621"},"modified":"2025-11-27T09:09:35","modified_gmt":"2025-11-27T09:09:35","slug":"m1500-top-sliding-prism-with-pole","status":"publish","type":"product","link":"https:\/\/mountlaser.com\/pl\/produkt\/m1500-top-sliding-prism-with-pole\/","title":{"rendered":"M1500 G\u00f3rny przesuwny pryzmat z tyczk\u0105"},"content":{"rendered":"<p>Ten <a href=\"https:\/\/mountlaser.com\/pl\/\"><strong>M1500 G\u00f3rny przesuwny pryzmat z tyczk\u0105<\/strong><\/a> to wysokiej jako\u015bci przesuwny pryzmat z tyczk\u0105, zaprojektowany z my\u015bl\u0105 o wyj\u0105tkowej precyzji, niezawodno\u015bci i wszechstronno\u015bci w wymagaj\u0105cych zastosowaniach geodezyjnych. Zaprojektowany dla profesjonalist\u00f3w wymagaj\u0105cych sta\u0142ej dok\u0142adno\u015bci, pryzmat M1500 Top Sliding Prism With Tyczka posiada pryzmat o \u015brednicy 38,1 mm z wysokiej jako\u015bci pow\u0142ok\u0105 srebrn\u0105, kt\u00f3ra zapewnia doskona\u0142y wsp\u00f3\u0142czynnik odbicia i precyzyjny sygna\u0142 zwrotny nawet w trudnych warunkach terenowych.<\/p>\n<p>Zaprojektowany z my\u015bl\u0105 o wszechstronno\u015bci, ten <a href=\"https:\/\/mountlaser.com\/pl\/about-us\/\"><strong>wysokowydajny pryzmat przesuwny z tyczk\u0105<\/strong><\/a> Zawiera adapter naro\u017cny, dzi\u0119ki czemu mo\u017ce pe\u0142ni\u0107 funkcj\u0119 zar\u00f3wno pryzmatu standardowego, jak i naro\u017cnego. Dzi\u0119ki przesuni\u0119ciu pryzmatu 0 mm gwarantuje precyzyjne pomiary do cel\u00f3w monitorowania, osiowania i geodezji budowlanej.<\/p>\n<p><img fetchpriority=\"high\" decoding=\"async\" class=\"aligncenter wp-image-3622\" src=\"https:\/\/mountlaser.com\/wp-content\/uploads\/2025\/11\/M-15001.webp\" alt=\"M1500 Top Sliding Prism With Pole\" width=\"500\" height=\"500\" srcset=\"https:\/\/mountlaser.com\/wp-content\/uploads\/2025\/11\/M-15001.webp 1000w, https:\/\/mountlaser.com\/wp-content\/uploads\/2025\/11\/M-15001-300x300.webp 300w, https:\/\/mountlaser.com\/wp-content\/uploads\/2025\/11\/M-15001-400x400.webp 400w, https:\/\/mountlaser.com\/wp-content\/uploads\/2025\/11\/M-15001-800x800.webp 800w, https:\/\/mountlaser.com\/wp-content\/uploads\/2025\/11\/M-15001-600x600.webp 600w, https:\/\/mountlaser.com\/wp-content\/uploads\/2025\/11\/M-15001-150x150.webp 150w, https:\/\/mountlaser.com\/wp-content\/uploads\/2025\/11\/M-15001-768x768.webp 768w, https:\/\/mountlaser.com\/wp-content\/uploads\/2025\/11\/M-15001-12x12.webp 12w\" sizes=\"(max-width: 500px) 100vw, 500px\" \/><\/p>\n<p>Ten <a href=\"https:\/\/mountlaser.com\/pl\/contact-us\/\">M1500 G\u00f3rny przesuwny pryzmat z tyczk\u0105<\/a> Oferuje dwie opcje blokowania \u2014 model M1500MP z niezawodnym mechanizmem blokowania \u015brubowego oraz model M1500GP z podw\u00f3jnym systemem blokowania, zapewniaj\u0105cym lepsz\u0105 stabilno\u015b\u0107 podczas d\u0142ugotrwa\u0142ego u\u017cytkowania. Stalowy s\u0142upek (gwint M6, \u00d89 mm) rozci\u0105ga si\u0119 na pi\u0119\u0107 300-milimetrowych odcink\u00f3w, si\u0119gaj\u0105c do 1,5 metra (model SSP093005), zapewniaj\u0105c trwa\u0142e wsparcie w r\u00f3\u017cnych warunkach terenowych.<\/p>\n<p>Ten wydajny pryzmat przesuwny z tyczk\u0105, zapakowany w mi\u0119kk\u0105 torb\u0119 ochronn\u0105, \u0142\u0105czy w sobie przeno\u015bno\u015b\u0107, precyzj\u0119 i d\u0142ugotrwa\u0142\u0105 wytrzyma\u0142o\u015b\u0107 \u2014 dzi\u0119ki czemu sta\u0142 si\u0119 zaufanym wyborem geodet\u00f3w na ca\u0142ym \u015bwiecie.<\/p>","protected":false},"excerpt":{"rendered":"<ul>\n<li>Adapter naro\u017cny umo\u017cliwia elastyczne zastosowanie jako standardowy lub naro\u017cny pryzmat<\/li>\n<li>Dwie opcje blokady: blokada \u015brubowa (M1500MP) lub podw\u00f3jna blokada (M1500GP) zapewniaj\u0105ca dodatkow\u0105 stabilno\u015b\u0107<\/li>\n<li>Wytrzyma\u0142y s\u0142upek ze stali nierdzewnej<\/li>\n<li>W zestawie mi\u0119kka torba transportowa zapewniaj\u0105ca \u0142atwy transport i ochron\u0119<\/li>\n<\/ul>","protected":false},"featured_media":3622,"comment_status":"open","ping_status":"closed","template":"","meta":[],"product_brand":[],"product_cat":[72,114],"product_tag":[],"class_list":{"0":"post-3621","1":"product","2":"type-product","3":"status-publish","4":"has-post-thumbnail","6":"product_cat-reflective-target-prism","7":"product_cat-mini-prism-with-pole","9":"first","10":"instock","11":"shipping-taxable","12":"product-type-simple"},"_links":{"self":[{"href":"https:\/\/mountlaser.com\/pl\/wp-json\/wp\/v2\/product\/3621","targetHints":{"allow":["GET"]}}],"collection":[{"href":"https:\/\/mountlaser.com\/pl\/wp-json\/wp\/v2\/product"}],"about":[{"href":"https:\/\/mountlaser.com\/pl\/wp-json\/wp\/v2\/types\/product"}],"replies":[{"embeddable":true,"href":"https:\/\/mountlaser.com\/pl\/wp-json\/wp\/v2\/comments?post=3621"}],"wp:featuredmedia":[{"embeddable":true,"href":"https:\/\/mountlaser.com\/pl\/wp-json\/wp\/v2\/media\/3622"}],"wp:attachment":[{"href":"https:\/\/mountlaser.com\/pl\/wp-json\/wp\/v2\/media?parent=3621"}],"wp:term":[{"taxonomy":"product_brand","embeddable":true,"href":"https:\/\/mountlaser.com\/pl\/wp-json\/wp\/v2\/product_brand?post=3621"},{"taxonomy":"product_cat","embeddable":true,"href":"https:\/\/mountlaser.com\/pl\/wp-json\/wp\/v2\/product_cat?post=3621"},{"taxonomy":"product_tag","embeddable":true,"href":"https:\/\/mountlaser.com\/pl\/wp-json\/wp\/v2\/product_tag?post=3621"}],"curies":[{"name":"wp","href":"https:\/\/api.w.org\/{rel}","templated":true}]}}