{"id":3612,"date":"2025-11-06T09:22:08","date_gmt":"2025-11-06T09:22:08","guid":{"rendered":"https:\/\/mountlaser.com\/?post_type=product&#038;p=3612"},"modified":"2025-11-28T00:41:07","modified_gmt":"2025-11-28T00:41:07","slug":"cls039-aluminum-mini-prism-pole","status":"publish","type":"product","link":"https:\/\/mountlaser.com\/pl\/produkt\/cls039-aluminum-mini-prism-pole\/","title":{"rendered":"CLS039 Aluminiowy miniaturowy dr\u0105\u017cek pryzmatyczny"},"content":{"rendered":"<p>Ten <a href=\"https:\/\/mountlaser.com\/pl\/\"><strong>CLS039 Aluminiowy miniaturowy dr\u0105\u017cek pryzmatyczny<\/strong><\/a> jest specjalistycznym, wysoce precyzyjnym narz\u0119dziem zaprojektowanym dla geodet\u00f3w, kt\u00f3rzy wymagaj\u0105 wyj\u0105tkowej dok\u0142adno\u015bci i wydajno\u015bci podczas tyczenia.<\/p>\n<p>Znany jako<a href=\"https:\/\/mountlaser.com\/pl\/products\/\"><strong> CLS039 Miniaturowy pryzmat tycz\u0105cy<\/strong><\/a>, Ten model zosta\u0142 zaprojektowany z kompaktow\u0105 wysoko\u015bci\u0105 39 cm, co czyni go wyj\u0105tkowo przeno\u015bnym i idealnym do pracy w ograniczonej przestrzeni. Jego solidna aluminiowa konstrukcja o \u015brednicy 32 mm zapewnia niezb\u0119dn\u0105 stabilno\u015b\u0107 dla wiarygodnych pomiar\u00f3w.<\/p>\n<p><img fetchpriority=\"high\" decoding=\"async\" class=\"aligncenter wp-image-3614\" src=\"https:\/\/mountlaser.com\/wp-content\/uploads\/2025\/11\/CLS039-2.webp\" alt=\"CLS039 Mini Stakeout Prism Pole\" width=\"500\" height=\"500\" srcset=\"https:\/\/mountlaser.com\/wp-content\/uploads\/2025\/11\/CLS039-2.webp 1000w, https:\/\/mountlaser.com\/wp-content\/uploads\/2025\/11\/CLS039-2-300x300.webp 300w, https:\/\/mountlaser.com\/wp-content\/uploads\/2025\/11\/CLS039-2-400x400.webp 400w, https:\/\/mountlaser.com\/wp-content\/uploads\/2025\/11\/CLS039-2-800x800.webp 800w, https:\/\/mountlaser.com\/wp-content\/uploads\/2025\/11\/CLS039-2-600x600.webp 600w, https:\/\/mountlaser.com\/wp-content\/uploads\/2025\/11\/CLS039-2-150x150.webp 150w, https:\/\/mountlaser.com\/wp-content\/uploads\/2025\/11\/CLS039-2-768x768.webp 768w, https:\/\/mountlaser.com\/wp-content\/uploads\/2025\/11\/CLS039-2-12x12.webp 12w\" sizes=\"(max-width: 500px) 100vw, 500px\" \/><br \/>\nTen <a href=\"https:\/\/mountlaser.com\/pl\/contact-us\/\">CLS039 Miniaturowy pryzmat tycz\u0105cy<\/a> wyposa\u017cony jest w zintegrowan\u0105 aluminiow\u0105 podstaw\u0119 b\u0105belkow\u0105 i wygodn\u0105 torb\u0119 transportow\u0105, staj\u0105c si\u0119 rozwi\u0105zaniem idealnym do szybkich i precyzyjnych prac rozmieszczania element\u00f3w na ka\u017cdym placu budowy.<\/p>","protected":false},"excerpt":{"rendered":"<ul>\n<li>W zestawie znajduje si\u0119 mi\u0119kka torba transportowa, dzi\u0119ki kt\u00f3rej transport i przechowywanie s\u0105 wygodne i bezpieczne<\/li>\n<li>umo\u017cliwiaj\u0105c \u0142atw\u0105 mobilno\u015b\u0107 pomi\u0119dzy r\u00f3\u017cnymi punktami pomiarowymi.<\/li>\n<li>Wysoko\u015b\u0107 urz\u0105dzenia wynosi 39 cm, a wysoko\u015b\u0107 osi pryzmatu 49 cm, dzi\u0119ki czemu idealnie nadaje si\u0119 do wydajnego i dok\u0142adnego tyczenia.<\/li>\n<\/ul>","protected":false},"featured_media":3613,"comment_status":"open","ping_status":"closed","template":"","meta":[],"product_brand":[],"product_cat":[116,89],"product_tag":[],"class_list":{"0":"post-3612","1":"product","2":"type-product","3":"status-publish","4":"has-post-thumbnail","6":"product_cat-aluminum-mini-prism-pole","7":"product_cat-surveying-pole-rod","9":"first","10":"instock","11":"shipping-taxable","12":"product-type-simple"},"_links":{"self":[{"href":"https:\/\/mountlaser.com\/pl\/wp-json\/wp\/v2\/product\/3612","targetHints":{"allow":["GET"]}}],"collection":[{"href":"https:\/\/mountlaser.com\/pl\/wp-json\/wp\/v2\/product"}],"about":[{"href":"https:\/\/mountlaser.com\/pl\/wp-json\/wp\/v2\/types\/product"}],"replies":[{"embeddable":true,"href":"https:\/\/mountlaser.com\/pl\/wp-json\/wp\/v2\/comments?post=3612"}],"wp:featuredmedia":[{"embeddable":true,"href":"https:\/\/mountlaser.com\/pl\/wp-json\/wp\/v2\/media\/3613"}],"wp:attachment":[{"href":"https:\/\/mountlaser.com\/pl\/wp-json\/wp\/v2\/media?parent=3612"}],"wp:term":[{"taxonomy":"product_brand","embeddable":true,"href":"https:\/\/mountlaser.com\/pl\/wp-json\/wp\/v2\/product_brand?post=3612"},{"taxonomy":"product_cat","embeddable":true,"href":"https:\/\/mountlaser.com\/pl\/wp-json\/wp\/v2\/product_cat?post=3612"},{"taxonomy":"product_tag","embeddable":true,"href":"https:\/\/mountlaser.com\/pl\/wp-json\/wp\/v2\/product_tag?post=3612"}],"curies":[{"name":"wp","href":"https:\/\/api.w.org\/{rel}","templated":true}]}}