{"id":3595,"date":"2025-11-06T08:57:54","date_gmt":"2025-11-06T08:57:54","guid":{"rendered":"https:\/\/mountlaser.com\/?post_type=product&#038;p=3595"},"modified":"2025-11-28T00:48:29","modified_gmt":"2025-11-28T00:48:29","slug":"cls-series-aluminum-mini-prism-pole","status":"publish","type":"product","link":"https:\/\/mountlaser.com\/pl\/produkt\/cls-series-aluminum-mini-prism-pole\/","title":{"rendered":"Miniaturowy aluminiowy dr\u0105\u017cek pryzmatyczny serii CLS"},"content":{"rendered":"<p>Ten <a href=\"https:\/\/mountlaser.com\/pl\/\"><strong>Miniaturowy aluminiowy dr\u0105\u017cek pryzmatyczny serii CLS<\/strong><\/a> zosta\u0142 zaprojektowany tak, aby sprosta\u0107 rygorystycznym wymaganiom nowoczesnego geodezji, oferuj\u0105c idealn\u0105 r\u00f3wnowag\u0119 mi\u0119dzy stabilno\u015bci\u0105 i przeno\u015bno\u015bci\u0105.<\/p>\n<p>Zaprojektowana specjalnie jako wysokowydajna mini tyczka pryzmatyczna do system\u00f3w tachimetrycznych, zapewnia precyzyjne zbieranie danych w r\u00f3\u017cnorodnych projektach. Ta solidna mini tyczka pryzmatyczna o \u015brednicy zewn\u0119trznej 32 mm zapewnia zwi\u0119kszon\u0105 sztywno\u015b\u0107 i doskona\u0142\u0105 dok\u0142adno\u015b\u0107 w terenie. Zbudowana z wytrzyma\u0142ej aluminiowej podstawy b\u0105belkowej i dostarczana z ochronn\u0105 torb\u0105 transportow\u0105, seria CLS to idealne rozwi\u0105zanie. <a href=\"https:\/\/mountlaser.com\/pl\/products\/\"><strong>Miniaturowy tyczka pryzmatyczna do tachimetru<\/strong><\/a> konfiguracje.<\/p>\n<p>Konstrukcja o \u015brednicy zewn\u0119trznej 32 mm (OD32mm) zapewnia wi\u0119ksz\u0105 integralno\u015b\u0107 strukturaln\u0105, minimalizuj\u0105c wyginanie i gwarantuj\u0105c dok\u0142adno\u015b\u0107 pomiar\u00f3w.<\/p>\n<p><strong>Specyfikacja aluminiowego miniaturowego tyczki pryzmatycznej serii CLS<\/strong><\/p>\n<table style=\"border-collapse: collapse; width: 741.77pt;\" border=\"0\" width=\"989\" cellspacing=\"0\" cellpadding=\"0\">\n<tbody>\n<tr style=\"height: 14.25pt;\">\n<td class=\"et2\" style=\"height: 14.25pt; width: 142.50pt;\" width=\"190\" height=\"19\">NUMER<\/td>\n<td class=\"et2\" style=\"width: 127.50pt;\" width=\"170\">TWORZYWO<\/td>\n<td class=\"et2\" style=\"width: 126.00pt;\" width=\"168\">WZROST FIZYCZNY<\/td>\n<td class=\"et2\" style=\"width: 135.00pt;\" width=\"180\">WYSOKO\u015a\u0106 OSI PRYZMATU<\/td>\n<td class=\"et2\" style=\"width: 124.50pt;\" width=\"166\">\u015aREDNICA<\/td>\n<td style=\"width: 86.25pt;\" width=\"115\">zdj\u0119cie<\/td>\n<\/tr>\n<tr style=\"height: 14.25pt;\">\n<td class=\"et2\" style=\"height: 14.25pt;\" height=\"19\">CLS012<\/td>\n<td class=\"et3\">Aluminium<\/td>\n<td class=\"et3\">12 cm<\/td>\n<td class=\"et3\">22 cm<\/td>\n<td class=\"et3\">32 mm<\/td>\n<td><img fetchpriority=\"high\" decoding=\"async\" class=\"alignnone wp-image-3598 size-medium\" src=\"https:\/\/mountlaser.com\/wp-content\/uploads\/2025\/11\/CLS012-2-300x300.webp\" alt=\"Mini Prism Pole for Total Station\" width=\"300\" height=\"300\" srcset=\"https:\/\/mountlaser.com\/wp-content\/uploads\/2025\/11\/CLS012-2-300x300.webp 300w, https:\/\/mountlaser.com\/wp-content\/uploads\/2025\/11\/CLS012-2-400x400.webp 400w, https:\/\/mountlaser.com\/wp-content\/uploads\/2025\/11\/CLS012-2-800x800.webp 800w, https:\/\/mountlaser.com\/wp-content\/uploads\/2025\/11\/CLS012-2-600x600.webp 600w, https:\/\/mountlaser.com\/wp-content\/uploads\/2025\/11\/CLS012-2-150x150.webp 150w, https:\/\/mountlaser.com\/wp-content\/uploads\/2025\/11\/CLS012-2-768x768.webp 768w, https:\/\/mountlaser.com\/wp-content\/uploads\/2025\/11\/CLS012-2-12x12.webp 12w, https:\/\/mountlaser.com\/wp-content\/uploads\/2025\/11\/CLS012-2.webp 1000w\" sizes=\"(max-width: 300px) 100vw, 300px\" \/><\/td>\n<\/tr>\n<tr style=\"height: 14.25pt;\">\n<td class=\"et2\" style=\"height: 14.25pt;\" height=\"19\">CLS013<\/td>\n<td class=\"et3\">Aluminium<\/td>\n<td class=\"et3\">11,4 cm<\/td>\n<td class=\"et3\">15 cm<\/td>\n<td class=\"et3\">32 mm<\/td>\n<td><img decoding=\"async\" class=\"alignnone wp-image-3605 size-medium\" src=\"https:\/\/mountlaser.com\/wp-content\/uploads\/2025\/11\/CLS013-3-300x300.webp\" alt=\"Mini Prism Pole for Total Station\" width=\"300\" height=\"300\" srcset=\"https:\/\/mountlaser.com\/wp-content\/uploads\/2025\/11\/CLS013-3-300x300.webp 300w, https:\/\/mountlaser.com\/wp-content\/uploads\/2025\/11\/CLS013-3-400x400.webp 400w, https:\/\/mountlaser.com\/wp-content\/uploads\/2025\/11\/CLS013-3-800x800.webp 800w, https:\/\/mountlaser.com\/wp-content\/uploads\/2025\/11\/CLS013-3-600x600.webp 600w, https:\/\/mountlaser.com\/wp-content\/uploads\/2025\/11\/CLS013-3-150x150.webp 150w, https:\/\/mountlaser.com\/wp-content\/uploads\/2025\/11\/CLS013-3-768x768.webp 768w, https:\/\/mountlaser.com\/wp-content\/uploads\/2025\/11\/CLS013-3-12x12.webp 12w, https:\/\/mountlaser.com\/wp-content\/uploads\/2025\/11\/CLS013-3.webp 1000w\" sizes=\"(max-width: 300px) 100vw, 300px\" \/><\/td>\n<\/tr>\n<\/tbody>\n<\/table>","protected":false},"excerpt":{"rendered":"<ul>\n<li>W zestawie znajduje si\u0119 mi\u0119kka torba transportowa zapewniaj\u0105ca wygodny i bezpieczny transport, dzi\u0119ki kt\u00f3rej to niezb\u0119dne narz\u0119dzie mo\u017cna \u0142atwo zabra\u0107 na ka\u017cde miejsce pracy.<\/li>\n<li>Zaprojektowany do bezproblemowego dzia\u0142ania jako miniaturowy dr\u0105\u017cek pryzmatyczny do system\u00f3w tachimetrycznych<\/li>\n<li>zapewniaj\u0105c stabiln\u0105 platform\u0119 dla pryzmat\u00f3w w r\u00f3\u017cnych zastosowaniach geodezyjnych.<\/li>\n<\/ul>","protected":false},"featured_media":3604,"comment_status":"open","ping_status":"closed","template":"","meta":[],"product_brand":[],"product_cat":[89,116],"product_tag":[],"class_list":{"0":"post-3595","1":"product","2":"type-product","3":"status-publish","4":"has-post-thumbnail","6":"product_cat-surveying-pole-rod","7":"product_cat-aluminum-mini-prism-pole","9":"first","10":"instock","11":"shipping-taxable","12":"product-type-simple"},"_links":{"self":[{"href":"https:\/\/mountlaser.com\/pl\/wp-json\/wp\/v2\/product\/3595","targetHints":{"allow":["GET"]}}],"collection":[{"href":"https:\/\/mountlaser.com\/pl\/wp-json\/wp\/v2\/product"}],"about":[{"href":"https:\/\/mountlaser.com\/pl\/wp-json\/wp\/v2\/types\/product"}],"replies":[{"embeddable":true,"href":"https:\/\/mountlaser.com\/pl\/wp-json\/wp\/v2\/comments?post=3595"}],"wp:featuredmedia":[{"embeddable":true,"href":"https:\/\/mountlaser.com\/pl\/wp-json\/wp\/v2\/media\/3604"}],"wp:attachment":[{"href":"https:\/\/mountlaser.com\/pl\/wp-json\/wp\/v2\/media?parent=3595"}],"wp:term":[{"taxonomy":"product_brand","embeddable":true,"href":"https:\/\/mountlaser.com\/pl\/wp-json\/wp\/v2\/product_brand?post=3595"},{"taxonomy":"product_cat","embeddable":true,"href":"https:\/\/mountlaser.com\/pl\/wp-json\/wp\/v2\/product_cat?post=3595"},{"taxonomy":"product_tag","embeddable":true,"href":"https:\/\/mountlaser.com\/pl\/wp-json\/wp\/v2\/product_tag?post=3595"}],"curies":[{"name":"wp","href":"https:\/\/api.w.org\/{rel}","templated":true}]}}