{"id":3594,"date":"2025-11-06T09:04:53","date_gmt":"2025-11-06T09:04:53","guid":{"rendered":"https:\/\/mountlaser.com\/?post_type=product&#038;p=3594"},"modified":"2025-11-28T00:43:32","modified_gmt":"2025-11-28T00:43:32","slug":"mp1000spt-sliding-prism-with-pole","status":"publish","type":"product","link":"https:\/\/mountlaser.com\/pl\/produkt\/mp1000spt-sliding-prism-with-pole\/","title":{"rendered":"Pryzmat przesuwny MP1000SPT z tyczk\u0105"},"content":{"rendered":"<p>Ten <a href=\"https:\/\/mountlaser.com\/pl\/\"><strong>Pryzmat przesuwny MP1000SPT z tyczk\u0105<\/strong><\/a> to precyzyjnie zaprojektowany, przesuwny pryzmat z pow\u0142ok\u0105 srebrn\u0105 i tyczk\u0105, zaprojektowany z my\u015bl\u0105 o wyj\u0105tkowej dok\u0142adno\u015bci, trwa\u0142o\u015bci i elastyczno\u015bci w zastosowaniach geodezyjnych i monitoruj\u0105cych. Zaprojektowany do profesjonalnego u\u017cytku w terenie, pryzmat MP1000SPT z tyczk\u0105 oferuje p\u0142ynn\u0105 regulacj\u0119, stabilne pozycjonowanie i doskona\u0142y wsp\u00f3\u0142czynnik odbicia, co gwarantuje sta\u0142\u0105 wydajno\u015b\u0107 pomiaru dalekiego zasi\u0119gu.<\/p>\n<p>Ten <a href=\"https:\/\/mountlaser.com\/pl\/products\/\"><strong>pryzmat przesuwny z pow\u0142ok\u0105 srebrn\u0105 i biegunem<\/strong><\/a> Posiada pryzmat o \u015brednicy 25,4 mm z pow\u0142ok\u0105 srebrn\u0105 o wysokim wsp\u00f3\u0142czynniku odbicia, co zapewnia optymalny sygna\u0142 zwrotny i dok\u0142adno\u015b\u0107 pomiaru. Jego wielofunkcyjna konstrukcja pozwala na u\u017cywanie go jako pryzmatu standardowego lub naro\u017cnego, dzi\u0119ki czemu idealnie sprawdza si\u0119 w r\u00f3\u017cnych warunkach terenowych.<\/p>\n<p><img fetchpriority=\"high\" decoding=\"async\" class=\"aligncenter wp-image-3603\" src=\"https:\/\/mountlaser.com\/wp-content\/uploads\/2025\/11\/MG-1000SPT5.webp\" alt=\"MP1000SPT Sliding Prism with Pole\" width=\"500\" height=\"500\" srcset=\"https:\/\/mountlaser.com\/wp-content\/uploads\/2025\/11\/MG-1000SPT5.webp 1000w, https:\/\/mountlaser.com\/wp-content\/uploads\/2025\/11\/MG-1000SPT5-300x300.webp 300w, https:\/\/mountlaser.com\/wp-content\/uploads\/2025\/11\/MG-1000SPT5-400x400.webp 400w, https:\/\/mountlaser.com\/wp-content\/uploads\/2025\/11\/MG-1000SPT5-800x800.webp 800w, https:\/\/mountlaser.com\/wp-content\/uploads\/2025\/11\/MG-1000SPT5-600x600.webp 600w, https:\/\/mountlaser.com\/wp-content\/uploads\/2025\/11\/MG-1000SPT5-150x150.webp 150w, https:\/\/mountlaser.com\/wp-content\/uploads\/2025\/11\/MG-1000SPT5-768x768.webp 768w, https:\/\/mountlaser.com\/wp-content\/uploads\/2025\/11\/MG-1000SPT5-12x12.webp 12w\" sizes=\"(max-width: 500px) 100vw, 500px\" \/><\/p>\n<p>Ten<a href=\"https:\/\/mountlaser.com\/pl\/about-us\/\"> Pryzmat przesuwny MP1000SPT z tyczk\u0105<\/a> Zawiera przycisk szybkiego zwalniania umo\u017cliwiaj\u0105cy \u0142atw\u0105 regulacj\u0119 przesuwu oraz g\u0142owic\u0119 pryzmatyczn\u0105 obracan\u0105 o 180\u00b0, co zapewnia precyzyjne celowanie. Do\u0142\u0105czony stalowy pr\u0119t z bolcami (gwint M6, \u015brednica zewn\u0119trzna 9 mm) rozci\u0105ga si\u0119 na pi\u0119\u0107 300-milimetrowych odcink\u00f3w, osi\u0105gaj\u0105c \u0142\u0105czn\u0105 wysoko\u015b\u0107 1,5 metra (model SSP093005) \u2014 idealny do stabilnych, gotowych do pracy w terenie konfiguracji.<\/p>\n<p>Zapakowany w mi\u0119kk\u0105 torb\u0119 ochronn\u0105, pokryty srebrem, przesuwny pryzmat z tyczk\u0105 jest kompletnym, przeno\u015bnym rozwi\u0105zaniem dla nowoczesnych geodet\u00f3w.<\/p>","protected":false},"excerpt":{"rendered":"<ul>\n<li>Mo\u017cliwo\u015b\u0107 obrotu do 180\u00b0 w celu zapewnienia elastycznego wyr\u00f3wnywania i zastosowa\u0144 w naro\u017cnikach<\/li>\n<li>Szybkoz\u0142\u0105czny mechanizm przesuwny umo\u017cliwiaj\u0105cy \u0142atw\u0105 regulacj\u0119 i bezpieczne pozycjonowanie<\/li>\n<li>Wytrzyma\u0142y s\u0142upek ze stali nierdzewnej zapewniaj\u0105cy stabilno\u015b\u0107<\/li>\n<li>Mi\u0119kka, ochronna torba transportowa do transportu i ochrony<\/li>\n<\/ul>","protected":false},"featured_media":3597,"comment_status":"open","ping_status":"closed","template":"","meta":[],"product_brand":[],"product_cat":[72,114],"product_tag":[],"class_list":{"0":"post-3594","1":"product","2":"type-product","3":"status-publish","4":"has-post-thumbnail","6":"product_cat-reflective-target-prism","7":"product_cat-mini-prism-with-pole","9":"first","10":"instock","11":"shipping-taxable","12":"product-type-simple"},"_links":{"self":[{"href":"https:\/\/mountlaser.com\/pl\/wp-json\/wp\/v2\/product\/3594","targetHints":{"allow":["GET"]}}],"collection":[{"href":"https:\/\/mountlaser.com\/pl\/wp-json\/wp\/v2\/product"}],"about":[{"href":"https:\/\/mountlaser.com\/pl\/wp-json\/wp\/v2\/types\/product"}],"replies":[{"embeddable":true,"href":"https:\/\/mountlaser.com\/pl\/wp-json\/wp\/v2\/comments?post=3594"}],"wp:featuredmedia":[{"embeddable":true,"href":"https:\/\/mountlaser.com\/pl\/wp-json\/wp\/v2\/media\/3597"}],"wp:attachment":[{"href":"https:\/\/mountlaser.com\/pl\/wp-json\/wp\/v2\/media?parent=3594"}],"wp:term":[{"taxonomy":"product_brand","embeddable":true,"href":"https:\/\/mountlaser.com\/pl\/wp-json\/wp\/v2\/product_brand?post=3594"},{"taxonomy":"product_cat","embeddable":true,"href":"https:\/\/mountlaser.com\/pl\/wp-json\/wp\/v2\/product_cat?post=3594"},{"taxonomy":"product_tag","embeddable":true,"href":"https:\/\/mountlaser.com\/pl\/wp-json\/wp\/v2\/product_tag?post=3594"}],"curies":[{"name":"wp","href":"https:\/\/api.w.org\/{rel}","templated":true}]}}