{"id":3584,"date":"2025-11-06T08:26:22","date_gmt":"2025-11-06T08:26:22","guid":{"rendered":"https:\/\/mountlaser.com\/?post_type=product&#038;p=3584"},"modified":"2025-11-28T01:05:48","modified_gmt":"2025-11-28T01:05:48","slug":"dz-b-series-aluminum-mini-prism-pole","status":"publish","type":"product","link":"https:\/\/mountlaser.com\/pl\/produkt\/dz-b-series-aluminum-mini-prism-pole\/","title":{"rendered":"Miniaturowy aluminiowy dr\u0105\u017cek pryzmatyczny serii DZ-B"},"content":{"rendered":"<p>Ten <a href=\"https:\/\/mountlaser.com\/pl\/\"><strong>Miniaturowy aluminiowy dr\u0105\u017cek pryzmatyczny serii DZ-B<\/strong><\/a> reprezentuje idealne po\u0142\u0105czenie precyzyjnej in\u017cynierii i wytrzyma\u0142o\u015bci niezb\u0119dnej w terenie, zaprojektowane specjalnie dla geodet\u00f3w, kt\u00f3rzy nie chc\u0105 i\u015b\u0107 na kompromis w kwestii dok\u0142adno\u015bci ani mobilno\u015bci.<\/p>\n<p>Ten wyj\u0105tkowy, r\u0119czny aluminiowy miniaturowy dr\u0105\u017cek do pomiaru pryzmat\u00f3w stanowi stabiln\u0105 i niezawodn\u0105 platform\u0119 do monta\u017cu pryzmat\u00f3w, gwarantuj\u0105c sp\u00f3jn\u0105 prac\u0119 z tachimetrami w r\u00f3\u017cnych zastosowaniach geodezyjnych.<\/p>\n<p>Zaprojektowany z zewn\u0119trzn\u0105 \u015brednic\u0105 25 mm i wykonany z najwy\u017cszej jako\u015bci stopu aluminium, ten <a href=\"https:\/\/mountlaser.com\/pl\/products\/\"><strong>R\u0119czny aluminiowy miniaturowy dr\u0105\u017cek pryzmatyczny<\/strong><\/a> zapewnia idealn\u0105 r\u00f3wnowag\u0119 mi\u0119dzy integralno\u015bci\u0105 konstrukcji a lekko\u015bci\u0105 i zwrotno\u015bci\u0105.<br \/>\nWyposa\u017cony w solidn\u0105 aluminiow\u0105 podstaw\u0119 (dost\u0119pn\u0105 w kolorze czarnym) umo\u017cliwiaj\u0105c\u0105 szybkie i dok\u0142adne poziomowanie, gwarantuj\u0105c\u0105 precyzj\u0119 pomiar\u00f3w w r\u00f3\u017cnych warunkach terenowych.<br \/>\nco czyni go idealnym wyborem dla geodet\u00f3w pracuj\u0105cych w ciasnych przestrzeniach lub szybko przemieszczaj\u0105cych si\u0119 mi\u0119dzy punktami pomiarowymi.<\/p>\n<p><strong><a href=\"https:\/\/mountlaser.com\/pl\/contact-us\/\">Miniaturowy aluminiowy dr\u0105\u017cek pryzmatyczny serii DZ-B<\/a> Specyfikacje<\/strong><\/p>\n<table style=\"border-collapse: collapse; width: 741.77pt;\" border=\"0\" width=\"989\" cellspacing=\"0\" cellpadding=\"0\">\n<tbody>\n<tr style=\"height: 14.25pt;\">\n<td class=\"et2\" style=\"height: 14.25pt; width: 142.50pt;\" width=\"190\" height=\"19\">NUMER<\/td>\n<td class=\"et2\" style=\"width: 127.50pt;\" width=\"170\">TWORZYWO<\/td>\n<td class=\"et2\" style=\"width: 126.00pt;\" width=\"168\">WZROST FIZYCZNY<\/td>\n<td class=\"et2\" style=\"width: 135.00pt;\" width=\"180\">WYSOKO\u015a\u0106 OSI PRYZMATU<\/td>\n<td class=\"et2\" style=\"width: 124.50pt;\" width=\"166\">\u015aREDNICA<\/td>\n<td style=\"width: 86.25pt;\" width=\"115\">zdj\u0119cie<\/td>\n<\/tr>\n<tr style=\"height: 14.25pt;\">\n<td class=\"et2\" style=\"height: 14.25pt;\" height=\"19\">DZ02B<\/td>\n<td class=\"et3\">Aluminium<\/td>\n<td class=\"et2\">14 cm<\/td>\n<td class=\"et2\">24 cm<\/td>\n<td class=\"et2\">25 mm<\/td>\n<td><img fetchpriority=\"high\" decoding=\"async\" class=\"alignnone wp-image-3585 size-medium\" src=\"https:\/\/mountlaser.com\/wp-content\/uploads\/2025\/11\/DZ02B-1-300x300.webp\" alt=\"Hand Held Aluminum Mini Prism Pole\" width=\"300\" height=\"300\" srcset=\"https:\/\/mountlaser.com\/wp-content\/uploads\/2025\/11\/DZ02B-1-300x300.webp 300w, https:\/\/mountlaser.com\/wp-content\/uploads\/2025\/11\/DZ02B-1-400x400.webp 400w, https:\/\/mountlaser.com\/wp-content\/uploads\/2025\/11\/DZ02B-1-800x800.webp 800w, https:\/\/mountlaser.com\/wp-content\/uploads\/2025\/11\/DZ02B-1-600x600.webp 600w, https:\/\/mountlaser.com\/wp-content\/uploads\/2025\/11\/DZ02B-1-150x150.webp 150w, https:\/\/mountlaser.com\/wp-content\/uploads\/2025\/11\/DZ02B-1-768x768.webp 768w, https:\/\/mountlaser.com\/wp-content\/uploads\/2025\/11\/DZ02B-1-12x12.webp 12w, https:\/\/mountlaser.com\/wp-content\/uploads\/2025\/11\/DZ02B-1.webp 1000w\" sizes=\"(max-width: 300px) 100vw, 300px\" \/><\/td>\n<\/tr>\n<tr style=\"height: 14.25pt;\">\n<td class=\"et2\" style=\"height: 14.25pt;\" height=\"19\">DZ03B<\/td>\n<td class=\"et3\">Aluminium<\/td>\n<td class=\"et3\">20 cm<\/td>\n<td class=\"et3\">30 cm<\/td>\n<td class=\"et3\">25 mm<\/td>\n<td><img decoding=\"async\" class=\"alignnone wp-image-3587 size-medium\" src=\"https:\/\/mountlaser.com\/wp-content\/uploads\/2025\/11\/DZ03B-2-300x300.webp\" alt=\"Hand Held Aluminum Mini Prism Pole\" width=\"300\" height=\"300\" srcset=\"https:\/\/mountlaser.com\/wp-content\/uploads\/2025\/11\/DZ03B-2-300x300.webp 300w, https:\/\/mountlaser.com\/wp-content\/uploads\/2025\/11\/DZ03B-2-400x400.webp 400w, https:\/\/mountlaser.com\/wp-content\/uploads\/2025\/11\/DZ03B-2-800x800.webp 800w, https:\/\/mountlaser.com\/wp-content\/uploads\/2025\/11\/DZ03B-2-600x600.webp 600w, https:\/\/mountlaser.com\/wp-content\/uploads\/2025\/11\/DZ03B-2-150x150.webp 150w, https:\/\/mountlaser.com\/wp-content\/uploads\/2025\/11\/DZ03B-2-768x768.webp 768w, https:\/\/mountlaser.com\/wp-content\/uploads\/2025\/11\/DZ03B-2-12x12.webp 12w, https:\/\/mountlaser.com\/wp-content\/uploads\/2025\/11\/DZ03B-2.webp 1000w\" sizes=\"(max-width: 300px) 100vw, 300px\" \/><\/td>\n<\/tr>\n<tr style=\"height: 14.25pt;\">\n<td class=\"et2\" style=\"height: 14.25pt;\" height=\"19\">DZ04B<\/td>\n<td class=\"et3\">Aluminium<\/td>\n<td class=\"et3\">30 cm<\/td>\n<td class=\"et3\">40 cm<\/td>\n<td class=\"et3\">25 mm<\/td>\n<td><img decoding=\"async\" class=\"alignnone wp-image-3589 size-medium\" src=\"https:\/\/mountlaser.com\/wp-content\/uploads\/2025\/11\/DZ04B-1-300x300.webp\" alt=\"Hand Held Aluminum Mini Prism Pole\" width=\"300\" height=\"300\" srcset=\"https:\/\/mountlaser.com\/wp-content\/uploads\/2025\/11\/DZ04B-1-300x300.webp 300w, https:\/\/mountlaser.com\/wp-content\/uploads\/2025\/11\/DZ04B-1-400x400.webp 400w, https:\/\/mountlaser.com\/wp-content\/uploads\/2025\/11\/DZ04B-1-800x800.webp 800w, https:\/\/mountlaser.com\/wp-content\/uploads\/2025\/11\/DZ04B-1-600x600.webp 600w, https:\/\/mountlaser.com\/wp-content\/uploads\/2025\/11\/DZ04B-1-150x150.webp 150w, https:\/\/mountlaser.com\/wp-content\/uploads\/2025\/11\/DZ04B-1-768x768.webp 768w, https:\/\/mountlaser.com\/wp-content\/uploads\/2025\/11\/DZ04B-1-12x12.webp 12w, https:\/\/mountlaser.com\/wp-content\/uploads\/2025\/11\/DZ04B-1.webp 1000w\" sizes=\"(max-width: 300px) 100vw, 300px\" \/><\/td>\n<\/tr>\n<tr style=\"height: 14.25pt;\">\n<td class=\"et2\" style=\"height: 14.25pt;\" height=\"19\">DZ05B<\/td>\n<td class=\"et3\">Aluminium<\/td>\n<td class=\"et3\">40 cm<\/td>\n<td class=\"et3\">50 cm<\/td>\n<td class=\"et3\">25 mm<\/td>\n<td><img loading=\"lazy\" decoding=\"async\" class=\"alignnone wp-image-3592 size-medium\" src=\"https:\/\/mountlaser.com\/wp-content\/uploads\/2025\/11\/DZ04B-4-300x300.webp\" alt=\"Hand Held Aluminum Mini Prism Pole\" width=\"300\" height=\"300\" srcset=\"https:\/\/mountlaser.com\/wp-content\/uploads\/2025\/11\/DZ04B-4-300x300.webp 300w, https:\/\/mountlaser.com\/wp-content\/uploads\/2025\/11\/DZ04B-4-400x400.webp 400w, https:\/\/mountlaser.com\/wp-content\/uploads\/2025\/11\/DZ04B-4-800x800.webp 800w, https:\/\/mountlaser.com\/wp-content\/uploads\/2025\/11\/DZ04B-4-600x600.webp 600w, https:\/\/mountlaser.com\/wp-content\/uploads\/2025\/11\/DZ04B-4-150x150.webp 150w, https:\/\/mountlaser.com\/wp-content\/uploads\/2025\/11\/DZ04B-4-768x768.webp 768w, https:\/\/mountlaser.com\/wp-content\/uploads\/2025\/11\/DZ04B-4-12x12.webp 12w, https:\/\/mountlaser.com\/wp-content\/uploads\/2025\/11\/DZ04B-4.webp 1000w\" sizes=\"(max-width: 300px) 100vw, 300px\" \/><\/td>\n<\/tr>\n<\/tbody>\n<\/table>","protected":false},"excerpt":{"rendered":"<ul>\n<li>Wykonane z wysokiej jako\u015bci stopu aluminium, kt\u00f3ry zapewnia wyj\u0105tkow\u0105 odporno\u015b\u0107 na korozj\u0119 i uderzenia, gwarantuj\u0105c d\u0142ugoterminow\u0105 niezawodno\u015b\u0107 w wymagaj\u0105cych warunkach.<\/li>\n<li>Obs\u0142uguje niestandardowe d\u0142ugo\u015bci i konfiguracje, aby spe\u0142ni\u0107 okre\u015blone wymagania projektu, gwarantuj\u0105c idealne dopasowanie do wyj\u0105tkowych wyzwa\u0144 geodezyjnych.<\/li>\n<\/ul>","protected":false},"featured_media":3589,"comment_status":"open","ping_status":"closed","template":"","meta":[],"product_brand":[],"product_cat":[89,116],"product_tag":[],"class_list":{"0":"post-3584","1":"product","2":"type-product","3":"status-publish","4":"has-post-thumbnail","6":"product_cat-surveying-pole-rod","7":"product_cat-aluminum-mini-prism-pole","9":"first","10":"instock","11":"shipping-taxable","12":"product-type-simple"},"_links":{"self":[{"href":"https:\/\/mountlaser.com\/pl\/wp-json\/wp\/v2\/product\/3584","targetHints":{"allow":["GET"]}}],"collection":[{"href":"https:\/\/mountlaser.com\/pl\/wp-json\/wp\/v2\/product"}],"about":[{"href":"https:\/\/mountlaser.com\/pl\/wp-json\/wp\/v2\/types\/product"}],"replies":[{"embeddable":true,"href":"https:\/\/mountlaser.com\/pl\/wp-json\/wp\/v2\/comments?post=3584"}],"wp:featuredmedia":[{"embeddable":true,"href":"https:\/\/mountlaser.com\/pl\/wp-json\/wp\/v2\/media\/3589"}],"wp:attachment":[{"href":"https:\/\/mountlaser.com\/pl\/wp-json\/wp\/v2\/media?parent=3584"}],"wp:term":[{"taxonomy":"product_brand","embeddable":true,"href":"https:\/\/mountlaser.com\/pl\/wp-json\/wp\/v2\/product_brand?post=3584"},{"taxonomy":"product_cat","embeddable":true,"href":"https:\/\/mountlaser.com\/pl\/wp-json\/wp\/v2\/product_cat?post=3584"},{"taxonomy":"product_tag","embeddable":true,"href":"https:\/\/mountlaser.com\/pl\/wp-json\/wp\/v2\/product_tag?post=3584"}],"curies":[{"name":"wp","href":"https:\/\/api.w.org\/{rel}","templated":true}]}}