{"id":3564,"date":"2025-11-06T08:28:07","date_gmt":"2025-11-06T08:28:07","guid":{"rendered":"https:\/\/mountlaser.com\/?post_type=product&#038;p=3564"},"modified":"2025-11-28T00:54:13","modified_gmt":"2025-11-28T00:54:13","slug":"gmp111-mini-prism-with-pole","status":"publish","type":"product","link":"https:\/\/mountlaser.com\/pl\/produkt\/gmp111-mini-prism-with-pole\/","title":{"rendered":"GMP111 Mini pryzmat z tyczk\u0105"},"content":{"rendered":"<p>GMP111 Mini pryzmat z tyczk\u0105 to bardzo precyzyjny <a href=\"https:\/\/mountlaser.com\/pl\/\"><strong>Poziomica Mini Prism z 4 tyczkami<\/strong><\/a> Zaprojektowany z my\u015bl\u0105 o niezawodnej i dok\u0142adnej pracy we wszystkich rodzajach zastosowa\u0144 geodezyjnych i monitoruj\u0105cych. Zaprojektowany z my\u015bl\u0105 o zapewnieniu stabilno\u015bci, mobilno\u015bci i sta\u0142ej dok\u0142adno\u015bci pomiar\u00f3w, <a href=\"https:\/\/mountlaser.com\/pl\/products\/\"><strong>GMP111 Mini pryzmat z tyczk\u0105<\/strong><\/a> to sprawdzone rozwi\u0105zanie dla profesjonalist\u00f3w pracuj\u0105cych w terenie, kt\u00f3rzy wymagaj\u0105 precyzji i trwa\u0142o\u015bci.<\/p>\n<p>Ten mini pryzmat Levels z 4 tyczkami posiada pryzmat o \u015brednicy 25,4 mm pokryty miedzi\u0105, umieszczony w odpornej na uderzenia obudowie nylonowej, co zapewnia d\u0142ugotrwa\u0142\u0105 wytrzyma\u0142o\u015b\u0107 nawet w trudnych warunkach \u015brodowiskowych. Lekki aluminiowy dr\u0105\u017cek z gwintem 1\/4\u2033-20 (\u00d8 12 mm) zapewnia \u0142atwy monta\u017c i kompatybilno\u015b\u0107 z r\u00f3\u017cnymi konfiguracjami tachimetr\u00f3w.<\/p>\n<p><img fetchpriority=\"high\" decoding=\"async\" class=\"aligncenter wp-image-3568\" src=\"https:\/\/mountlaser.com\/wp-content\/uploads\/2025\/11\/6-2GMP1114.webp\" alt=\"gmp111 mini prism with pole\" width=\"500\" height=\"500\" srcset=\"https:\/\/mountlaser.com\/wp-content\/uploads\/2025\/11\/6-2GMP1114.webp 1000w, https:\/\/mountlaser.com\/wp-content\/uploads\/2025\/11\/6-2GMP1114-300x300.webp 300w, https:\/\/mountlaser.com\/wp-content\/uploads\/2025\/11\/6-2GMP1114-400x400.webp 400w, https:\/\/mountlaser.com\/wp-content\/uploads\/2025\/11\/6-2GMP1114-800x800.webp 800w, https:\/\/mountlaser.com\/wp-content\/uploads\/2025\/11\/6-2GMP1114-600x600.webp 600w, https:\/\/mountlaser.com\/wp-content\/uploads\/2025\/11\/6-2GMP1114-150x150.webp 150w, https:\/\/mountlaser.com\/wp-content\/uploads\/2025\/11\/6-2GMP1114-768x768.webp 768w, https:\/\/mountlaser.com\/wp-content\/uploads\/2025\/11\/6-2GMP1114-12x12.webp 12w\" sizes=\"(max-width: 500px) 100vw, 500px\" \/><\/p>\n<p>Ten <a href=\"https:\/\/mountlaser.com\/pl\/contact-us\/\">GMP111 Mini pryzmat z tyczk\u0105<\/a> Zawiera cztery sekcje o d\u0142ugo\u015bci 300 mm, z mo\u017cliwo\u015bci\u0105 wyd\u0142u\u017cenia do 1,2 m (model AP123004) \u2013 konstrukcja zapewniaj\u0105ca doskona\u0142\u0105 wszechstronno\u015b\u0107 i mobilno\u015b\u0107 podczas prac w terenie. Dost\u0119pne s\u0105 dwa modele: GMP111-0 z przesuni\u0119ciem 0 mm (system szwajcarski) i GMP111 z przesuni\u0119ciem 17,5 mm (system szwajcarski), aby sprosta\u0107 zr\u00f3\u017cnicowanym wymaganiom projektowym.<\/p>\n<p>Dostarczany w ochronnym kartonie mini pryzmat Levels z 4 tyczkami \u0142\u0105czy precyzyjn\u0105 optyk\u0119, solidn\u0105 jako\u015b\u0107 wykonania i elastyczn\u0105 konfiguracj\u0119 w jednym niezawodnym narz\u0119dziu do pracy w terenie.<\/p>","protected":false},"excerpt":{"rendered":"<ul>\n<li>Pryzmat pokryty miedzi\u0105 o \u015brednicy 25,4 mm zapewniaj\u0105cy wysoki wsp\u00f3\u0142czynnik odbicia i dok\u0142adno\u015b\u0107<\/li>\n<li>Odporna na uderzenia obudowa nylonowa gwarantuje trwa\u0142o\u015b\u0107 w warunkach terenowych<\/li>\n<li>Dostarczane w ochronnym kartonie zapewniaj\u0105cym bezpieczny transport<\/li>\n<\/ul>","protected":false},"featured_media":3570,"comment_status":"open","ping_status":"closed","template":"","meta":[],"product_brand":[],"product_cat":[72,114],"product_tag":[],"class_list":{"0":"post-3564","1":"product","2":"type-product","3":"status-publish","4":"has-post-thumbnail","6":"product_cat-reflective-target-prism","7":"product_cat-mini-prism-with-pole","9":"first","10":"instock","11":"shipping-taxable","12":"product-type-simple"},"_links":{"self":[{"href":"https:\/\/mountlaser.com\/pl\/wp-json\/wp\/v2\/product\/3564","targetHints":{"allow":["GET"]}}],"collection":[{"href":"https:\/\/mountlaser.com\/pl\/wp-json\/wp\/v2\/product"}],"about":[{"href":"https:\/\/mountlaser.com\/pl\/wp-json\/wp\/v2\/types\/product"}],"replies":[{"embeddable":true,"href":"https:\/\/mountlaser.com\/pl\/wp-json\/wp\/v2\/comments?post=3564"}],"wp:featuredmedia":[{"embeddable":true,"href":"https:\/\/mountlaser.com\/pl\/wp-json\/wp\/v2\/media\/3570"}],"wp:attachment":[{"href":"https:\/\/mountlaser.com\/pl\/wp-json\/wp\/v2\/media?parent=3564"}],"wp:term":[{"taxonomy":"product_brand","embeddable":true,"href":"https:\/\/mountlaser.com\/pl\/wp-json\/wp\/v2\/product_brand?post=3564"},{"taxonomy":"product_cat","embeddable":true,"href":"https:\/\/mountlaser.com\/pl\/wp-json\/wp\/v2\/product_cat?post=3564"},{"taxonomy":"product_tag","embeddable":true,"href":"https:\/\/mountlaser.com\/pl\/wp-json\/wp\/v2\/product_tag?post=3564"}],"curies":[{"name":"wp","href":"https:\/\/api.w.org\/{rel}","templated":true}]}}