{"id":3552,"date":"2025-11-06T07:27:48","date_gmt":"2025-11-06T07:27:48","guid":{"rendered":"https:\/\/mountlaser.com\/?post_type=product&#038;p=3552"},"modified":"2025-11-28T01:16:54","modified_gmt":"2025-11-28T01:16:54","slug":"sp069-mini-prism-with-pole","status":"publish","type":"product","link":"https:\/\/mountlaser.com\/pl\/produkt\/sp069-mini-prism-with-pole\/","title":{"rendered":"SP069 mini pryzmat z tyczk\u0105"},"content":{"rendered":"<p>Ten <a href=\"https:\/\/mountlaser.com\/pl\/\"><strong>SP069 \u017b\u00f3\u0142ty mini pryzmat z tyczk\u0105<\/strong><\/a> to profesjonalny \u017c\u00f3\u0142ty mini pryzmat tachimetryczny z tyczk\u0105, przeznaczony do precyzyjnych i wydajnych pomiar\u00f3w terenowych. Zaprojektowany dla geodet\u00f3w, kt\u00f3rzy wymagaj\u0105 niezawodno\u015bci, widoczno\u015bci i dok\u0142adno\u015bci, ten \u017c\u00f3\u0142ty mini pryzmat z tyczk\u0105 \u0142\u0105czy w sobie wytrzyma\u0142e materia\u0142y z elastyczn\u0105 konfiguracj\u0105, odpowiedni\u0105 do u\u017cytku w naro\u017cnikach, monitorowania i tyczenia.<\/p>\n<p>Wyposa\u017cony w pryzmat o \u015brednicy 38,1 mm pokryty srebrem z offsetem 0 \/ 30 mm,<a href=\"https:\/\/mountlaser.com\/pl\/products\/\"><strong> \u017c\u00f3\u0142ta mini stacja tachimetryczna pryzmatyczna<\/strong> <\/a>Zapewnia doskona\u0142\u0105 refleksyjno\u015b\u0107 i precyzj\u0119 pomiaru w r\u00f3\u017cnych odleg\u0142o\u015bciach. System zawiera adapter do monta\u017cu naro\u017cnego i uchwyt, co zapewnia optymaln\u0105 wszechstronno\u015b\u0107 w z\u0142o\u017conych warunkach pomiarowych.<\/p>\n<p><img fetchpriority=\"high\" decoding=\"async\" class=\"aligncenter wp-image-3556\" src=\"https:\/\/mountlaser.com\/wp-content\/uploads\/2025\/11\/SP0693.webp\" alt=\"SP069 Yellow mini Prism With pole\" width=\"500\" height=\"500\" srcset=\"https:\/\/mountlaser.com\/wp-content\/uploads\/2025\/11\/SP0693.webp 1000w, https:\/\/mountlaser.com\/wp-content\/uploads\/2025\/11\/SP0693-300x300.webp 300w, https:\/\/mountlaser.com\/wp-content\/uploads\/2025\/11\/SP0693-400x400.webp 400w, https:\/\/mountlaser.com\/wp-content\/uploads\/2025\/11\/SP0693-800x800.webp 800w, https:\/\/mountlaser.com\/wp-content\/uploads\/2025\/11\/SP0693-600x600.webp 600w, https:\/\/mountlaser.com\/wp-content\/uploads\/2025\/11\/SP0693-150x150.webp 150w, https:\/\/mountlaser.com\/wp-content\/uploads\/2025\/11\/SP0693-768x768.webp 768w, https:\/\/mountlaser.com\/wp-content\/uploads\/2025\/11\/SP0693-12x12.webp 12w\" sizes=\"(max-width: 500px) 100vw, 500px\" \/><\/p>\n<p>Ten <a href=\"https:\/\/mountlaser.com\/pl\/contact-us\/\">SP069 \u017b\u00f3\u0142ty mini pryzmat z tyczk\u0105<\/a> Wyposa\u017cony jest w adapter z gwintem m\u0119skim M6 i \u017ce\u0144skim 5\/8\u2033-11, co zapewnia kompatybilno\u015b\u0107 z wi\u0119kszo\u015bci\u0105 konfiguracji tachimetr\u00f3w. Jego stalowy s\u0142upek (\u015brednica zewn\u0119trzna 9 mm) z trzpieniem teleskopowym (300 mm x 5 sekcji) wysuwa si\u0119 teleskopowo do 1,5 m (model: SSP093005), co czyni go stabilnym i przeno\u015bnym do u\u017cytku w terenie.<\/p>\n<p>Aby zwi\u0119kszy\u0107 precyzj\u0119, ten \u017c\u00f3\u0142ty mini tachimetr pryzmatyczny mo\u017cna po\u0142\u0105czy\u0107 z opcjonalnymi akcesoriami, takimi jak minipodstawka pryzmatyczna MPT01 lub aluminiowa rura zwi\u0119kszaj\u0105ca sztywno\u015b\u0107. \u017b\u00f3\u0142ty mini pryzmat pryzmatyczny SP069 z tyczk\u0105, dostarczany w mi\u0119kkiej torbie transportowej, zapewnia bezpieczny transport i profesjonaln\u0105 prezentacj\u0119.<\/p>","protected":false},"excerpt":{"rendered":"<ul>\n<li>Adapter do stosowania w naro\u017cnikach i mocowanie uchwytu u\u0142atwiaj\u0105ce ustawienie<\/li>\n<li>Trwa\u0142e \u017c\u00f3\u0142te wyko\u0144czenie poprawia widoczno\u015b\u0107 w terenie<\/li>\n<li>W zestawie mi\u0119kka torba transportowa zapewniaj\u0105ca wygodny transport<\/li>\n<li>Kompatybilny z minipodstawk\u0105 pryzmatyczn\u0105 MPT01 i akcesoriami do tub aluminiowych<\/li>\n<\/ul>","protected":false},"featured_media":3554,"comment_status":"open","ping_status":"closed","template":"","meta":[],"product_brand":[],"product_cat":[72,114],"product_tag":[],"class_list":{"0":"post-3552","1":"product","2":"type-product","3":"status-publish","4":"has-post-thumbnail","6":"product_cat-reflective-target-prism","7":"product_cat-mini-prism-with-pole","9":"first","10":"instock","11":"shipping-taxable","12":"product-type-simple"},"_links":{"self":[{"href":"https:\/\/mountlaser.com\/pl\/wp-json\/wp\/v2\/product\/3552","targetHints":{"allow":["GET"]}}],"collection":[{"href":"https:\/\/mountlaser.com\/pl\/wp-json\/wp\/v2\/product"}],"about":[{"href":"https:\/\/mountlaser.com\/pl\/wp-json\/wp\/v2\/types\/product"}],"replies":[{"embeddable":true,"href":"https:\/\/mountlaser.com\/pl\/wp-json\/wp\/v2\/comments?post=3552"}],"wp:featuredmedia":[{"embeddable":true,"href":"https:\/\/mountlaser.com\/pl\/wp-json\/wp\/v2\/media\/3554"}],"wp:attachment":[{"href":"https:\/\/mountlaser.com\/pl\/wp-json\/wp\/v2\/media?parent=3552"}],"wp:term":[{"taxonomy":"product_brand","embeddable":true,"href":"https:\/\/mountlaser.com\/pl\/wp-json\/wp\/v2\/product_brand?post=3552"},{"taxonomy":"product_cat","embeddable":true,"href":"https:\/\/mountlaser.com\/pl\/wp-json\/wp\/v2\/product_cat?post=3552"},{"taxonomy":"product_tag","embeddable":true,"href":"https:\/\/mountlaser.com\/pl\/wp-json\/wp\/v2\/product_tag?post=3552"}],"curies":[{"name":"wp","href":"https:\/\/api.w.org\/{rel}","templated":true}]}}