{"id":3541,"date":"2025-11-06T07:02:51","date_gmt":"2025-11-06T07:02:51","guid":{"rendered":"https:\/\/mountlaser.com\/?post_type=product&#038;p=3541"},"modified":"2025-11-28T01:18:35","modified_gmt":"2025-11-28T01:18:35","slug":"sp068-sliding-prism-with-pole","status":"publish","type":"product","link":"https:\/\/mountlaser.com\/pl\/produkt\/sp068-sliding-prism-with-pole\/","title":{"rendered":"SP068 Pryzmat przesuwny z tyczk\u0105"},"content":{"rendered":"<p>Przesuwny pryzmat SP068 z tyczk\u0105 to precyzyjny mini system pryzmatu i tyczki, zaprojektowany do profesjonalnych zastosowa\u0144 geodezyjnych, monitoringowych i tyczenia. Zaprojektowany z my\u015bl\u0105 o wydajno\u015bci w terenie i solidnej wytrzyma\u0142o\u015bci, <a href=\"https:\/\/mountlaser.com\/pl\/\"><strong>Kompaktowy i przeno\u015bny system tyczek pryzmatycznych<\/strong><\/a> zapewnia wyj\u0105tkow\u0105 wydajno\u015b\u0107 w lekkiej, \u0142atwej do przenoszenia formie \u2014 idealnej dla geodet\u00f3w, kt\u00f3rzy potrzebuj\u0105 niezawodno\u015bci w podr\u00f3\u017cy.<\/p>\n<p>Wyposa\u017cony w pryzmat o \u015brednicy 25,4 mm pokryty miedzi\u0105, <a href=\"https:\/\/mountlaser.com\/pl\/products\/\"><strong>Miniaturowy system pryzmat\u00f3w i s\u0142up\u00f3w<\/strong><\/a> Zapewnia doskona\u0142\u0105 refleksyjno\u015b\u0107 i dok\u0142adno\u015b\u0107 pomiaru, nawet w trudnych warunkach terenowych. Wymienny offset pryzmatu 0\/-30 mm zapewnia elastyczno\u015b\u0107 w przypadku r\u00f3\u017cnych wymaga\u0144 geodezyjnych, a korpus z anodowanego aluminium nie\u017celaznego gwarantuje d\u0142ugotrwa\u0142\u0105 stabilno\u015b\u0107 i odporno\u015b\u0107 na korozj\u0119.<\/p>\n<p><img fetchpriority=\"high\" decoding=\"async\" class=\"aligncenter wp-image-3544\" src=\"https:\/\/mountlaser.com\/wp-content\/uploads\/2025\/11\/6-6SP-683.webp\" alt=\"SP068 Mini Prism and Pole System\" width=\"500\" height=\"500\" srcset=\"https:\/\/mountlaser.com\/wp-content\/uploads\/2025\/11\/6-6SP-683.webp 1000w, https:\/\/mountlaser.com\/wp-content\/uploads\/2025\/11\/6-6SP-683-300x300.webp 300w, https:\/\/mountlaser.com\/wp-content\/uploads\/2025\/11\/6-6SP-683-400x400.webp 400w, https:\/\/mountlaser.com\/wp-content\/uploads\/2025\/11\/6-6SP-683-800x800.webp 800w, https:\/\/mountlaser.com\/wp-content\/uploads\/2025\/11\/6-6SP-683-600x600.webp 600w, https:\/\/mountlaser.com\/wp-content\/uploads\/2025\/11\/6-6SP-683-150x150.webp 150w, https:\/\/mountlaser.com\/wp-content\/uploads\/2025\/11\/6-6SP-683-768x768.webp 768w, https:\/\/mountlaser.com\/wp-content\/uploads\/2025\/11\/6-6SP-683-12x12.webp 12w\" sizes=\"(max-width: 500px) 100vw, 500px\" \/><\/p>\n<p>Ten <a href=\"https:\/\/mountlaser.com\/pl\/contact-us\/\">Kompaktowy i przeno\u015bny system tyczek pryzmatycznych<\/a> Zawiera precyzyjnie zaprojektowany aluminiowy pr\u0119t (gwint 1\/4\u2033-20, \u015brednica zewn\u0119trzna 12 mm), kt\u00f3ry dzi\u0119ki czterocz\u0119\u015bciowej konstrukcji teleskopowej (300 mm \u00d7 4) mo\u017cna wyd\u0142u\u017cy\u0107 do 1,20 m. Boczne sto\u017cki pe\u0142ni\u0105 funkcj\u0119 niezawodnego mechanizmu podw\u00f3jnej blokady, zapewniaj\u0105c bezpieczne ustawienie wysoko\u015bci i k\u0105ta podczas pracy.<\/p>\n<p>Dla zapewnienia maksymalnej kompatybilno\u015bci, system Mini Prism and Tyczka jest wyposa\u017cony w mosi\u0119\u017cny adapter z gwintem 5\/8\u2033-11, dzi\u0119ki czemu nadaje si\u0119 do stosowania ze standardowymi tyczkami pryzmatycznymi i spodarkami. Dostarczany w mi\u0119kkiej torbie z wewn\u0119trznym pude\u0142kiem, system SP068 Sliding Prism With Tyczka oferuje wygod\u0119 przenoszenia i ochron\u0119 podczas profesjonalnego u\u017cytkowania w terenie.<\/p>","protected":false},"excerpt":{"rendered":"<ul>\n<li>Wysokiej dok\u0142adno\u015bci miniaturowy system pryzmat\u00f3w i tyczek do pomiar\u00f3w terenowych i tyczenia<\/li>\n<li>Korpus z anodowanego aluminium nie\u017celaznego zapewniaj\u0105cy odporno\u015b\u0107 na korozj\u0119 i wytrzyma\u0142o\u015b\u0107<\/li>\n<li>Sto\u017cki boczne pe\u0142ni\u0105 funkcj\u0119 podw\u00f3jnego systemu blokuj\u0105cego, zapewniaj\u0105cego stabiln\u0105 regulacj\u0119 i kontrol\u0119 nachylenia<\/li>\n<li>Kompaktowy i przeno\u015bny system tyczek pryzmatycznych dostarczany z mi\u0119kk\u0105 torb\u0105 i wewn\u0119trznym pude\u0142kiem<\/li>\n<\/ul>","protected":false},"featured_media":3542,"comment_status":"open","ping_status":"closed","template":"","meta":[],"product_brand":[],"product_cat":[72,114],"product_tag":[],"class_list":{"0":"post-3541","1":"product","2":"type-product","3":"status-publish","4":"has-post-thumbnail","6":"product_cat-reflective-target-prism","7":"product_cat-mini-prism-with-pole","9":"first","10":"instock","11":"shipping-taxable","12":"product-type-simple"},"_links":{"self":[{"href":"https:\/\/mountlaser.com\/pl\/wp-json\/wp\/v2\/product\/3541","targetHints":{"allow":["GET"]}}],"collection":[{"href":"https:\/\/mountlaser.com\/pl\/wp-json\/wp\/v2\/product"}],"about":[{"href":"https:\/\/mountlaser.com\/pl\/wp-json\/wp\/v2\/types\/product"}],"replies":[{"embeddable":true,"href":"https:\/\/mountlaser.com\/pl\/wp-json\/wp\/v2\/comments?post=3541"}],"wp:featuredmedia":[{"embeddable":true,"href":"https:\/\/mountlaser.com\/pl\/wp-json\/wp\/v2\/media\/3542"}],"wp:attachment":[{"href":"https:\/\/mountlaser.com\/pl\/wp-json\/wp\/v2\/media?parent=3541"}],"wp:term":[{"taxonomy":"product_brand","embeddable":true,"href":"https:\/\/mountlaser.com\/pl\/wp-json\/wp\/v2\/product_brand?post=3541"},{"taxonomy":"product_cat","embeddable":true,"href":"https:\/\/mountlaser.com\/pl\/wp-json\/wp\/v2\/product_cat?post=3541"},{"taxonomy":"product_tag","embeddable":true,"href":"https:\/\/mountlaser.com\/pl\/wp-json\/wp\/v2\/product_tag?post=3541"}],"curies":[{"name":"wp","href":"https:\/\/api.w.org\/{rel}","templated":true}]}}