{"id":3533,"date":"2025-11-06T06:14:42","date_gmt":"2025-11-06T06:14:42","guid":{"rendered":"https:\/\/mountlaser.com\/?post_type=product&#038;p=3533"},"modified":"2025-11-28T01:22:55","modified_gmt":"2025-11-28T01:22:55","slug":"l8s8-35-aluminum-leveling-staff","status":"publish","type":"product","link":"https:\/\/mountlaser.com\/pl\/produkt\/l8s8-35-aluminum-leveling-staff\/","title":{"rendered":"L8S8-35 Aluminiowy \u0142at poziomuj\u0105cy"},"content":{"rendered":"<p>Ten <a href=\"https:\/\/mountlaser.com\/pl\/\"><strong>L8S8-35 Aluminiowy \u0142at poziomuj\u0105cy<\/strong><\/a> to wysokiej jako\u015bci, trwa\u0142a \u0142ata niwelacyjna przeznaczona dla geodet\u00f3w, kt\u00f3rzy wymagaj\u0105 niezawodno\u015bci i precyzji w terenie.<\/p>\n<p>Znany r\u00f3wnie\u017c jako aluminiowa \u0142ata poziomuj\u0105ca L8S8-35, ten przyrz\u0105d zosta\u0142 zaprojektowany z my\u015bl\u0105 o precyzyjnym pomiarze wysoko\u015bci i jest odporny na trudy codziennego u\u017cytkowania. Kluczowym czynnikiem, kt\u00f3ry sprawia, \u017ce nasz produkt jest wysoce konkurencyjny, jest atrakcyjna cena. <a href=\"https:\/\/mountlaser.com\/pl\/about-us\/\"><strong>Cena personelu poziomuj\u0105cego<\/strong><\/a>, oferuj\u0105c wyj\u0105tkow\u0105 warto\u015b\u0107 bez kompromis\u00f3w w zakresie jako\u015bci. Por\u00f3wnuj\u0105c wydajno\u015b\u0107 z cen\u0105 \u0142aty niwelacyjnej, staje si\u0119 jasne, \u017ce ten produkt jest ekonomicznym rozwi\u0105zaniem w Twoim zestawie narz\u0119dzi geodezyjnych.<\/p>\n<p><img fetchpriority=\"high\" decoding=\"async\" class=\"aligncenter wp-image-3535\" src=\"https:\/\/mountlaser.com\/wp-content\/uploads\/2025\/11\/L8S8-351.webp\" alt=\"Levelling Staff Price\" width=\"500\" height=\"500\" srcset=\"https:\/\/mountlaser.com\/wp-content\/uploads\/2025\/11\/L8S8-351.webp 1000w, https:\/\/mountlaser.com\/wp-content\/uploads\/2025\/11\/L8S8-351-300x300.webp 300w, https:\/\/mountlaser.com\/wp-content\/uploads\/2025\/11\/L8S8-351-400x400.webp 400w, https:\/\/mountlaser.com\/wp-content\/uploads\/2025\/11\/L8S8-351-800x800.webp 800w, https:\/\/mountlaser.com\/wp-content\/uploads\/2025\/11\/L8S8-351-600x600.webp 600w, https:\/\/mountlaser.com\/wp-content\/uploads\/2025\/11\/L8S8-351-150x150.webp 150w, https:\/\/mountlaser.com\/wp-content\/uploads\/2025\/11\/L8S8-351-768x768.webp 768w, https:\/\/mountlaser.com\/wp-content\/uploads\/2025\/11\/L8S8-351-12x12.webp 12w\" sizes=\"(max-width: 500px) 100vw, 500px\" \/><\/p>\n<p><a href=\"https:\/\/mountlaser.com\/pl\/contact-us\/\">L8S8-35 Aluminiowy \u0142at poziomuj\u0105cy<\/a> Posiada wielosekcyjn\u0105, teleskopow\u0105 obudow\u0119, kt\u00f3r\u0105 mo\u017cna z\u0142o\u017cy\u0107 do kompaktowej, \u0142atwej w transporcie jednostki. Dost\u0119pne s\u0105 specjalne modele, takie jak 3-sekcyjny z 5 sekcjami, zapewniaj\u0105ce maksymaln\u0105 mobilno\u015b\u0107.<\/p>","protected":false},"excerpt":{"rendered":"<ul>\n<li>Obs\u0142ugujemy niestandardowe d\u0142ugo\u015bci i skale, aby spe\u0142ni\u0107 wyj\u0105tkowe wymagania Twojego konkretnego projektu, dzi\u0119ki czemu masz pewno\u015b\u0107, \u017ce otrzymasz dok\u0142adnie takie narz\u0119dzie, jakiego potrzebujesz.<\/li>\n<li>\u0141ata posiada precyzyjne, odporne na zu\u017cycie podzia\u0142ki, umo\u017cliwiaj\u0105ce \u0142atwy i niezawodny odczyt zar\u00f3wno za pomoc\u0105 niwelator\u00f3w optycznych, jak i cyfrowych.<\/li>\n<li>Ka\u017cda sekcja posiada niezawodny mechanizm blokuj\u0105cy, kt\u00f3ry gwarantuje stabilno\u015b\u0107 podczas pomiaru, zapobiega po\u015blizgowi i zachowuje integralno\u015b\u0107 danych.<\/li>\n<\/ul>","protected":false},"featured_media":3540,"comment_status":"open","ping_status":"closed","template":"","meta":[],"product_brand":[],"product_cat":[90],"product_tag":[],"class_list":{"0":"post-3533","1":"product","2":"type-product","3":"status-publish","4":"has-post-thumbnail","6":"product_cat-leveling-staff","8":"first","9":"instock","10":"shipping-taxable","11":"product-type-simple"},"_links":{"self":[{"href":"https:\/\/mountlaser.com\/pl\/wp-json\/wp\/v2\/product\/3533","targetHints":{"allow":["GET"]}}],"collection":[{"href":"https:\/\/mountlaser.com\/pl\/wp-json\/wp\/v2\/product"}],"about":[{"href":"https:\/\/mountlaser.com\/pl\/wp-json\/wp\/v2\/types\/product"}],"replies":[{"embeddable":true,"href":"https:\/\/mountlaser.com\/pl\/wp-json\/wp\/v2\/comments?post=3533"}],"wp:featuredmedia":[{"embeddable":true,"href":"https:\/\/mountlaser.com\/pl\/wp-json\/wp\/v2\/media\/3540"}],"wp:attachment":[{"href":"https:\/\/mountlaser.com\/pl\/wp-json\/wp\/v2\/media?parent=3533"}],"wp:term":[{"taxonomy":"product_brand","embeddable":true,"href":"https:\/\/mountlaser.com\/pl\/wp-json\/wp\/v2\/product_brand?post=3533"},{"taxonomy":"product_cat","embeddable":true,"href":"https:\/\/mountlaser.com\/pl\/wp-json\/wp\/v2\/product_cat?post=3533"},{"taxonomy":"product_tag","embeddable":true,"href":"https:\/\/mountlaser.com\/pl\/wp-json\/wp\/v2\/product_tag?post=3533"}],"curies":[{"name":"wp","href":"https:\/\/api.w.org\/{rel}","templated":true}]}}