{"id":3516,"date":"2025-11-06T05:53:55","date_gmt":"2025-11-06T05:53:55","guid":{"rendered":"https:\/\/mountlaser.com\/?post_type=product&#038;p=3516"},"modified":"2025-11-28T01:29:21","modified_gmt":"2025-11-28T01:29:21","slug":"l3s3-235-aluminum-leveling-staff","status":"publish","type":"product","link":"https:\/\/mountlaser.com\/pl\/produkt\/l3s3-235-aluminum-leveling-staff\/","title":{"rendered":"L3S3-235 Aluminiowa \u0142ata poziomuj\u0105ca"},"content":{"rendered":"<p>Ten <a href=\"https:\/\/mountlaser.com\/pl\/\"><strong>L3S3-235 Aluminiowa \u0142ata poziomuj\u0105ca<\/strong><\/a> To precyzyjnie zaprojektowane narz\u0119dzie przeznaczone dla geodet\u00f3w i specjalist\u00f3w budowlanych, kt\u00f3rzy wymagaj\u0105 niezawodno\u015bci i wydajno\u015bci na placu budowy. Ta solidna, teleskopowa, aluminiowa \u0142ata niwelacyjna zosta\u0142a zaprojektowana z my\u015bl\u0105 o precyzyjnych pomiarach r\u00f3\u017cnic wysoko\u015bci w r\u00f3\u017cnych zastosowaniach niwelacyjnych. Wykonana z wysokiej jako\u015bci, lekkiego aluminium, \u0142ata oferuje wyj\u0105tkow\u0105 r\u00f3wnowag\u0119 mi\u0119dzy wytrzyma\u0142o\u015bci\u0105 a por\u0119czno\u015bci\u0105, co czyni j\u0105 niezb\u0119dnym elementem ka\u017cdego zestawu narz\u0119dzi geodezyjnych.<\/p>\n<p>Niezale\u017cnie od tego, czy pracujesz nad uk\u0142adem budowlanym, mapowaniem topograficznym, czy rozwojem infrastruktury, aluminiowa \u0142ata niwelacyjna L3S3-235 gwarantuje sta\u0142\u0105 wydajno\u015b\u0107. Teleskopowa konstrukcja pozwala na szybkie i \u0142atwe wysuwanie i zsuwanie, co zapewnia p\u0142ynn\u0105 prac\u0119 i skraca czas konfiguracji.<\/p>\n<p><img fetchpriority=\"high\" decoding=\"async\" class=\"aligncenter wp-image-3520\" src=\"https:\/\/mountlaser.com\/wp-content\/uploads\/2025\/11\/L3S3-2354.webp\" alt=\"Telescopic Aluminum Surveying Leveling Staff\" width=\"500\" height=\"500\" srcset=\"https:\/\/mountlaser.com\/wp-content\/uploads\/2025\/11\/L3S3-2354.webp 1000w, https:\/\/mountlaser.com\/wp-content\/uploads\/2025\/11\/L3S3-2354-300x300.webp 300w, https:\/\/mountlaser.com\/wp-content\/uploads\/2025\/11\/L3S3-2354-400x400.webp 400w, https:\/\/mountlaser.com\/wp-content\/uploads\/2025\/11\/L3S3-2354-800x800.webp 800w, https:\/\/mountlaser.com\/wp-content\/uploads\/2025\/11\/L3S3-2354-600x600.webp 600w, https:\/\/mountlaser.com\/wp-content\/uploads\/2025\/11\/L3S3-2354-150x150.webp 150w, https:\/\/mountlaser.com\/wp-content\/uploads\/2025\/11\/L3S3-2354-768x768.webp 768w, https:\/\/mountlaser.com\/wp-content\/uploads\/2025\/11\/L3S3-2354-12x12.webp 12w\" sizes=\"(max-width: 500px) 100vw, 500px\" \/><\/p>\n<p>Ten model jest cz\u0119\u015bci\u0105 naszej znanej serii <a href=\"https:\/\/mountlaser.com\/pl\/about-us\/\"><strong>Teleskopowa aluminiowa \u0142ata niwelacyjna do pomiar\u00f3w geodezyjnych<\/strong><\/a> instrumenty, znane ze swojej wytrzyma\u0142o\u015bci i precyzji w trudnych warunkach.<\/p>\n<p>Oferujemy kompaktowe modele, takie jak 2,3 m\/5-sekcyjny, zapewniaj\u0105ce wi\u0119ksz\u0105 mobilno\u015b\u0107. Ponadto, oferujemy niestandardowe d\u0142ugo\u015bci i skale, aby spe\u0142ni\u0107 specyficzne wymagania projektu.<\/p>","protected":false},"excerpt":{"rendered":"<ul>\n<li>Posiada wyra\u017ane, dok\u0142adne i odporne na zu\u017cycie oznaczenia skali<\/li>\n<li>Kt\u00f3re s\u0105 niezb\u0119dne do uzyskania wiarygodnych pomiar\u00f3w za pomoc\u0105 niwelator\u00f3w optycznych lub cyfrowych.<\/li>\n<li>Ka\u017cda sekcja teleskopowa wyposa\u017cona jest w bezpieczny mechanizm blokuj\u0105cy, zapobiegaj\u0105cy przesuwaniu si\u0119 podczas u\u017cytkowania, gwarantuj\u0105c stabilno\u015b\u0107 i integralno\u015b\u0107 pomiar\u00f3w.<\/li>\n<\/ul>","protected":false},"featured_media":3517,"comment_status":"open","ping_status":"closed","template":"","meta":[],"product_brand":[],"product_cat":[90],"product_tag":[],"class_list":{"0":"post-3516","1":"product","2":"type-product","3":"status-publish","4":"has-post-thumbnail","6":"product_cat-leveling-staff","8":"first","9":"instock","10":"shipping-taxable","11":"product-type-simple"},"_links":{"self":[{"href":"https:\/\/mountlaser.com\/pl\/wp-json\/wp\/v2\/product\/3516","targetHints":{"allow":["GET"]}}],"collection":[{"href":"https:\/\/mountlaser.com\/pl\/wp-json\/wp\/v2\/product"}],"about":[{"href":"https:\/\/mountlaser.com\/pl\/wp-json\/wp\/v2\/types\/product"}],"replies":[{"embeddable":true,"href":"https:\/\/mountlaser.com\/pl\/wp-json\/wp\/v2\/comments?post=3516"}],"wp:featuredmedia":[{"embeddable":true,"href":"https:\/\/mountlaser.com\/pl\/wp-json\/wp\/v2\/media\/3517"}],"wp:attachment":[{"href":"https:\/\/mountlaser.com\/pl\/wp-json\/wp\/v2\/media?parent=3516"}],"wp:term":[{"taxonomy":"product_brand","embeddable":true,"href":"https:\/\/mountlaser.com\/pl\/wp-json\/wp\/v2\/product_brand?post=3516"},{"taxonomy":"product_cat","embeddable":true,"href":"https:\/\/mountlaser.com\/pl\/wp-json\/wp\/v2\/product_cat?post=3516"},{"taxonomy":"product_tag","embeddable":true,"href":"https:\/\/mountlaser.com\/pl\/wp-json\/wp\/v2\/product_tag?post=3516"}],"curies":[{"name":"wp","href":"https:\/\/api.w.org\/{rel}","templated":true}]}}