{"id":3515,"date":"2025-11-06T06:00:09","date_gmt":"2025-11-06T06:00:09","guid":{"rendered":"https:\/\/mountlaser.com\/?post_type=product&#038;p=3515"},"modified":"2025-11-28T01:27:16","modified_gmt":"2025-11-28T01:27:16","slug":"sp067-sliding-prism-with-pole","status":"publish","type":"product","link":"https:\/\/mountlaser.com\/pl\/produkt\/sp067-sliding-prism-with-pole\/","title":{"rendered":"SP067 Pryzmat przesuwny z tyczk\u0105"},"content":{"rendered":"<p>Pryzmat przesuwny SP067 z tyczk\u0105 to produkt klasy profesjonalnej <a href=\"https:\/\/mountlaser.com\/pl\/\"><strong>Miniaturowy system przesuwnych tyczek pryzmatycznych<\/strong><\/a> Zaprojektowany do precyzyjnych zastosowa\u0144 geodezyjnych i monitoruj\u0105cych. Zaprojektowany z my\u015bl\u0105 o trwa\u0142o\u015bci, mo\u017cliwo\u015bci regulacji i mobilno\u015bci, ten miniaturowy zestaw do tyczenia pryzmatycznego zapewnia niezawodn\u0105 dok\u0142adno\u015b\u0107 podczas tyczenia, ustawiania i monitorowania zar\u00f3wno w terenie, jak i na budowie.<\/p>\n<p>Wyposa\u017cony w 25,4-milimetrowy pryzmat pokryty srebrem, system Mini Prism Sliding Pole System zapewnia doskona\u0142e odbicie i stabilny sygna\u0142 zwrotny nawet w trudnych warunkach. Przesuni\u0119cie pryzmatu 0\/-30 mm zapewnia elastyczno\u015b\u0107 i dopasowanie do r\u00f3\u017cnych konfiguracji geodezyjnych. Obudowa z anodowanego aluminium nie\u017celaznego gwarantuje d\u0142ugotrwa\u0142\u0105 wydajno\u015b\u0107 i odporno\u015b\u0107 na korozj\u0119.<\/p>\n<p>Ten <a href=\"https:\/\/mountlaser.com\/pl\/about-us\/\"><strong>Miniaturowy zestaw do tyczenia pryzmat\u00f3w<\/strong><\/a> Posiada tylny system blokowania, umo\u017cliwiaj\u0105cy precyzyjn\u0105 kontrol\u0119 wysoko\u015bci, a dwa sto\u017cki boczne pe\u0142ni\u0105 funkcj\u0119 podw\u00f3jnej blokady \u2013 jeden do pomiaru wysoko\u015bci, a drugi do pomiaru nachylenia \u2013 zapewniaj\u0105c stabilne i dok\u0142adne pomiary. Dzi\u0119ki poziomnicom na g\u00f3rze i na dole, u\u017cytkownicy mog\u0105 \u0142atwo uzyska\u0107 idealne ustawienie w pionie podczas monta\u017cu.<\/p>\n<p><img fetchpriority=\"high\" decoding=\"async\" class=\"aligncenter wp-image-3530\" src=\"https:\/\/mountlaser.com\/wp-content\/uploads\/2025\/11\/6-5SP0677.webp\" alt=\"SP067 Mini Prism Sliding Pole System\" width=\"500\" height=\"500\" srcset=\"https:\/\/mountlaser.com\/wp-content\/uploads\/2025\/11\/6-5SP0677.webp 1000w, https:\/\/mountlaser.com\/wp-content\/uploads\/2025\/11\/6-5SP0677-300x300.webp 300w, https:\/\/mountlaser.com\/wp-content\/uploads\/2025\/11\/6-5SP0677-400x400.webp 400w, https:\/\/mountlaser.com\/wp-content\/uploads\/2025\/11\/6-5SP0677-800x800.webp 800w, https:\/\/mountlaser.com\/wp-content\/uploads\/2025\/11\/6-5SP0677-600x600.webp 600w, https:\/\/mountlaser.com\/wp-content\/uploads\/2025\/11\/6-5SP0677-150x150.webp 150w, https:\/\/mountlaser.com\/wp-content\/uploads\/2025\/11\/6-5SP0677-768x768.webp 768w, https:\/\/mountlaser.com\/wp-content\/uploads\/2025\/11\/6-5SP0677-12x12.webp 12w\" sizes=\"(max-width: 500px) 100vw, 500px\" \/><\/p>\n<p>Do\u0142\u0105czony, czterosekcyjny aluminiowy dr\u0105\u017cek (300 mm \u00d7 4) rozci\u0105ga si\u0119 do 1,2 m i \u0142\u0105czy si\u0119 za pomoc\u0105 gwintu 1\/4\u2033-20, zapewniaj\u0105c lekko\u015b\u0107, wytrzyma\u0142o\u015b\u0107 i szybki monta\u017c. Adapter z gwintem 5\/8\u2033-11 zwi\u0119ksza kompatybilno\u015b\u0107 z wi\u0119kszo\u015bci\u0105 tyczek pryzmatycznych i spodarek. Zapakowany w mi\u0119kk\u0105 torb\u0119 transportow\u0105, <a href=\"https:\/\/mountlaser.com\/pl\/contact-us\/\">SP067 Pryzmat przesuwny z tyczk\u0105<\/a> to kompletny system miniaturowych, przesuwnych s\u0142up\u00f3w pryzmatycznych, gotowy do profesjonalnego u\u017cytku.<\/p>","protected":false},"excerpt":{"rendered":"<ul>\n<li>Do precyzyjnego tyczenia i wyr\u00f3wnywania<\/li>\n<li>Obudowa z anodowanego aluminium nie\u017celaznego zapewniaj\u0105ca wyj\u0105tkow\u0105 trwa\u0142o\u015b\u0107<\/li>\n<li>Tylny system blokowania do regulacji wysoko\u015bci i podw\u00f3jne sto\u017cki blokuj\u0105ce zapewniaj\u0105ce stabilno\u015b\u0107<\/li>\n<li>Poziomnice (g\u00f3rna i dolna) zapewniaj\u0105 dok\u0142adne pozycjonowanie w pionie<\/li>\n<li>W zestawie mi\u0119kka torba transportowa zapewniaj\u0105ca ochron\u0119 i \u0142atwo\u015b\u0107 przenoszenia<\/li>\n<\/ul>","protected":false},"featured_media":3524,"comment_status":"open","ping_status":"closed","template":"","meta":[],"product_brand":[],"product_cat":[72,114],"product_tag":[],"class_list":{"0":"post-3515","1":"product","2":"type-product","3":"status-publish","4":"has-post-thumbnail","6":"product_cat-reflective-target-prism","7":"product_cat-mini-prism-with-pole","9":"first","10":"instock","11":"shipping-taxable","12":"product-type-simple"},"_links":{"self":[{"href":"https:\/\/mountlaser.com\/pl\/wp-json\/wp\/v2\/product\/3515","targetHints":{"allow":["GET"]}}],"collection":[{"href":"https:\/\/mountlaser.com\/pl\/wp-json\/wp\/v2\/product"}],"about":[{"href":"https:\/\/mountlaser.com\/pl\/wp-json\/wp\/v2\/types\/product"}],"replies":[{"embeddable":true,"href":"https:\/\/mountlaser.com\/pl\/wp-json\/wp\/v2\/comments?post=3515"}],"wp:featuredmedia":[{"embeddable":true,"href":"https:\/\/mountlaser.com\/pl\/wp-json\/wp\/v2\/media\/3524"}],"wp:attachment":[{"href":"https:\/\/mountlaser.com\/pl\/wp-json\/wp\/v2\/media?parent=3515"}],"wp:term":[{"taxonomy":"product_brand","embeddable":true,"href":"https:\/\/mountlaser.com\/pl\/wp-json\/wp\/v2\/product_brand?post=3515"},{"taxonomy":"product_cat","embeddable":true,"href":"https:\/\/mountlaser.com\/pl\/wp-json\/wp\/v2\/product_cat?post=3515"},{"taxonomy":"product_tag","embeddable":true,"href":"https:\/\/mountlaser.com\/pl\/wp-json\/wp\/v2\/product_tag?post=3515"}],"curies":[{"name":"wp","href":"https:\/\/api.w.org\/{rel}","templated":true}]}}