{"id":3505,"date":"2025-11-06T05:25:00","date_gmt":"2025-11-06T05:25:00","guid":{"rendered":"https:\/\/mountlaser.com\/?post_type=product&#038;p=3505"},"modified":"2025-11-28T01:32:28","modified_gmt":"2025-11-28T01:32:28","slug":"sp066-mini-prism-with-pole","status":"publish","type":"product","link":"https:\/\/mountlaser.com\/pl\/produkt\/sp066-mini-prism-with-pole\/","title":{"rendered":"SP066 Mini pryzmat z tyczk\u0105"},"content":{"rendered":"<p><!--StartFragment --><\/p>\n<p>Pryzmat przesuwny SP066 z tyczk\u0105 to precyzyjny miniaturowy zestaw pryzmat\u00f3w przesuwnych, przeznaczony do precyzyjnego ustawiania naro\u017cy i pomiar\u00f3w terenowych. Zaprojektowany z my\u015bl\u0105 o elastyczno\u015bci i precyzji, ten <a href=\"https:\/\/mountlaser.com\/pl\/\"><strong>Zestaw przesuwnego pryzmatu i s\u0142upa sekcyjnego<\/strong><\/a> zapewnia geodetom kompaktowe, ale wydajne narz\u0119dzie optyczne do pracy w zr\u00f3\u017cnicowanych warunkach terenowych.<\/p>\n<p>Ten <a href=\"https:\/\/mountlaser.com\/pl\/about-us\/\"><strong>Miniaturowy zesp\u00f3\u0142 przesuwnego pryzmatu<\/strong><\/a> Posiada pryzmat o \u015brednicy 38,1 mm pokryty srebrem, zapewniaj\u0105cy doskona\u0142e odbicie i stabilny sygna\u0142 zwrotny nawet w trudnych warunkach. Miniaturowy, przesuwny pryzmat posiada regulowane przesuni\u0119cie 0\/30 mm, co pozwala na wszechstronne pomiary. Wyposa\u017cony w adapter naro\u017cny, zapewnia idealne ustawienie podczas monitorowania kraw\u0119dzi lub \u015bcian.<\/p>\n<p><img fetchpriority=\"high\" decoding=\"async\" class=\"aligncenter wp-image-3509\" src=\"https:\/\/mountlaser.com\/wp-content\/uploads\/2025\/11\/SP0664.webp\" alt=\"SP066 Mini Sliding Prism Assembly\" width=\"500\" height=\"500\" srcset=\"https:\/\/mountlaser.com\/wp-content\/uploads\/2025\/11\/SP0664.webp 1000w, https:\/\/mountlaser.com\/wp-content\/uploads\/2025\/11\/SP0664-300x300.webp 300w, https:\/\/mountlaser.com\/wp-content\/uploads\/2025\/11\/SP0664-400x400.webp 400w, https:\/\/mountlaser.com\/wp-content\/uploads\/2025\/11\/SP0664-800x800.webp 800w, https:\/\/mountlaser.com\/wp-content\/uploads\/2025\/11\/SP0664-600x600.webp 600w, https:\/\/mountlaser.com\/wp-content\/uploads\/2025\/11\/SP0664-150x150.webp 150w, https:\/\/mountlaser.com\/wp-content\/uploads\/2025\/11\/SP0664-768x768.webp 768w, https:\/\/mountlaser.com\/wp-content\/uploads\/2025\/11\/SP0664-12x12.webp 12w\" sizes=\"(max-width: 500px) 100vw, 500px\" \/><\/p>\n<p>Ten <a href=\"https:\/\/mountlaser.com\/pl\/contact-us\/\">wytrzyma\u0142y aluminiowy s\u0142upek<\/a> Posiada gwint 1\/4\u2033-20 i rozci\u0105ga si\u0119 do 1,5 m dzi\u0119ki pi\u0119ciosekcyjnej teleskopowej konstrukcji, zapewniaj\u0105c jednocze\u015bnie mobilno\u015b\u0107 i stabilno\u015b\u0107. Uchwyt z adapterem u\u0142atwia obs\u0142ug\u0119 podczas monta\u017cu i transportu. Ten kompletny zestaw z pryzmatem przesuwnym i tyczk\u0105 sekcyjnymi zawiera wszystkie niezb\u0119dne elementy do wydajnej pracy w terenie i jest kompatybilny ze standardowymi systemami tachimetr\u00f3w.<\/p>","protected":false},"excerpt":{"rendered":"<ul>\n<li>Adapter naro\u017cny do precyzyjnego wyr\u00f3wnywania naro\u017cnik\u00f3w i kraw\u0119dzi<\/li>\n<li>Zestaw przesuwnych pryzmat\u00f3w i s\u0142up\u00f3w sekcyjnych z 5-sekcyjnym aluminiowym s\u0142upem<\/li>\n<li>Lekka, anodowana aluminiowa konstrukcja z uchwytem u\u0142atwiaj\u0105cym obs\u0142ug\u0119<\/li>\n<li>Dostarczane w mi\u0119kkiej torbie transportowej zapewniaj\u0105cej ochron\u0119 i \u0142atwo\u015b\u0107 przenoszenia<\/li>\n<\/ul>","protected":false},"featured_media":3506,"comment_status":"open","ping_status":"closed","template":"","meta":[],"product_brand":[],"product_cat":[72,114],"product_tag":[],"class_list":{"0":"post-3505","1":"product","2":"type-product","3":"status-publish","4":"has-post-thumbnail","6":"product_cat-reflective-target-prism","7":"product_cat-mini-prism-with-pole","9":"first","10":"instock","11":"shipping-taxable","12":"product-type-simple"},"_links":{"self":[{"href":"https:\/\/mountlaser.com\/pl\/wp-json\/wp\/v2\/product\/3505","targetHints":{"allow":["GET"]}}],"collection":[{"href":"https:\/\/mountlaser.com\/pl\/wp-json\/wp\/v2\/product"}],"about":[{"href":"https:\/\/mountlaser.com\/pl\/wp-json\/wp\/v2\/types\/product"}],"replies":[{"embeddable":true,"href":"https:\/\/mountlaser.com\/pl\/wp-json\/wp\/v2\/comments?post=3505"}],"wp:featuredmedia":[{"embeddable":true,"href":"https:\/\/mountlaser.com\/pl\/wp-json\/wp\/v2\/media\/3506"}],"wp:attachment":[{"href":"https:\/\/mountlaser.com\/pl\/wp-json\/wp\/v2\/media?parent=3505"}],"wp:term":[{"taxonomy":"product_brand","embeddable":true,"href":"https:\/\/mountlaser.com\/pl\/wp-json\/wp\/v2\/product_brand?post=3505"},{"taxonomy":"product_cat","embeddable":true,"href":"https:\/\/mountlaser.com\/pl\/wp-json\/wp\/v2\/product_cat?post=3505"},{"taxonomy":"product_tag","embeddable":true,"href":"https:\/\/mountlaser.com\/pl\/wp-json\/wp\/v2\/product_tag?post=3505"}],"curies":[{"name":"wp","href":"https:\/\/api.w.org\/{rel}","templated":true}]}}