{"id":3486,"date":"2025-11-06T03:14:00","date_gmt":"2025-11-06T03:14:00","guid":{"rendered":"https:\/\/mountlaser.com\/?post_type=product&#038;p=3486"},"modified":"2025-11-28T01:35:25","modified_gmt":"2025-11-28T01:35:25","slug":"sp065-sliding-prism-with-pole","status":"publish","type":"product","link":"https:\/\/mountlaser.com\/pl\/produkt\/sp065-sliding-prism-with-pole\/","title":{"rendered":"SP065 Pryzmat przesuwny z tyczk\u0105"},"content":{"rendered":"<p>Ten <a href=\"https:\/\/mountlaser.com\/pl\/products\/\"><strong>SP065 Pryzmat przesuwny z tyczk\u0105<\/strong><\/a> jest wysoce precyzyjny <a href=\"https:\/\/mountlaser.com\/pl\/about-us\/\"><strong>Mini pryzmat SP065 do tachimetru<\/strong><\/a> Zaprojektowany do instalacji naro\u017cnych i og\u00f3lnych zastosowa\u0144 monitoruj\u0105cych. Zaprojektowany dla profesjonalist\u00f3w terenowych, kt\u00f3rzy wymagaj\u0105 dok\u0142adno\u015bci i elastyczno\u015bci, system oferuje stabiln\u0105 wydajno\u015b\u0107 pomiar\u00f3w w budownictwie, monitorowaniu odkszta\u0142ce\u0144 i zadaniach zwi\u0105zanych z osiowaniem.<\/p>\n<p>Wyposa\u017cony w 38,1 mm (1,5 cala) posrebrzany minipryzmat, pryzmat przesuwny SP065 z tyczk\u0105 zapewnia wyj\u0105tkow\u0105 refleksyjno\u015b\u0107 i klarowno\u015b\u0107 sygna\u0142u. Przesuni\u0119cie 0 mm gwarantuje precyzyjne ustawienie, co przek\u0142ada si\u0119 na niezawodne zbieranie danych. Zintegrowany adapter naro\u017cny umo\u017cliwia sprawn\u0105 instalacj\u0119 na kraw\u0119dziach lub konstrukcjach, gdzie standardowe pryzmaty s\u0105 trudne w monta\u017cu, co czyni go idealnym rozwi\u0105zaniem do monitoringu w ciasnych miejscach.<\/p>\n<p><img fetchpriority=\"high\" decoding=\"async\" class=\"aligncenter wp-image-3501\" src=\"https:\/\/mountlaser.com\/wp-content\/uploads\/2025\/11\/SP065D6.webp\" alt=\"SP065 Sliding Prism with Pole\" width=\"500\" height=\"500\" srcset=\"https:\/\/mountlaser.com\/wp-content\/uploads\/2025\/11\/SP065D6.webp 1000w, https:\/\/mountlaser.com\/wp-content\/uploads\/2025\/11\/SP065D6-300x300.webp 300w, https:\/\/mountlaser.com\/wp-content\/uploads\/2025\/11\/SP065D6-400x400.webp 400w, https:\/\/mountlaser.com\/wp-content\/uploads\/2025\/11\/SP065D6-800x800.webp 800w, https:\/\/mountlaser.com\/wp-content\/uploads\/2025\/11\/SP065D6-600x600.webp 600w, https:\/\/mountlaser.com\/wp-content\/uploads\/2025\/11\/SP065D6-150x150.webp 150w, https:\/\/mountlaser.com\/wp-content\/uploads\/2025\/11\/SP065D6-768x768.webp 768w, https:\/\/mountlaser.com\/wp-content\/uploads\/2025\/11\/SP065D6-12x12.webp 12w\" sizes=\"(max-width: 500px) 100vw, 500px\" \/><\/p>\n<p>Wytrzyma\u0142y s\u0142upek ze stali nierdzewnej z gwintem M6 (\u015brednica zewn\u0119trzna 9 mm) zapewnia sztywno\u015b\u0107, a pi\u0119ciosekcyjna konstrukcja teleskopowa (300 mm \u00d7 5) rozci\u0105ga si\u0119 do 1,5 m, oferuj\u0105c doskona\u0142\u0105 wszechstronno\u015b\u0107 w zakresie regulacji wysoko\u015bci. <a href=\"https:\/\/mountlaser.com\/pl\/contact-us\/\">SP065 Pryzmat przesuwny z tyczk\u0105<\/a> jest dost\u0119pny w dw\u00f3ch wersjach blokowania \u2014 Screw Lock (SP065S) i Dual Lock (SP065D) \u2014 zapewniaj\u0105c u\u017cytkownikom bezpieczn\u0105 i stabiln\u0105 prac\u0119 w r\u00f3\u017cnych warunkach.<\/p>","protected":false},"excerpt":{"rendered":"<ul>\n<li>Precyzja zaprojektowana do monitorowania stacji tachimetrycznych<\/li>\n<li>Zawiera adapter naro\u017cny \u2013 idealny do instalacji naro\u017cnych i ograniczonej przestrzeni<\/li>\n<li>Kompatybilny z minipodstawk\u0105 pryzmatyczn\u0105 MPT05 i aluminiow\u0105 rurk\u0105 do akcesori\u00f3w na tyczce<\/li>\n<\/ul>","protected":false},"featured_media":3496,"comment_status":"open","ping_status":"closed","template":"","meta":[],"product_brand":[],"product_cat":[114,72],"product_tag":[],"class_list":{"0":"post-3486","1":"product","2":"type-product","3":"status-publish","4":"has-post-thumbnail","6":"product_cat-mini-prism-with-pole","7":"product_cat-reflective-target-prism","9":"first","10":"instock","11":"shipping-taxable","12":"product-type-simple"},"_links":{"self":[{"href":"https:\/\/mountlaser.com\/pl\/wp-json\/wp\/v2\/product\/3486","targetHints":{"allow":["GET"]}}],"collection":[{"href":"https:\/\/mountlaser.com\/pl\/wp-json\/wp\/v2\/product"}],"about":[{"href":"https:\/\/mountlaser.com\/pl\/wp-json\/wp\/v2\/types\/product"}],"replies":[{"embeddable":true,"href":"https:\/\/mountlaser.com\/pl\/wp-json\/wp\/v2\/comments?post=3486"}],"wp:featuredmedia":[{"embeddable":true,"href":"https:\/\/mountlaser.com\/pl\/wp-json\/wp\/v2\/media\/3496"}],"wp:attachment":[{"href":"https:\/\/mountlaser.com\/pl\/wp-json\/wp\/v2\/media?parent=3486"}],"wp:term":[{"taxonomy":"product_brand","embeddable":true,"href":"https:\/\/mountlaser.com\/pl\/wp-json\/wp\/v2\/product_brand?post=3486"},{"taxonomy":"product_cat","embeddable":true,"href":"https:\/\/mountlaser.com\/pl\/wp-json\/wp\/v2\/product_cat?post=3486"},{"taxonomy":"product_tag","embeddable":true,"href":"https:\/\/mountlaser.com\/pl\/wp-json\/wp\/v2\/product_tag?post=3486"}],"curies":[{"name":"wp","href":"https:\/\/api.w.org\/{rel}","templated":true}]}}