{"id":3474,"date":"2025-11-06T02:12:04","date_gmt":"2025-11-06T02:12:04","guid":{"rendered":"https:\/\/mountlaser.com\/?post_type=product&#038;p=3474"},"modified":"2025-11-28T01:38:11","modified_gmt":"2025-11-28T01:38:11","slug":"sp063-mini-prism-with-pole","status":"publish","type":"product","link":"https:\/\/mountlaser.com\/pl\/produkt\/sp063-mini-prism-with-pole\/","title":{"rendered":"SP063 Mini pryzmat z tyczk\u0105"},"content":{"rendered":"<p>Mini pryzmat SP063 z tyczk\u0105 to profesjonalny, lekki <a href=\"https:\/\/mountlaser.com\/pl\/\"><strong>Mini pryzmat 360\u00b0 z 4 biegunami<\/strong><\/a>\u00a0System zaprojektowany do precyzyjnych pomiar\u00f3w terenowych i pomiar\u00f3w osiowych. Zaprojektowany z my\u015bl\u0105 o maksymalnej mobilno\u015bci i trwa\u0142o\u015bci, ten kompaktowy system zapewnia stabilne i dok\u0142adne pomiary w projektach budowlanych, topograficznych i monitoruj\u0105cych.<\/p>\n<p>Wykonany w obudowie z wytrzyma\u0142ego nylonu, minipryzmat SP063 z tyczk\u0105 oferuje doskona\u0142\u0105 odporno\u015b\u0107 na uderzenia, a jednocze\u015bnie nisk\u0105 mas\u0119 ca\u0142kowit\u0105, co u\u0142atwia obs\u0142ug\u0119 w terenie. Precyzyjnie obrobiony aluminiowy tyczek zapewnia sztywno\u015b\u0107 i p\u0142ynn\u0105 regulacj\u0119 teleskopow\u0105, a dzi\u0119ki czterosekcyjnej konstrukcji (300 mm \u00d7 4) mo\u017cna go wyd\u0142u\u017cy\u0107 do 1,2 m.<\/p>\n<p>Ten <a href=\"https:\/\/mountlaser.com\/pl\/products\/\"><strong>Mini pryzmat 360\u00b0 z 4 biegunami<\/strong><\/a>\u00a0Wyposa\u017cony jest w pryzmat o \u015brednicy 25,4 mm pokryty miedzi\u0105, dost\u0119pny w r\u00f3\u017cnych opcjach offsetu (0 mm, 17,5 mm lub 0\/-30 mm), co zapewnia kompatybilno\u015b\u0107 zar\u00f3wno z systemami szwajcarskimi, jak i innymi. Dostarczany z mi\u0119kk\u0105 torb\u0105 transportow\u0105, ten zestaw pryzmat\u00f3w stanowi wydajne, gotowe do pracy w terenie rozwi\u0105zanie do codziennych zada\u0144 pomiarowych.<\/p>\n<figure id=\"attachment_3483\" aria-describedby=\"caption-attachment-3483\" style=\"width: 500px\" class=\"wp-caption aligncenter\"><img fetchpriority=\"high\" decoding=\"async\" class=\"wp-image-3483\" src=\"https:\/\/mountlaser.com\/wp-content\/uploads\/2025\/11\/SP0639.webp\" alt=\"360\u00b0 Mini Prism With 4 Poles\" width=\"500\" height=\"500\" srcset=\"https:\/\/mountlaser.com\/wp-content\/uploads\/2025\/11\/SP0639.webp 1000w, https:\/\/mountlaser.com\/wp-content\/uploads\/2025\/11\/SP0639-300x300.webp 300w, https:\/\/mountlaser.com\/wp-content\/uploads\/2025\/11\/SP0639-400x400.webp 400w, https:\/\/mountlaser.com\/wp-content\/uploads\/2025\/11\/SP0639-800x800.webp 800w, https:\/\/mountlaser.com\/wp-content\/uploads\/2025\/11\/SP0639-600x600.webp 600w, https:\/\/mountlaser.com\/wp-content\/uploads\/2025\/11\/SP0639-150x150.webp 150w, https:\/\/mountlaser.com\/wp-content\/uploads\/2025\/11\/SP0639-768x768.webp 768w, https:\/\/mountlaser.com\/wp-content\/uploads\/2025\/11\/SP0639-12x12.webp 12w\" sizes=\"(max-width: 500px) 100vw, 500px\" \/><figcaption id=\"caption-attachment-3483\" class=\"wp-caption-text\">SP063C Mini pryzmat z tyczk\u0105<\/figcaption><\/figure>\n<p><strong>Ten <a href=\"https:\/\/mountlaser.com\/pl\/contact-us\/\">SP063 Mini pryzmat z tyczk\u0105<\/a> dost\u0119pny w 3 modelach.<\/strong><\/p>\n<p>SP063A Mini pryzmat z tyczk\u0105 \u2013 odchylenie: 0 mm, powlekany miedzi\u0105, kompatybilny z systemem szwajcarskim<br \/>\nSP063B Mini pryzmat z tyczk\u0105 \u2013 odchylenie: 17,5 mm, powlekany miedzi\u0105, kompatybilny ze szwajcarskim systemem<br \/>\nSP063C Mini pryzmat z tyczk\u0105 \u2013 odchylenie: 0\/-30 mm, powlekany miedzi\u0105, system inny ni\u017c szwajcarski<\/p>\n<figure id=\"attachment_3476\" aria-describedby=\"caption-attachment-3476\" style=\"width: 500px\" class=\"wp-caption aligncenter\"><img decoding=\"async\" class=\"wp-image-3476\" src=\"https:\/\/mountlaser.com\/wp-content\/uploads\/2025\/11\/SP0632.webp\" alt=\"360\u00b0 Mini Prism With 4 Poles\" width=\"500\" height=\"500\" srcset=\"https:\/\/mountlaser.com\/wp-content\/uploads\/2025\/11\/SP0632.webp 1000w, https:\/\/mountlaser.com\/wp-content\/uploads\/2025\/11\/SP0632-300x300.webp 300w, https:\/\/mountlaser.com\/wp-content\/uploads\/2025\/11\/SP0632-400x400.webp 400w, https:\/\/mountlaser.com\/wp-content\/uploads\/2025\/11\/SP0632-800x800.webp 800w, https:\/\/mountlaser.com\/wp-content\/uploads\/2025\/11\/SP0632-600x600.webp 600w, https:\/\/mountlaser.com\/wp-content\/uploads\/2025\/11\/SP0632-150x150.webp 150w, https:\/\/mountlaser.com\/wp-content\/uploads\/2025\/11\/SP0632-768x768.webp 768w, https:\/\/mountlaser.com\/wp-content\/uploads\/2025\/11\/SP0632-12x12.webp 12w\" sizes=\"(max-width: 500px) 100vw, 500px\" \/><figcaption id=\"caption-attachment-3476\" class=\"wp-caption-text\">SP063A\/B Mini pryzmat z tyczk\u0105<\/figcaption><\/figure>","protected":false},"excerpt":{"rendered":"<ul>\n<li>Precyzyjny aluminiowy mini pryzmat 360\u00b0 z 4 biegunami<\/li>\n<li>Akcesoria opcjonalne: Mini statyw pryzmatyczny MPT02 i aluminiowa rura do tyczek szpilkowych<\/li>\n<li>W zestawie mi\u0119kka torba transportowa u\u0142atwiaj\u0105ca transport i ochron\u0119<\/li>\n<\/ul>","protected":false},"featured_media":3463,"comment_status":"open","ping_status":"closed","template":"","meta":[],"product_brand":[],"product_cat":[114,72],"product_tag":[],"class_list":{"0":"post-3474","1":"product","2":"type-product","3":"status-publish","4":"has-post-thumbnail","6":"product_cat-mini-prism-with-pole","7":"product_cat-reflective-target-prism","9":"first","10":"instock","11":"shipping-taxable","12":"product-type-simple"},"_links":{"self":[{"href":"https:\/\/mountlaser.com\/pl\/wp-json\/wp\/v2\/product\/3474","targetHints":{"allow":["GET"]}}],"collection":[{"href":"https:\/\/mountlaser.com\/pl\/wp-json\/wp\/v2\/product"}],"about":[{"href":"https:\/\/mountlaser.com\/pl\/wp-json\/wp\/v2\/types\/product"}],"replies":[{"embeddable":true,"href":"https:\/\/mountlaser.com\/pl\/wp-json\/wp\/v2\/comments?post=3474"}],"wp:featuredmedia":[{"embeddable":true,"href":"https:\/\/mountlaser.com\/pl\/wp-json\/wp\/v2\/media\/3463"}],"wp:attachment":[{"href":"https:\/\/mountlaser.com\/pl\/wp-json\/wp\/v2\/media?parent=3474"}],"wp:term":[{"taxonomy":"product_brand","embeddable":true,"href":"https:\/\/mountlaser.com\/pl\/wp-json\/wp\/v2\/product_brand?post=3474"},{"taxonomy":"product_cat","embeddable":true,"href":"https:\/\/mountlaser.com\/pl\/wp-json\/wp\/v2\/product_cat?post=3474"},{"taxonomy":"product_tag","embeddable":true,"href":"https:\/\/mountlaser.com\/pl\/wp-json\/wp\/v2\/product_tag?post=3474"}],"curies":[{"name":"wp","href":"https:\/\/api.w.org\/{rel}","templated":true}]}}