{"id":3464,"date":"2025-11-06T01:55:54","date_gmt":"2025-11-06T01:55:54","guid":{"rendered":"https:\/\/mountlaser.com\/?post_type=product&#038;p=3464"},"modified":"2025-11-28T01:40:23","modified_gmt":"2025-11-28T01:40:23","slug":"sp061-mini-prism-with-pole","status":"publish","type":"product","link":"https:\/\/mountlaser.com\/pl\/produkt\/sp061-mini-prism-with-pole\/","title":{"rendered":"SP061 Mini pryzmat z tyczk\u0105"},"content":{"rendered":"<p>Ten <a href=\"https:\/\/mountlaser.com\/pl\/\"><strong>Zestaw reflektor\u00f3w SP061<\/strong><\/a> jest wysoce precyzyjny <a href=\"https:\/\/mountlaser.com\/pl\/products\/\"><strong>Tachimetr Mini Prism<\/strong> <\/a>System zaprojektowany do profesjonalnych zastosowa\u0144 w tyczeniu, ustawianiu i monitorowaniu. \u0141\u0105cz\u0105c wytrzyma\u0142o\u015b\u0107 z wszechstronno\u015bci\u0105, ten zestaw pryzmat\u00f3w zapewnia wyj\u0105tkow\u0105 wydajno\u015b\u0107 zar\u00f3wno w pracach geodezyjnych w terenie, jak i projektach pomiaru odkszta\u0142ce\u0144.<\/p>\n<p>Wyposa\u017cony w 25,4-milimetrowy minipryzmat pokryty miedzi\u0105 lub srebrem, zestaw reflektor\u00f3w SP061 zapewnia optymaln\u0105 refleksyjno\u015b\u0107 i dok\u0142adno\u015b\u0107 pomiaru z du\u017cej odleg\u0142o\u015bci. Wymienny offset 0 mm \/ -30 mm w zestawie reflektor\u00f3w SP061 zapewnia elastyczno\u015b\u0107 w przypadku zr\u00f3\u017cnicowanych wymaga\u0144 projektowych, a obudowa z anodowanego aluminium nie\u017celaznego zapewnia doskona\u0142\u0105 odporno\u015b\u0107 na korozj\u0119 i zu\u017cycie.<\/p>\n<p>Ten <a href=\"https:\/\/mountlaser.com\/pl\/contact-us\/\">Tachimetr Mini Prism<\/a> System zawiera zintegrowany uchwyt pionu, hak S i punkt uziemienia, zapewniaj\u0105c precyzyjne ustawienie w pionie i sprawne stawianie s\u0142up\u00f3w. Lekki aluminiowy s\u0142upek z 4 sekcjami i mo\u017cliwo\u015bci\u0105 przed\u0142u\u017cenia (do 1,2 m) u\u0142atwia transport i monta\u017c.<\/p>\n<p><img fetchpriority=\"high\" decoding=\"async\" class=\"aligncenter wp-image-3468\" src=\"https:\/\/mountlaser.com\/wp-content\/uploads\/2025\/11\/5-10SP0614.webp\" alt=\"SP061 Reflector Set\" width=\"500\" height=\"500\" srcset=\"https:\/\/mountlaser.com\/wp-content\/uploads\/2025\/11\/5-10SP0614.webp 1000w, https:\/\/mountlaser.com\/wp-content\/uploads\/2025\/11\/5-10SP0614-300x300.webp 300w, https:\/\/mountlaser.com\/wp-content\/uploads\/2025\/11\/5-10SP0614-400x400.webp 400w, https:\/\/mountlaser.com\/wp-content\/uploads\/2025\/11\/5-10SP0614-800x800.webp 800w, https:\/\/mountlaser.com\/wp-content\/uploads\/2025\/11\/5-10SP0614-600x600.webp 600w, https:\/\/mountlaser.com\/wp-content\/uploads\/2025\/11\/5-10SP0614-150x150.webp 150w, https:\/\/mountlaser.com\/wp-content\/uploads\/2025\/11\/5-10SP0614-768x768.webp 768w, https:\/\/mountlaser.com\/wp-content\/uploads\/2025\/11\/5-10SP0614-12x12.webp 12w\" sizes=\"(max-width: 500px) 100vw, 500px\" \/><\/p>","protected":false},"excerpt":{"rendered":"<ul>\n<li>Precyzyjny system tachimetryczny Mini Prism do zada\u0144 tyczenia i monitorowania<\/li>\n<li>Dla lepszego powrotu sygna\u0142u i elastyczno\u015bci pomiaru<\/li>\n<li>Trwa\u0142a obudowa z anodowanego aluminium ze zintegrowan\u0105 poziomic\u0105 p\u0119cherzykow\u0105 (mo\u017cliwo\u015b\u0107 monta\u017cu centralnego lub bocznego)<\/li>\n<li>Kompletny zestaw reflektor\u00f3w SP061 zawiera uchwyt pionu, dr\u0105\u017cek i torb\u0119 transportow\u0105<\/li>\n<li>Kompatybilny z mini statywem pryzmatycznym MPT02 i opcjonaln\u0105 aluminiow\u0105 tub\u0105 zapewniaj\u0105c\u0105 zwi\u0119kszon\u0105 sztywno\u015b\u0107<\/li>\n<\/ul>","protected":false},"featured_media":3469,"comment_status":"open","ping_status":"closed","template":"","meta":[],"product_brand":[],"product_cat":[72,114],"product_tag":[],"class_list":{"0":"post-3464","1":"product","2":"type-product","3":"status-publish","4":"has-post-thumbnail","6":"product_cat-reflective-target-prism","7":"product_cat-mini-prism-with-pole","9":"first","10":"instock","11":"shipping-taxable","12":"product-type-simple"},"_links":{"self":[{"href":"https:\/\/mountlaser.com\/pl\/wp-json\/wp\/v2\/product\/3464","targetHints":{"allow":["GET"]}}],"collection":[{"href":"https:\/\/mountlaser.com\/pl\/wp-json\/wp\/v2\/product"}],"about":[{"href":"https:\/\/mountlaser.com\/pl\/wp-json\/wp\/v2\/types\/product"}],"replies":[{"embeddable":true,"href":"https:\/\/mountlaser.com\/pl\/wp-json\/wp\/v2\/comments?post=3464"}],"wp:featuredmedia":[{"embeddable":true,"href":"https:\/\/mountlaser.com\/pl\/wp-json\/wp\/v2\/media\/3469"}],"wp:attachment":[{"href":"https:\/\/mountlaser.com\/pl\/wp-json\/wp\/v2\/media?parent=3464"}],"wp:term":[{"taxonomy":"product_brand","embeddable":true,"href":"https:\/\/mountlaser.com\/pl\/wp-json\/wp\/v2\/product_brand?post=3464"},{"taxonomy":"product_cat","embeddable":true,"href":"https:\/\/mountlaser.com\/pl\/wp-json\/wp\/v2\/product_cat?post=3464"},{"taxonomy":"product_tag","embeddable":true,"href":"https:\/\/mountlaser.com\/pl\/wp-json\/wp\/v2\/product_tag?post=3464"}],"curies":[{"name":"wp","href":"https:\/\/api.w.org\/{rel}","templated":true}]}}