{"id":3453,"date":"2025-11-06T01:27:12","date_gmt":"2025-11-06T01:27:12","guid":{"rendered":"https:\/\/mountlaser.com\/?post_type=product&#038;p=3453"},"modified":"2025-11-28T01:42:06","modified_gmt":"2025-11-28T01:42:06","slug":"sp060-sliding-mini-prism-with-pole","status":"publish","type":"product","link":"https:\/\/mountlaser.com\/pl\/produkt\/sp060-sliding-mini-prism-with-pole\/","title":{"rendered":"SP060 Przesuwny mini pryzmat z tyczk\u0105"},"content":{"rendered":"<p>Ten <a href=\"https:\/\/mountlaser.com\/pl\/\"><strong>SP060 Przesuwny mini pryzmat z tyczk\u0105<\/strong><\/a> to kompaktowe i wszechstronne rozwi\u0105zanie monitoruj\u0105ce przeznaczone do precyzyjnych pomiar\u00f3w terenowych i deformacji. To zaawansowane <a href=\"https:\/\/mountlaser.com\/pl\/about-us\/\"><strong>System miniaturowych pryzmat\u00f3w Pin Pole<\/strong><\/a> \u0142\u0105czy w sobie wysok\u0105 dok\u0142adno\u015b\u0107, trwa\u0142\u0105 konstrukcj\u0119 i modu\u0142ow\u0105 funkcjonalno\u015b\u0107 \u2014 idealne zar\u00f3wno do kr\u00f3tkoterminowych kontroli na miejscu, jak i d\u0142ugoterminowych projekt\u00f3w monitorowania.<\/p>\n<p>Zaprojektowany z my\u015bl\u0105 o dok\u0142adno\u015bci, minipryzmat przesuwny SP060 z tyczk\u0105 charakteryzuje si\u0119 precyzyjnym minipryzmatem o rzeczywistym przesuni\u0119ciu 0 mm, co zapewnia idealne ustawienie do pomiaru odleg\u0142o\u015bci. Pryzmat jest dost\u0119pny w pow\u0142oce miedzianej lub srebrnej, aby sprosta\u0107 r\u00f3\u017cnym wymaganiom pomiarowym i warunkom \u015brodowiskowym. Wykonany z anodowanego aluminium obrabianego CNC, oferuje wyj\u0105tkow\u0105 trwa\u0142o\u015b\u0107 i odporno\u015b\u0107 na korozj\u0119, co czyni go niezawodnym wyborem do wymagaj\u0105cych zastosowa\u0144 terenowych.<\/p>\n<p><img fetchpriority=\"high\" decoding=\"async\" class=\"aligncenter wp-image-3454\" src=\"https:\/\/mountlaser.com\/wp-content\/uploads\/2025\/11\/5-9SP0601.webp\" alt=\"SP060 Sliding Mini Prism with Pole\" width=\"500\" height=\"500\" srcset=\"https:\/\/mountlaser.com\/wp-content\/uploads\/2025\/11\/5-9SP0601.webp 1000w, https:\/\/mountlaser.com\/wp-content\/uploads\/2025\/11\/5-9SP0601-300x300.webp 300w, https:\/\/mountlaser.com\/wp-content\/uploads\/2025\/11\/5-9SP0601-400x400.webp 400w, https:\/\/mountlaser.com\/wp-content\/uploads\/2025\/11\/5-9SP0601-800x800.webp 800w, https:\/\/mountlaser.com\/wp-content\/uploads\/2025\/11\/5-9SP0601-600x600.webp 600w, https:\/\/mountlaser.com\/wp-content\/uploads\/2025\/11\/5-9SP0601-150x150.webp 150w, https:\/\/mountlaser.com\/wp-content\/uploads\/2025\/11\/5-9SP0601-768x768.webp 768w, https:\/\/mountlaser.com\/wp-content\/uploads\/2025\/11\/5-9SP0601-12x12.webp 12w\" sizes=\"(max-width: 500px) 100vw, 500px\" \/><\/p>\n<p>Ten <a href=\"https:\/\/mountlaser.com\/pl\/contact-us\/\">System miniaturowych pryzmat\u00f3w Pin Pole<\/a> Wyposa\u017cony jest w dwustronne sto\u017cki boczne, kt\u00f3re pe\u0142ni\u0105 funkcj\u0119 bezpiecznego, podw\u00f3jnego systemu blokowania, zapewniaj\u0105c stabilne ustawienie pryzmatu. Do\u0142\u0105czony hak i adapter naro\u017cny zapewniaj\u0105 elastyczny monta\u017c na r\u00f3\u017cnych powierzchniach, a 3-sekcyjny stalowy s\u0142upek z bolcami (500 mm na sekcj\u0119, \u0142\u0105cznie 1,5 m) umo\u017cliwia regulacj\u0119 wysoko\u015bci, co pozwala na wszechstronne ustawienie w terenie.<\/p>\n<p>Aby uzyska\u0107 wi\u0119ksz\u0105 precyzj\u0119, u\u017cytkownicy mog\u0105 po\u0142\u0105czy\u0107 przesuwny mini pryzmat SP060 z tyczk\u0105 z opcjonalnym mini pryzmatem MPT05 lub przed\u0142u\u017ck\u0105 aluminiowej tuby, co zapewni wi\u0119ksz\u0105 sztywno\u015b\u0107 i dok\u0142adno\u015b\u0107.<\/p>","protected":false},"excerpt":{"rendered":"<p>\u2022 Dwustronne sto\u017cki zapewniaj\u0105 stabilne blokowanie i powtarzalno\u015b\u0107<br \/>\n\u2022 Zawiera haczyk, adapter naro\u017cny i mi\u0119kk\u0105 torb\u0119 transportow\u0105<br \/>\n\u2022 Kompatybilny z minipodstawk\u0105 pryzmatyczn\u0105 MPT05 i akcesoriami rozszerzaj\u0105cymi<\/p>","protected":false},"featured_media":3459,"comment_status":"open","ping_status":"closed","template":"","meta":[],"product_brand":[],"product_cat":[72,114],"product_tag":[],"class_list":{"0":"post-3453","1":"product","2":"type-product","3":"status-publish","4":"has-post-thumbnail","6":"product_cat-reflective-target-prism","7":"product_cat-mini-prism-with-pole","9":"first","10":"instock","11":"shipping-taxable","12":"product-type-simple"},"_links":{"self":[{"href":"https:\/\/mountlaser.com\/pl\/wp-json\/wp\/v2\/product\/3453","targetHints":{"allow":["GET"]}}],"collection":[{"href":"https:\/\/mountlaser.com\/pl\/wp-json\/wp\/v2\/product"}],"about":[{"href":"https:\/\/mountlaser.com\/pl\/wp-json\/wp\/v2\/types\/product"}],"replies":[{"embeddable":true,"href":"https:\/\/mountlaser.com\/pl\/wp-json\/wp\/v2\/comments?post=3453"}],"wp:featuredmedia":[{"embeddable":true,"href":"https:\/\/mountlaser.com\/pl\/wp-json\/wp\/v2\/media\/3459"}],"wp:attachment":[{"href":"https:\/\/mountlaser.com\/pl\/wp-json\/wp\/v2\/media?parent=3453"}],"wp:term":[{"taxonomy":"product_brand","embeddable":true,"href":"https:\/\/mountlaser.com\/pl\/wp-json\/wp\/v2\/product_brand?post=3453"},{"taxonomy":"product_cat","embeddable":true,"href":"https:\/\/mountlaser.com\/pl\/wp-json\/wp\/v2\/product_cat?post=3453"},{"taxonomy":"product_tag","embeddable":true,"href":"https:\/\/mountlaser.com\/pl\/wp-json\/wp\/v2\/product_tag?post=3453"}],"curies":[{"name":"wp","href":"https:\/\/api.w.org\/{rel}","templated":true}]}}