{"id":3441,"date":"2025-11-05T09:00:30","date_gmt":"2025-11-05T09:00:30","guid":{"rendered":"https:\/\/mountlaser.com\/?post_type=product&#038;p=3441"},"modified":"2025-11-28T02:09:25","modified_gmt":"2025-11-28T02:09:25","slug":"5m-aluminum-leveling-staff","status":"publish","type":"product","link":"https:\/\/mountlaser.com\/pl\/produkt\/5m-aluminum-leveling-staff\/","title":{"rendered":"5M aluminiowa \u0142ata poziomuj\u0105ca"},"content":{"rendered":"<p><a href=\"https:\/\/mountlaser.com\/pl\/\"><strong>5M aluminiowa \u0142ata poziomuj\u0105ca<\/strong><\/a> Zosta\u0142 zaprojektowany dla profesjonalist\u00f3w, kt\u00f3rzy potrzebuj\u0105 wi\u0119kszego zasi\u0119gu bez kompromis\u00f3w w zakresie mobilno\u015bci i precyzji. Nazywany r\u00f3wnie\u017c aluminiow\u0105 \u0142at\u0105 niwelacyjn\u0105 5M, ten przyrz\u0105d to niezawodne rozwi\u0105zanie do du\u017cych projekt\u00f3w geodezyjnych i budowlanych. Nasza teleskopowa aluminiowa \u0142ata niwelacyjna 5M rozci\u0105ga si\u0119 na pe\u0142ne 5 metr\u00f3w, zapewniaj\u0105c niezb\u0119dny zasi\u0119g do kompleksowych pomiar\u00f3w wysoko\u015bci za pomoc\u0105 niwelator\u00f3w laserowych i optycznych. Innowacyjna, 5-sekcyjna konstrukcja sprawia, \u017ce ta 5-metrowa, 5-sekcyjna aluminiowa \u0142ata geodezyjna jest wyj\u0105tkowo kompaktowa po z\u0142o\u017ceniu, co u\u0142atwia transport i przechowywanie.<\/p>\n<p>Wykonana z wysokowytrzyma\u0142ego stopu aluminium 6061 z anodowanym na srebrno wyko\u0144czeniem, ta \u0142ata jest odporna na korozj\u0119 i wytrzyma intensywne, codzienne u\u017cytkowanie. Podzia\u0142ka jest nanoszona tradycyjnym sitodrukiem, a nast\u0119pnie suszona w wysokiej temperaturze, co zapewnia wysok\u0105 odporno\u015b\u0107 na warunki atmosferyczne, \u015bcieranie i blakni\u0119cie. Gwarantuje to d\u0142ugotrwa\u0142\u0105 czytelno\u015b\u0107 i niezawodno\u015b\u0107 tej aluminiowej \u0142aty teleskopowej o d\u0142ugo\u015bci 5 m. W komplecie z ochronn\u0105 torb\u0105 transportow\u0105. <a href=\"https:\/\/mountlaser.com\/pl\/about-us\/\"><strong>5-metrowy 5-sekcyjny aluminiowy personel pomiarowy<\/strong><\/a> to kompletny, gotowy do wdro\u017cenia zestaw na ka\u017cdym placu budowy.<\/p>\n<p>&nbsp;<\/p>\n<p>Standardowe rozmiary obejmuj\u0105 5 m\/5 sekcji<\/p>\n<p>Na obrazku mo\u017cna wybiera\u0107 spo\u015br\u00f3d r\u00f3\u017cnych sposob\u00f3w przedstawienia.<img fetchpriority=\"high\" decoding=\"async\" class=\"alignnone wp-image-3428\" src=\"https:\/\/mountlaser.com\/wp-content\/uploads\/2025\/11\/0b2093a1-9948-45d7-b293-7bf17d80b027_\u526f\u672c.webp\" alt=\"5 Meter 5-Section Aluminium Survey Staff\" width=\"500\" height=\"500\" srcset=\"https:\/\/mountlaser.com\/wp-content\/uploads\/2025\/11\/0b2093a1-9948-45d7-b293-7bf17d80b027_\u526f\u672c.webp 800w, https:\/\/mountlaser.com\/wp-content\/uploads\/2025\/11\/0b2093a1-9948-45d7-b293-7bf17d80b027_\u526f\u672c-300x300.webp 300w, https:\/\/mountlaser.com\/wp-content\/uploads\/2025\/11\/0b2093a1-9948-45d7-b293-7bf17d80b027_\u526f\u672c-400x400.webp 400w, https:\/\/mountlaser.com\/wp-content\/uploads\/2025\/11\/0b2093a1-9948-45d7-b293-7bf17d80b027_\u526f\u672c-600x600.webp 600w, https:\/\/mountlaser.com\/wp-content\/uploads\/2025\/11\/0b2093a1-9948-45d7-b293-7bf17d80b027_\u526f\u672c-150x150.webp 150w, https:\/\/mountlaser.com\/wp-content\/uploads\/2025\/11\/0b2093a1-9948-45d7-b293-7bf17d80b027_\u526f\u672c-768x768.webp 768w, https:\/\/mountlaser.com\/wp-content\/uploads\/2025\/11\/0b2093a1-9948-45d7-b293-7bf17d80b027_\u526f\u672c-12x12.webp 12w\" sizes=\"(max-width: 500px) 100vw, 500px\" \/><\/p>\n<p>&nbsp;<\/p>\n<p><img decoding=\"async\" class=\"aligncenter wp-image-3429\" src=\"https:\/\/mountlaser.com\/wp-content\/uploads\/2025\/11\/228c0b4c-8469-40d6-a029-3e5a5f677176_\u526f\u672c.webp\" alt=\"5 Meter 5-Section Aluminium Survey Staff\" width=\"500\" height=\"500\" srcset=\"https:\/\/mountlaser.com\/wp-content\/uploads\/2025\/11\/228c0b4c-8469-40d6-a029-3e5a5f677176_\u526f\u672c.webp 800w, https:\/\/mountlaser.com\/wp-content\/uploads\/2025\/11\/228c0b4c-8469-40d6-a029-3e5a5f677176_\u526f\u672c-300x300.webp 300w, https:\/\/mountlaser.com\/wp-content\/uploads\/2025\/11\/228c0b4c-8469-40d6-a029-3e5a5f677176_\u526f\u672c-400x400.webp 400w, https:\/\/mountlaser.com\/wp-content\/uploads\/2025\/11\/228c0b4c-8469-40d6-a029-3e5a5f677176_\u526f\u672c-600x600.webp 600w, https:\/\/mountlaser.com\/wp-content\/uploads\/2025\/11\/228c0b4c-8469-40d6-a029-3e5a5f677176_\u526f\u672c-150x150.webp 150w, https:\/\/mountlaser.com\/wp-content\/uploads\/2025\/11\/228c0b4c-8469-40d6-a029-3e5a5f677176_\u526f\u672c-768x768.webp 768w, https:\/\/mountlaser.com\/wp-content\/uploads\/2025\/11\/228c0b4c-8469-40d6-a029-3e5a5f677176_\u526f\u672c-12x12.webp 12w\" sizes=\"(max-width: 500px) 100vw, 500px\" \/><\/p>","protected":false},"excerpt":{"rendered":"<ul>\n<li>Jako 5-metrowy aluminiowy s\u0142up geodezyjny z\u0142o\u017cony z 5 sekcji, mo\u017cna go z\u0142o\u017cy\u0107 do ma\u0142ych, por\u0119cznych rozmiar\u00f3w, dzi\u0119ki czemu jest niezwykle \u0142atwy do przenoszenia i przechowywania.<\/li>\n<li>W zestawie znajduje si\u0119 por\u0119czna torba transportowa, dzi\u0119ki kt\u00f3rej ca\u0142y system teleskopowych aluminiowych \u0142at poziomuj\u0105cych 5M jest przeno\u015bny i chroniony podczas transportu.<\/li>\n<\/ul>","protected":false},"featured_media":3446,"comment_status":"open","ping_status":"closed","template":"","meta":[],"product_brand":[],"product_cat":[90],"product_tag":[],"class_list":{"0":"post-3441","1":"product","2":"type-product","3":"status-publish","4":"has-post-thumbnail","6":"product_cat-leveling-staff","8":"first","9":"instock","10":"shipping-taxable","11":"product-type-simple"},"_links":{"self":[{"href":"https:\/\/mountlaser.com\/pl\/wp-json\/wp\/v2\/product\/3441","targetHints":{"allow":["GET"]}}],"collection":[{"href":"https:\/\/mountlaser.com\/pl\/wp-json\/wp\/v2\/product"}],"about":[{"href":"https:\/\/mountlaser.com\/pl\/wp-json\/wp\/v2\/types\/product"}],"replies":[{"embeddable":true,"href":"https:\/\/mountlaser.com\/pl\/wp-json\/wp\/v2\/comments?post=3441"}],"wp:featuredmedia":[{"embeddable":true,"href":"https:\/\/mountlaser.com\/pl\/wp-json\/wp\/v2\/media\/3446"}],"wp:attachment":[{"href":"https:\/\/mountlaser.com\/pl\/wp-json\/wp\/v2\/media?parent=3441"}],"wp:term":[{"taxonomy":"product_brand","embeddable":true,"href":"https:\/\/mountlaser.com\/pl\/wp-json\/wp\/v2\/product_brand?post=3441"},{"taxonomy":"product_cat","embeddable":true,"href":"https:\/\/mountlaser.com\/pl\/wp-json\/wp\/v2\/product_cat?post=3441"},{"taxonomy":"product_tag","embeddable":true,"href":"https:\/\/mountlaser.com\/pl\/wp-json\/wp\/v2\/product_tag?post=3441"}],"curies":[{"name":"wp","href":"https:\/\/api.w.org\/{rel}","templated":true}]}}