{"id":3435,"date":"2025-11-05T08:52:36","date_gmt":"2025-11-05T08:52:36","guid":{"rendered":"https:\/\/mountlaser.com\/?post_type=product&#038;p=3435"},"modified":"2025-11-28T02:15:49","modified_gmt":"2025-11-28T02:15:49","slug":"4m-aluminum-leveling-staff","status":"publish","type":"product","link":"https:\/\/mountlaser.com\/pl\/produkt\/4m-aluminum-leveling-staff\/","title":{"rendered":"4M aluminiowa \u0142ata poziomuj\u0105ca"},"content":{"rendered":"<p><a href=\"https:\/\/mountlaser.com\/pl\/\"><strong>4M aluminiowa \u0142ata poziomuj\u0105ca<\/strong><\/a> to profesjonalne narz\u0119dzie zaprojektowane z my\u015bl\u0105 o precyzji i wydajno\u015bci na placu budowy. Znany r\u00f3wnie\u017c jako aluminiowa \u0142ata niwelacyjna 4M, produkt ten zosta\u0142 zaprojektowany, aby sprosta\u0107 rygorystycznym wymaganiom geodet\u00f3w i specjalist\u00f3w budowlanych.<\/p>\n<p>Jest to solidna teleskopowa \u0142ata niwelacyjna, kt\u00f3ra rozci\u0105ga si\u0119 na pe\u0142n\u0105 d\u0142ugo\u015b\u0107 4 metr\u00f3w, zapewniaj\u0105c zasi\u0119g niezb\u0119dny do szerokiej gamy zada\u0144 pomiarowych z u\u017cyciem zar\u00f3wno niwelator\u00f3w laserowych, jak i optycznych.<\/p>\n<p>&nbsp;<\/p>\n<p>Wykonany z wysokowytrzyma\u0142ego stopu aluminium 6061 z ochronnym, srebrnym anodowaniem, ten aluminiowy przyrz\u0105d pomiarowy zosta\u0142 zaprojektowany z my\u015bl\u0105 o zwi\u0119kszonej trwa\u0142o\u015bci i d\u0142ugowieczno\u015bci. Jest skutecznie odporny na korozj\u0119 i wytrzymuje trudne warunki zewn\u0119trzne. Wyra\u017ana skala jest nanoszona metod\u0105 tradycyjnego sitodruku i suszona w wysokiej temperaturze, co zapewnia doskona\u0142\u0105 przyczepno\u015b\u0107, odporno\u015b\u0107 na warunki atmosferyczne i \u015bcieranie. Dzi\u0119ki temu oznaczenia na tym przyrz\u0105dzie s\u0105\u2026 <a href=\"https:\/\/mountlaser.com\/pl\/products\/\"><strong>Teleskopowy \u0142at poziomuj\u0105cy<\/strong><\/a> \u0141atwy do odczytania i trwa\u0142y, nawet przy intensywnym u\u017cytkowaniu. Do\u0142\u0105czona torba transportowa sprawia, \u017ce ten przeno\u015bny aluminiowy przyrz\u0105d pomiarowy jest \u0142atwy w transporcie i przechowywaniu, stanowi\u0105c kompleksowe rozwi\u0105zanie dla ka\u017cdego profesjonalisty.<\/p>\n<p>Standardowe rozmiary obejmuj\u0105 <a href=\"https:\/\/mountlaser.com\/pl\/contact-us\/\">4m\/4-sekcyjny<\/a><\/p>\n<p><img fetchpriority=\"high\" decoding=\"async\" class=\"wp-image-3428 aligncenter\" src=\"https:\/\/mountlaser.com\/wp-content\/uploads\/2025\/11\/0b2093a1-9948-45d7-b293-7bf17d80b027_\u526f\u672c.webp\" alt=\"Telescopic Leveling Rod\" width=\"500\" height=\"500\" srcset=\"https:\/\/mountlaser.com\/wp-content\/uploads\/2025\/11\/0b2093a1-9948-45d7-b293-7bf17d80b027_\u526f\u672c.webp 800w, https:\/\/mountlaser.com\/wp-content\/uploads\/2025\/11\/0b2093a1-9948-45d7-b293-7bf17d80b027_\u526f\u672c-300x300.webp 300w, https:\/\/mountlaser.com\/wp-content\/uploads\/2025\/11\/0b2093a1-9948-45d7-b293-7bf17d80b027_\u526f\u672c-400x400.webp 400w, https:\/\/mountlaser.com\/wp-content\/uploads\/2025\/11\/0b2093a1-9948-45d7-b293-7bf17d80b027_\u526f\u672c-600x600.webp 600w, https:\/\/mountlaser.com\/wp-content\/uploads\/2025\/11\/0b2093a1-9948-45d7-b293-7bf17d80b027_\u526f\u672c-150x150.webp 150w, https:\/\/mountlaser.com\/wp-content\/uploads\/2025\/11\/0b2093a1-9948-45d7-b293-7bf17d80b027_\u526f\u672c-768x768.webp 768w, https:\/\/mountlaser.com\/wp-content\/uploads\/2025\/11\/0b2093a1-9948-45d7-b293-7bf17d80b027_\u526f\u672c-12x12.webp 12w\" sizes=\"(max-width: 500px) 100vw, 500px\" \/><\/p>\n<p>Na obrazku mo\u017cna wybiera\u0107 spo\u015br\u00f3d r\u00f3\u017cnych sposob\u00f3w przedstawienia.<\/p>\n<p><img decoding=\"async\" class=\"aligncenter wp-image-3429\" src=\"https:\/\/mountlaser.com\/wp-content\/uploads\/2025\/11\/228c0b4c-8469-40d6-a029-3e5a5f677176_\u526f\u672c.webp\" alt=\"Telescopic Leveling Rod\" width=\"500\" height=\"500\" srcset=\"https:\/\/mountlaser.com\/wp-content\/uploads\/2025\/11\/228c0b4c-8469-40d6-a029-3e5a5f677176_\u526f\u672c.webp 800w, https:\/\/mountlaser.com\/wp-content\/uploads\/2025\/11\/228c0b4c-8469-40d6-a029-3e5a5f677176_\u526f\u672c-300x300.webp 300w, https:\/\/mountlaser.com\/wp-content\/uploads\/2025\/11\/228c0b4c-8469-40d6-a029-3e5a5f677176_\u526f\u672c-400x400.webp 400w, https:\/\/mountlaser.com\/wp-content\/uploads\/2025\/11\/228c0b4c-8469-40d6-a029-3e5a5f677176_\u526f\u672c-600x600.webp 600w, https:\/\/mountlaser.com\/wp-content\/uploads\/2025\/11\/228c0b4c-8469-40d6-a029-3e5a5f677176_\u526f\u672c-150x150.webp 150w, https:\/\/mountlaser.com\/wp-content\/uploads\/2025\/11\/228c0b4c-8469-40d6-a029-3e5a5f677176_\u526f\u672c-768x768.webp 768w, https:\/\/mountlaser.com\/wp-content\/uploads\/2025\/11\/228c0b4c-8469-40d6-a029-3e5a5f677176_\u526f\u672c-12x12.webp 12w\" sizes=\"(max-width: 500px) 100vw, 500px\" \/><\/p>","protected":false},"excerpt":{"rendered":"<ul>\n<li>S\u0142u\u017cy jako 4-metrowa teleskopowa \u0142ata niwelacyjna do dok\u0142adnego okre\u015blania r\u00f3\u017cnic wysoko\u015bci i wysoko\u015bci za pomoc\u0105 r\u00f3\u017cnych urz\u0105dze\u0144 niwelacyjnych.<\/li>\n<li>Posiada bardzo czyteln\u0105, odporn\u0105 na warunki atmosferyczne i korozj\u0119 skal\u0119, naniesion\u0105 metod\u0105 sitodruku i suszon\u0105 w wysokiej temperaturze, co zapewnia maksymaln\u0105 trwa\u0142o\u015b\u0107 i przejrzysto\u015b\u0107.<\/li>\n<\/ul>","protected":false},"featured_media":3439,"comment_status":"open","ping_status":"closed","template":"","meta":[],"product_brand":[],"product_cat":[90],"product_tag":[],"class_list":{"0":"post-3435","1":"product","2":"type-product","3":"status-publish","4":"has-post-thumbnail","6":"product_cat-leveling-staff","8":"first","9":"instock","10":"shipping-taxable","11":"product-type-simple"},"_links":{"self":[{"href":"https:\/\/mountlaser.com\/pl\/wp-json\/wp\/v2\/product\/3435","targetHints":{"allow":["GET"]}}],"collection":[{"href":"https:\/\/mountlaser.com\/pl\/wp-json\/wp\/v2\/product"}],"about":[{"href":"https:\/\/mountlaser.com\/pl\/wp-json\/wp\/v2\/types\/product"}],"replies":[{"embeddable":true,"href":"https:\/\/mountlaser.com\/pl\/wp-json\/wp\/v2\/comments?post=3435"}],"wp:featuredmedia":[{"embeddable":true,"href":"https:\/\/mountlaser.com\/pl\/wp-json\/wp\/v2\/media\/3439"}],"wp:attachment":[{"href":"https:\/\/mountlaser.com\/pl\/wp-json\/wp\/v2\/media?parent=3435"}],"wp:term":[{"taxonomy":"product_brand","embeddable":true,"href":"https:\/\/mountlaser.com\/pl\/wp-json\/wp\/v2\/product_brand?post=3435"},{"taxonomy":"product_cat","embeddable":true,"href":"https:\/\/mountlaser.com\/pl\/wp-json\/wp\/v2\/product_cat?post=3435"},{"taxonomy":"product_tag","embeddable":true,"href":"https:\/\/mountlaser.com\/pl\/wp-json\/wp\/v2\/product_tag?post=3435"}],"curies":[{"name":"wp","href":"https:\/\/api.w.org\/{rel}","templated":true}]}}