{"id":3427,"date":"2025-11-05T08:38:37","date_gmt":"2025-11-05T08:38:37","guid":{"rendered":"https:\/\/mountlaser.com\/?post_type=product&#038;p=3427"},"modified":"2025-11-28T02:22:32","modified_gmt":"2025-11-28T02:22:32","slug":"3m-aluminum-leveling-staff","status":"publish","type":"product","link":"https:\/\/mountlaser.com\/pl\/produkt\/3m-aluminum-leveling-staff\/","title":{"rendered":"\u0141ata poziomuj\u0105ca aluminiowa 3M"},"content":{"rendered":"<p>G\u00f3ra Laser <a href=\"https:\/\/mountlaser.com\/pl\/\u3001\/\"><strong>\u0141ata poziomuj\u0105ca aluminiowa 3M<\/strong> <\/a>(zwany r\u00f3wnie\u017c \u0142at\u0105 niwelacyjn\u0105) to precyzyjny teleskopowy pr\u0119t niwelacyjny zaprojektowany do profesjonalnych zastosowa\u0144 geodezyjnych i budowlanych. Wykonany z wysokowytrzyma\u0142ego stopu aluminium 6061 z anodowanym na srebrno wyko\u0144czeniem, oferuje wyj\u0105tkowy stosunek wytrzyma\u0142o\u015bci do masy, dzi\u0119ki czemu jest lekki i niezwykle trwa\u0142y. Dost\u0119pny jest w wersjach o grubo\u015bci \u015bcianki 1,0 mm i 0,8 mm, aby sprosta\u0107 specyficznym wymaganiom.<\/p>\n<p>Ten <a href=\"https:\/\/mountlaser.com\/pl\/about-us\/\"><strong>Zesp\u00f3\u0142 ds. precyzyjnego pomiaru<\/strong><\/a> Posiada wyra\u017an\u0105, trwa\u0142\u0105 skal\u0119 naniesion\u0105 metod\u0105 tradycyjnego sitodruku i suszenia w wysokiej temperaturze, co zapewnia wysok\u0105 odporno\u015b\u0107 oznacze\u0144 na warunki atmosferyczne, korozj\u0119 i \u015bcieranie. Skala z ty\u0142u umo\u017cliwia \u0142atwy odczyt wysoko\u015bci ca\u0142kowitej. Rozci\u0105gaj\u0105c si\u0119 do pe\u0142nej d\u0142ugo\u015bci 3 metr\u00f3w, idealnie nadaje si\u0119 do u\u017cytku zar\u00f3wno z niwelatorami laserowymi, jak i optycznymi. Jako wszechstronna i regulowana teleskopowa \u0142ata niwelacyjna, jest dostarczana z torb\u0105 transportow\u0105, co czyni j\u0105 \u0142atwym w u\u017cyciu i niezawodnym narz\u0119dziem do szerokiego zakresu potrzeb pomiarowych.<\/p>\n<p>&nbsp;<\/p>\n<p>Standardowe rozmiary obejmuj\u0105 3m\/3 sekcje.<img fetchpriority=\"high\" decoding=\"async\" class=\"aligncenter wp-image-3428\" src=\"https:\/\/mountlaser.com\/wp-content\/uploads\/2025\/11\/0b2093a1-9948-45d7-b293-7bf17d80b027_\u526f\u672c.webp\" alt=\"Telescopic Leveling Staff\" width=\"500\" height=\"500\" srcset=\"https:\/\/mountlaser.com\/wp-content\/uploads\/2025\/11\/0b2093a1-9948-45d7-b293-7bf17d80b027_\u526f\u672c.webp 800w, https:\/\/mountlaser.com\/wp-content\/uploads\/2025\/11\/0b2093a1-9948-45d7-b293-7bf17d80b027_\u526f\u672c-300x300.webp 300w, https:\/\/mountlaser.com\/wp-content\/uploads\/2025\/11\/0b2093a1-9948-45d7-b293-7bf17d80b027_\u526f\u672c-400x400.webp 400w, https:\/\/mountlaser.com\/wp-content\/uploads\/2025\/11\/0b2093a1-9948-45d7-b293-7bf17d80b027_\u526f\u672c-600x600.webp 600w, https:\/\/mountlaser.com\/wp-content\/uploads\/2025\/11\/0b2093a1-9948-45d7-b293-7bf17d80b027_\u526f\u672c-150x150.webp 150w, https:\/\/mountlaser.com\/wp-content\/uploads\/2025\/11\/0b2093a1-9948-45d7-b293-7bf17d80b027_\u526f\u672c-768x768.webp 768w, https:\/\/mountlaser.com\/wp-content\/uploads\/2025\/11\/0b2093a1-9948-45d7-b293-7bf17d80b027_\u526f\u672c-12x12.webp 12w\" sizes=\"(max-width: 500px) 100vw, 500px\" \/><\/p>\n<p>Na obrazku mo\u017cna wybiera\u0107 spo\u015br\u00f3d r\u00f3\u017cnych sposob\u00f3w przedstawienia.<\/p>\n<p><img decoding=\"async\" class=\"aligncenter wp-image-3429\" src=\"https:\/\/mountlaser.com\/wp-content\/uploads\/2025\/11\/228c0b4c-8469-40d6-a029-3e5a5f677176_\u526f\u672c.webp\" alt=\"Telescopic Leveling Staff\" width=\"500\" height=\"500\" srcset=\"https:\/\/mountlaser.com\/wp-content\/uploads\/2025\/11\/228c0b4c-8469-40d6-a029-3e5a5f677176_\u526f\u672c.webp 800w, https:\/\/mountlaser.com\/wp-content\/uploads\/2025\/11\/228c0b4c-8469-40d6-a029-3e5a5f677176_\u526f\u672c-300x300.webp 300w, https:\/\/mountlaser.com\/wp-content\/uploads\/2025\/11\/228c0b4c-8469-40d6-a029-3e5a5f677176_\u526f\u672c-400x400.webp 400w, https:\/\/mountlaser.com\/wp-content\/uploads\/2025\/11\/228c0b4c-8469-40d6-a029-3e5a5f677176_\u526f\u672c-600x600.webp 600w, https:\/\/mountlaser.com\/wp-content\/uploads\/2025\/11\/228c0b4c-8469-40d6-a029-3e5a5f677176_\u526f\u672c-150x150.webp 150w, https:\/\/mountlaser.com\/wp-content\/uploads\/2025\/11\/228c0b4c-8469-40d6-a029-3e5a5f677176_\u526f\u672c-768x768.webp 768w, https:\/\/mountlaser.com\/wp-content\/uploads\/2025\/11\/228c0b4c-8469-40d6-a029-3e5a5f677176_\u526f\u672c-12x12.webp 12w\" sizes=\"(max-width: 500px) 100vw, 500px\" \/><\/p>","protected":false},"excerpt":{"rendered":"<ul>\n<li>Pe\u0142ni funkcj\u0119 3-metrowej teleskopowej \u0142aty niwelacyjnej, s\u0142u\u017c\u0105cej do okre\u015blania r\u00f3\u017cnic wysoko\u015bci i wysoko\u015bci za pomoc\u0105 niwelator\u00f3w optycznych lub laserowych.<\/li>\n<li>Skala z ty\u0142u umo\u017cliwia wygodny odczyt ca\u0142kowitego wzrostu, co wspomaga precyzyjne zbieranie danych.<\/li>\n<li>W zestawie znajduje si\u0119 praktyczna torba transportowa, dzi\u0119ki kt\u00f3rej ca\u0142y zestaw Precision Surveying Staff mo\u017cna \u0142atwo transportowa\u0107 i przechowywa\u0107.<\/li>\n<\/ul>","protected":false},"featured_media":3431,"comment_status":"open","ping_status":"closed","template":"","meta":[],"product_brand":[],"product_cat":[90],"product_tag":[],"class_list":{"0":"post-3427","1":"product","2":"type-product","3":"status-publish","4":"has-post-thumbnail","6":"product_cat-leveling-staff","8":"first","9":"instock","10":"shipping-taxable","11":"product-type-simple"},"_links":{"self":[{"href":"https:\/\/mountlaser.com\/pl\/wp-json\/wp\/v2\/product\/3427","targetHints":{"allow":["GET"]}}],"collection":[{"href":"https:\/\/mountlaser.com\/pl\/wp-json\/wp\/v2\/product"}],"about":[{"href":"https:\/\/mountlaser.com\/pl\/wp-json\/wp\/v2\/types\/product"}],"replies":[{"embeddable":true,"href":"https:\/\/mountlaser.com\/pl\/wp-json\/wp\/v2\/comments?post=3427"}],"wp:featuredmedia":[{"embeddable":true,"href":"https:\/\/mountlaser.com\/pl\/wp-json\/wp\/v2\/media\/3431"}],"wp:attachment":[{"href":"https:\/\/mountlaser.com\/pl\/wp-json\/wp\/v2\/media?parent=3427"}],"wp:term":[{"taxonomy":"product_brand","embeddable":true,"href":"https:\/\/mountlaser.com\/pl\/wp-json\/wp\/v2\/product_brand?post=3427"},{"taxonomy":"product_cat","embeddable":true,"href":"https:\/\/mountlaser.com\/pl\/wp-json\/wp\/v2\/product_cat?post=3427"},{"taxonomy":"product_tag","embeddable":true,"href":"https:\/\/mountlaser.com\/pl\/wp-json\/wp\/v2\/product_tag?post=3427"}],"curies":[{"name":"wp","href":"https:\/\/api.w.org\/{rel}","templated":true}]}}