{"id":3417,"date":"2025-11-05T08:41:37","date_gmt":"2025-11-05T08:41:37","guid":{"rendered":"https:\/\/mountlaser.com\/?post_type=product&#038;p=3417"},"modified":"2025-11-28T02:17:17","modified_gmt":"2025-11-28T02:17:17","slug":"trm02-tr-large-monitoring-prism","status":"publish","type":"product","link":"https:\/\/mountlaser.com\/pl\/produkt\/trm02-tr-large-monitoring-prism\/","title":{"rendered":"TRM02 TR Du\u017cy pryzmat monitoruj\u0105cy"},"content":{"rendered":"<p>Ten <a href=\"https:\/\/mountlaser.com\/pl\/\"><strong>TRM02 TR Du\u017cy pryzmat monitoruj\u0105cy<\/strong><\/a> zosta\u0142 zaprojektowany z my\u015bl\u0105 o precyzji i stabilno\u015bci dalekiego zasi\u0119gu w profesjonalnych zastosowaniach geodezyjnych i monitoringu geotechnicznego. Zaprojektowany z my\u015bl\u0105 o wyj\u0105tkowej wydajno\u015bci, ten pryzmat do monitoringu Trimble Survey \u0142\u0105czy w sobie solidn\u0105 konstrukcj\u0119, odporno\u015b\u0107 na warunki atmosferyczne i elastyczn\u0105 instalacj\u0119, aby zapewni\u0107 sp\u00f3jne wyniki nawet w najtrudniejszych warunkach.<\/p>\n<p>Ten <a href=\"https:\/\/mountlaser.com\/pl\/products\/\"><strong>Du\u017cy pryzmat monitoruj\u0105cy<\/strong><\/a> Posiada pe\u0142nowymiarowy pryzmat o \u015brednicy 62 mm, pokryty srebrem, zoptymalizowany pod k\u0105tem precyzyjnego monitorowania z du\u017cej odleg\u0142o\u015bci. Oferuje on przesuni\u0119cie absolutne -40 mm z precyzj\u0105 \u00b12 mm oraz dwuosiowy system obrotu umo\u017cliwiaj\u0105cy precyzyjn\u0105 regulacj\u0119 i stabilne ustawienie. Os\u0142ona przeciwdeszczowa chroni pryzmat przed kurzem, \u015bniegiem i wilgoci\u0105, zapewniaj\u0105c wiarygodne pomiary nawet w trudnych warunkach terenowych.<\/p>\n<p><img fetchpriority=\"high\" decoding=\"async\" class=\"aligncenter wp-image-3418\" src=\"https:\/\/mountlaser.com\/wp-content\/uploads\/2025\/11\/5-7TRM021.webp\" alt=\"TRM02 Large Monitoring Prism\" width=\"500\" height=\"500\" srcset=\"https:\/\/mountlaser.com\/wp-content\/uploads\/2025\/11\/5-7TRM021.webp 1000w, https:\/\/mountlaser.com\/wp-content\/uploads\/2025\/11\/5-7TRM021-300x300.webp 300w, https:\/\/mountlaser.com\/wp-content\/uploads\/2025\/11\/5-7TRM021-400x400.webp 400w, https:\/\/mountlaser.com\/wp-content\/uploads\/2025\/11\/5-7TRM021-800x800.webp 800w, https:\/\/mountlaser.com\/wp-content\/uploads\/2025\/11\/5-7TRM021-600x600.webp 600w, https:\/\/mountlaser.com\/wp-content\/uploads\/2025\/11\/5-7TRM021-150x150.webp 150w, https:\/\/mountlaser.com\/wp-content\/uploads\/2025\/11\/5-7TRM021-768x768.webp 768w, https:\/\/mountlaser.com\/wp-content\/uploads\/2025\/11\/5-7TRM021-12x12.webp 12w\" sizes=\"(max-width: 500px) 100vw, 500px\" \/><\/p>\n<p>Zbudowany na bazie wytrzyma\u0142ego uchwytu L o wymiarach 2,3\u2033 \u00d7 3,4\u2033, <a href=\"https:\/\/mountlaser.com\/pl\/contact-us\/\">TRM02 TR Du\u017cy pryzmat monitoruj\u0105cy<\/a> Zapewnia bezpieczny monta\u017c za pomoc\u0105 pi\u0119ciu otwor\u00f3w monta\u017cowych, zapewniaj\u0105c maksymaln\u0105 stabilno\u015b\u0107. Kompatybilny ze wszystkimi wkr\u0119canymi pojemnikami na pryzmaty M20, zosta\u0142 zaprojektowany z my\u015bl\u0105 o bezproblemowej integracji z systemami Trimble i innymi profesjonalnymi systemami monitorowania. Lekki, a jednocze\u015bnie wytrzyma\u0142y, idealnie nadaje si\u0119 do d\u0142ugoterminowej obserwacji konstrukcji, prac g\u00f3rniczych i monitorowania odkszta\u0142ce\u0144.<\/p>","protected":false},"excerpt":{"rendered":"<p>\u2022 Do monitorowania dalekiego zasi\u0119gu i wysokiej precyzji<br \/>\n\u2022 Dwuosiowy obrotowy mechanizm i blokady ze stali nierdzewnej zapewniaj\u0105 stabilne ustawienie<br \/>\n\u2022 Os\u0142ona przeciwdeszczowa zapewnia dok\u0142adno\u015b\u0107 pomiaru w niesprzyjaj\u0105cych warunkach pogodowych<br \/>\n\u2022 Wytrzyma\u0142a podstawa w kszta\u0142cie litery L z wieloma otworami monta\u017cowymi<br \/>\n\u2022 Lekki i wytrzyma\u0142y \u2013 idealny do monitorowania i wydobywania kryptowalut<br \/>\n\u2022 Dost\u0119pne w wersjach o dok\u0142adno\u015bci 2\u2033 lub 3\u20134\u2033<\/p>","protected":false},"featured_media":3422,"comment_status":"open","ping_status":"closed","template":"","meta":[],"product_brand":[],"product_cat":[72,112],"product_tag":[],"class_list":{"0":"post-3417","1":"product","2":"type-product","3":"status-publish","4":"has-post-thumbnail","6":"product_cat-reflective-target-prism","7":"product_cat-monitoring-prism","9":"first","10":"instock","11":"shipping-taxable","12":"product-type-simple"},"_links":{"self":[{"href":"https:\/\/mountlaser.com\/pl\/wp-json\/wp\/v2\/product\/3417","targetHints":{"allow":["GET"]}}],"collection":[{"href":"https:\/\/mountlaser.com\/pl\/wp-json\/wp\/v2\/product"}],"about":[{"href":"https:\/\/mountlaser.com\/pl\/wp-json\/wp\/v2\/types\/product"}],"replies":[{"embeddable":true,"href":"https:\/\/mountlaser.com\/pl\/wp-json\/wp\/v2\/comments?post=3417"}],"wp:featuredmedia":[{"embeddable":true,"href":"https:\/\/mountlaser.com\/pl\/wp-json\/wp\/v2\/media\/3422"}],"wp:attachment":[{"href":"https:\/\/mountlaser.com\/pl\/wp-json\/wp\/v2\/media?parent=3417"}],"wp:term":[{"taxonomy":"product_brand","embeddable":true,"href":"https:\/\/mountlaser.com\/pl\/wp-json\/wp\/v2\/product_brand?post=3417"},{"taxonomy":"product_cat","embeddable":true,"href":"https:\/\/mountlaser.com\/pl\/wp-json\/wp\/v2\/product_cat?post=3417"},{"taxonomy":"product_tag","embeddable":true,"href":"https:\/\/mountlaser.com\/pl\/wp-json\/wp\/v2\/product_tag?post=3417"}],"curies":[{"name":"wp","href":"https:\/\/api.w.org\/{rel}","templated":true}]}}