{"id":3408,"date":"2025-11-05T07:50:42","date_gmt":"2025-11-05T07:50:42","guid":{"rendered":"https:\/\/mountlaser.com\/?post_type=product&#038;p=3408"},"modified":"2025-11-28T02:25:47","modified_gmt":"2025-11-28T02:25:47","slug":"gpr112s-monitoring-prism-set","status":"publish","type":"product","link":"https:\/\/mountlaser.com\/pl\/produkt\/gpr112s-monitoring-prism-set\/","title":{"rendered":"Zestaw pryzmat\u00f3w monitoruj\u0105cych GPR112S"},"content":{"rendered":"<p>Ten <a href=\"https:\/\/mountlaser.com\/pl\/\"><strong>Zestaw pryzmat\u00f3w monitoruj\u0105cych GPR112S<\/strong><\/a> zosta\u0142 zaprojektowany z my\u015bl\u0105 o precyzji i niezawodno\u015bci w d\u0142ugoterminowym monitoringu konstrukcji i geotechniki. Zaprojektowany do pracy w najbardziej wymagaj\u0105cych warunkach terenowych, zestaw pryzmat\u00f3w monitoruj\u0105cych GPR112S oferuje wyj\u0105tkow\u0105 dok\u0142adno\u015b\u0107, trwa\u0142o\u015b\u0107 i stabilno\u015b\u0107, co czyni go niezb\u0119dnym narz\u0119dziem dla profesjonalnych geodet\u00f3w i specjalist\u00f3w ds. monitoringu.<\/p>\n<p>Ten <a href=\"https:\/\/mountlaser.com\/pl\/products\/\"><strong>Zestaw pryzmat\u00f3w monitoruj\u0105cych<\/strong><\/a> Zawiera 62-milimetrowy pryzmat pokryty srebrem, kt\u00f3ry zapewnia wyj\u0105tkow\u0105 refleksyjno\u015b\u0107 i dok\u0142adno\u015b\u0107 pomiaru z du\u017cego zasi\u0119gu. Dost\u0119pny z dok\u0142adno\u015bci\u0105 k\u0105tow\u0105 2\u2033 lub 3\u20134\u2033, zapewnia elastyczno\u015b\u0107 w spe\u0142nianiu r\u00f3\u017cnorodnych wymaga\u0144 monitoringu. Kompletny zestaw zawiera zestaw monta\u017cowy i os\u0142on\u0119 przed czynnikami atmosferycznymi, zapewniaj\u0105c niezawodn\u0105 prac\u0119 nawet w deszczu, \u015bniegu i warunkach zapylenia.<\/p>\n<p><img fetchpriority=\"high\" decoding=\"async\" class=\"aligncenter wp-image-3410\" src=\"https:\/\/mountlaser.com\/wp-content\/uploads\/2025\/11\/5-8GRPR112S2.webp\" alt=\"GPR112S Monitoring Prism Set\" width=\"500\" height=\"500\" srcset=\"https:\/\/mountlaser.com\/wp-content\/uploads\/2025\/11\/5-8GRPR112S2.webp 1000w, https:\/\/mountlaser.com\/wp-content\/uploads\/2025\/11\/5-8GRPR112S2-300x300.webp 300w, https:\/\/mountlaser.com\/wp-content\/uploads\/2025\/11\/5-8GRPR112S2-400x400.webp 400w, https:\/\/mountlaser.com\/wp-content\/uploads\/2025\/11\/5-8GRPR112S2-800x800.webp 800w, https:\/\/mountlaser.com\/wp-content\/uploads\/2025\/11\/5-8GRPR112S2-600x600.webp 600w, https:\/\/mountlaser.com\/wp-content\/uploads\/2025\/11\/5-8GRPR112S2-150x150.webp 150w, https:\/\/mountlaser.com\/wp-content\/uploads\/2025\/11\/5-8GRPR112S2-768x768.webp 768w, https:\/\/mountlaser.com\/wp-content\/uploads\/2025\/11\/5-8GRPR112S2-12x12.webp 12w\" sizes=\"(max-width: 500px) 100vw, 500px\" \/><\/p>\n<p>Ten <a href=\"https:\/\/mountlaser.com\/pl\/contact-us\/\">Zestaw pryzmat\u00f3w monitoruj\u0105cych GPR112S<\/a> Obs\u0142uguje zar\u00f3wno gwint M8, jak i 5\/8\u2033, oferuj\u0105c prost\u0105 i bezpieczn\u0105 instalacj\u0119 na r\u00f3\u017cnych powierzchniach. Dwuosiowy system regulacji umo\u017cliwia precyzyjne ustawienie pryzmatu, co zapewnia optymaln\u0105 dok\u0142adno\u015b\u0107 celowania. Wykonany z wytrzyma\u0142ych materia\u0142\u00f3w i odporny na warunki atmosferyczne, zapewnia sta\u0142\u0105 jako\u015b\u0107 pomiar\u00f3w i d\u0142ugotrwa\u0142\u0105 stabilno\u015b\u0107 w warunkach zewn\u0119trznych.<\/p>","protected":false},"excerpt":{"rendered":"<p>\u2022 Do pomiar\u00f3w o wysokiej precyzji i du\u017cym zasi\u0119gu<br \/>\n\u2022 Konstrukcja dwuosiowa z regulacj\u0105 zapewniaj\u0105ca dok\u0142adne ustawienie i stabilno\u015b\u0107<br \/>\n\u2022 Odporny na warunki atmosferyczne kaptur chroni przed deszczem, \u015bniegiem i kurzem<br \/>\n\u2022 Sta\u0142e pryzmatu: -34,4 mm (bezwzgl\u0119dne), +0,0 mm (szwajcarskie)<br \/>\n\u2022 Kompletny pakiet z zestawem monta\u017cowym i os\u0142on\u0105 przed czynnikami atmosferycznymi<\/p>","protected":false},"featured_media":3409,"comment_status":"open","ping_status":"closed","template":"","meta":[],"product_brand":[],"product_cat":[72,112],"product_tag":[],"class_list":{"0":"post-3408","1":"product","2":"type-product","3":"status-publish","4":"has-post-thumbnail","6":"product_cat-reflective-target-prism","7":"product_cat-monitoring-prism","9":"first","10":"instock","11":"shipping-taxable","12":"product-type-simple"},"_links":{"self":[{"href":"https:\/\/mountlaser.com\/pl\/wp-json\/wp\/v2\/product\/3408","targetHints":{"allow":["GET"]}}],"collection":[{"href":"https:\/\/mountlaser.com\/pl\/wp-json\/wp\/v2\/product"}],"about":[{"href":"https:\/\/mountlaser.com\/pl\/wp-json\/wp\/v2\/types\/product"}],"replies":[{"embeddable":true,"href":"https:\/\/mountlaser.com\/pl\/wp-json\/wp\/v2\/comments?post=3408"}],"wp:featuredmedia":[{"embeddable":true,"href":"https:\/\/mountlaser.com\/pl\/wp-json\/wp\/v2\/media\/3409"}],"wp:attachment":[{"href":"https:\/\/mountlaser.com\/pl\/wp-json\/wp\/v2\/media?parent=3408"}],"wp:term":[{"taxonomy":"product_brand","embeddable":true,"href":"https:\/\/mountlaser.com\/pl\/wp-json\/wp\/v2\/product_brand?post=3408"},{"taxonomy":"product_cat","embeddable":true,"href":"https:\/\/mountlaser.com\/pl\/wp-json\/wp\/v2\/product_cat?post=3408"},{"taxonomy":"product_tag","embeddable":true,"href":"https:\/\/mountlaser.com\/pl\/wp-json\/wp\/v2\/product_tag?post=3408"}],"curies":[{"name":"wp","href":"https:\/\/api.w.org\/{rel}","templated":true}]}}