{"id":3406,"date":"2025-11-05T06:43:23","date_gmt":"2025-11-05T06:43:23","guid":{"rendered":"https:\/\/mountlaser.com\/?post_type=product&#038;p=3406"},"modified":"2025-11-28T02:27:49","modified_gmt":"2025-11-28T02:27:49","slug":"mp062-mini-prism","status":"publish","type":"product","link":"https:\/\/mountlaser.com\/pl\/produkt\/mp062-mini-prism\/","title":{"rendered":"MP062 Mini pryzmat"},"content":{"rendered":"<p>Ten <a href=\"https:\/\/mountlaser.com\/pl\/\"><strong>MP062 Mini pryzmat<\/strong><\/a> to precyzyjnie zaprojektowany mini pryzmat do tachimetru Trimble, zaprojektowany z my\u015bl\u0105 o wysokiej dok\u0142adno\u015bci i trwa\u0142o\u015bci w wymagaj\u0105cych zastosowaniach terenowych. Wykonany z anodowanego aluminium nie\u017celaznego, mini pryzmat MP062 gwarantuje d\u0142ugotrwa\u0142\u0105 wydajno\u015b\u0107 i ochron\u0119 przed korozj\u0105 \u2014 idealny do prac geodezyjnych, prac budowlanych i projekt\u00f3w monitoringu.<\/p>\n<p>Ten <a href=\"https:\/\/mountlaser.com\/pl\/products\/\"><strong>Mini pryzmat do tachimetru Trimble<\/strong><\/a> Posiada pryzmat o \u015brednicy 25,4 mm, pokryty miedzi\u0105 lub srebrem, z mo\u017cliwo\u015bci\u0105 przesuni\u0119cia 0\/30 mm, co zapewnia elastyczno\u015b\u0107 w r\u00f3\u017cnych wymaganiach pomiarowych. Zintegrowana boczna poziomica p\u0119cherzykowa umo\u017cliwia szybkie i dok\u0142adne ustawienie, a adapter \u017ce\u0144ski 5\/8\u2033-11 gwarantuje \u0142atw\u0105 kompatybilno\u015b\u0107 ze standardowymi tyczkami geodezyjnymi lub statywami.<\/p>\n<p><img fetchpriority=\"high\" decoding=\"async\" class=\"aligncenter wp-image-3388\" src=\"https:\/\/mountlaser.com\/wp-content\/uploads\/2025\/11\/5-4MP0626.webp\" alt=\"Mini Prism for Trimble Total Station\" width=\"500\" height=\"500\" srcset=\"https:\/\/mountlaser.com\/wp-content\/uploads\/2025\/11\/5-4MP0626.webp 1000w, https:\/\/mountlaser.com\/wp-content\/uploads\/2025\/11\/5-4MP0626-300x300.webp 300w, https:\/\/mountlaser.com\/wp-content\/uploads\/2025\/11\/5-4MP0626-400x400.webp 400w, https:\/\/mountlaser.com\/wp-content\/uploads\/2025\/11\/5-4MP0626-800x800.webp 800w, https:\/\/mountlaser.com\/wp-content\/uploads\/2025\/11\/5-4MP0626-600x600.webp 600w, https:\/\/mountlaser.com\/wp-content\/uploads\/2025\/11\/5-4MP0626-150x150.webp 150w, https:\/\/mountlaser.com\/wp-content\/uploads\/2025\/11\/5-4MP0626-768x768.webp 768w, https:\/\/mountlaser.com\/wp-content\/uploads\/2025\/11\/5-4MP0626-12x12.webp 12w\" sizes=\"(max-width: 500px) 100vw, 500px\" \/><\/p>\n<p>Aby zwi\u0119kszy\u0107 stabilno\u015b\u0107 i wydajno\u015b\u0107, <a href=\"https:\/\/mountlaser.com\/pl\/contact-us\/\">Mini pryzmat do tachimetru Trimble<\/a> mo\u017cna go sparowa\u0107 z opcjonaln\u0105 minipodstawk\u0105 pryzmatyczn\u0105 MPT01 lub MPT04, dzi\u0119ki czemu jest wszechstronnym wyborem dla profesjonalist\u00f3w, kt\u00f3rzy wymagaj\u0105 niezawodno\u015bci w ka\u017cdej konfiguracji.<\/p>","protected":false},"excerpt":{"rendered":"<p>\u2022 Do precyzyjnych pomiar\u00f3w<br \/>\n\u2022 Pow\u0142oka miedziana lub srebrna zapewniaj\u0105ca optymalne odbicie<br \/>\n\u2022 Trwa\u0142a, anodowana obudowa z aluminium nie\u017celaznego<br \/>\n\u2022 Wbudowana boczna poziomica b\u0105belkowa do szybkiego wyr\u00f3wnywania<br \/>\n\u2022 Akcesoria opcjonalne: Minipodstawka pryzmatyczna MPT01 lub MPT04<\/p>","protected":false},"featured_media":3383,"comment_status":"open","ping_status":"closed","template":"","meta":[],"product_brand":[],"product_cat":[72,112],"product_tag":[],"class_list":{"0":"post-3406","1":"product","2":"type-product","3":"status-publish","4":"has-post-thumbnail","6":"product_cat-reflective-target-prism","7":"product_cat-monitoring-prism","9":"first","10":"instock","11":"shipping-taxable","12":"product-type-simple"},"_links":{"self":[{"href":"https:\/\/mountlaser.com\/pl\/wp-json\/wp\/v2\/product\/3406","targetHints":{"allow":["GET"]}}],"collection":[{"href":"https:\/\/mountlaser.com\/pl\/wp-json\/wp\/v2\/product"}],"about":[{"href":"https:\/\/mountlaser.com\/pl\/wp-json\/wp\/v2\/types\/product"}],"replies":[{"embeddable":true,"href":"https:\/\/mountlaser.com\/pl\/wp-json\/wp\/v2\/comments?post=3406"}],"wp:featuredmedia":[{"embeddable":true,"href":"https:\/\/mountlaser.com\/pl\/wp-json\/wp\/v2\/media\/3383"}],"wp:attachment":[{"href":"https:\/\/mountlaser.com\/pl\/wp-json\/wp\/v2\/media?parent=3406"}],"wp:term":[{"taxonomy":"product_brand","embeddable":true,"href":"https:\/\/mountlaser.com\/pl\/wp-json\/wp\/v2\/product_brand?post=3406"},{"taxonomy":"product_cat","embeddable":true,"href":"https:\/\/mountlaser.com\/pl\/wp-json\/wp\/v2\/product_cat?post=3406"},{"taxonomy":"product_tag","embeddable":true,"href":"https:\/\/mountlaser.com\/pl\/wp-json\/wp\/v2\/product_tag?post=3406"}],"curies":[{"name":"wp","href":"https:\/\/api.w.org\/{rel}","templated":true}]}}