{"id":3393,"date":"2025-11-05T05:03:25","date_gmt":"2025-11-05T05:03:25","guid":{"rendered":"https:\/\/mountlaser.com\/?post_type=product&#038;p=3393"},"modified":"2025-11-28T02:33:41","modified_gmt":"2025-11-28T02:33:41","slug":"mp091-mini-prism","status":"publish","type":"product","link":"https:\/\/mountlaser.com\/pl\/produkt\/mp091-mini-prism\/","title":{"rendered":"MP091 Mini pryzmat"},"content":{"rendered":"<p>Ten <a href=\"https:\/\/mountlaser.com\/pl\/\"><strong>Mini pryzmat MP091<\/strong><\/a> jest <a href=\"https:\/\/mountlaser.com\/pl\/about-us\/\"><strong>obrotowy i pochylany mini pryzmat<\/strong><\/a> Zaprojektowany do precyzyjnego monitorowania gruntu i konstrukcji w trudnych warunkach. Zaprojektowany do d\u0142ugoterminowej analizy geotechnicznej i deformacji, minipryzmat MP091 oferuje wyj\u0105tkow\u0105 stabilno\u015b\u0107, elastyczno\u015b\u0107 i odporno\u015b\u0107 na warunki atmosferyczne.<\/p>\n<p>Ten obrotowy i pochylany minipryzmat zapewnia precyzyjne k\u0105ty odbicia dla pomiar\u00f3w tachimetrycznych, gwarantuj\u0105c sp\u00f3jne zbieranie danych w trudnym terenie lub w trudno dost\u0119pnych miejscach. Minipryzmat MP091, wyposa\u017cony w wytrzyma\u0142\u0105 aluminiow\u0105 obudow\u0119 i zintegrowan\u0105 os\u0142on\u0119 przeciwdeszczow\u0105 i \u015bniegow\u0105, gwarantuje niezawodn\u0105 prac\u0119 nawet w trudnych warunkach zewn\u0119trznych.<\/p>\n<p><img fetchpriority=\"high\" decoding=\"async\" class=\"aligncenter wp-image-3395\" src=\"https:\/\/mountlaser.com\/wp-content\/uploads\/2025\/11\/2-4MP0912.webp\" alt=\"MP091 mini prism\" width=\"500\" height=\"500\" srcset=\"https:\/\/mountlaser.com\/wp-content\/uploads\/2025\/11\/2-4MP0912.webp 1000w, https:\/\/mountlaser.com\/wp-content\/uploads\/2025\/11\/2-4MP0912-300x300.webp 300w, https:\/\/mountlaser.com\/wp-content\/uploads\/2025\/11\/2-4MP0912-400x400.webp 400w, https:\/\/mountlaser.com\/wp-content\/uploads\/2025\/11\/2-4MP0912-800x800.webp 800w, https:\/\/mountlaser.com\/wp-content\/uploads\/2025\/11\/2-4MP0912-600x600.webp 600w, https:\/\/mountlaser.com\/wp-content\/uploads\/2025\/11\/2-4MP0912-150x150.webp 150w, https:\/\/mountlaser.com\/wp-content\/uploads\/2025\/11\/2-4MP0912-768x768.webp 768w, https:\/\/mountlaser.com\/wp-content\/uploads\/2025\/11\/2-4MP0912-12x12.webp 12w\" sizes=\"(max-width: 500px) 100vw, 500px\" \/><\/p>\n<p>Dost\u0119pne w<a href=\"https:\/\/mountlaser.com\/pl\/products\/\"> dwie konfiguracje<\/a> \u2014 MP091A (\u00d825,4 mm) i MP091B (\u00d835,0 mm) \u2014 ten model obs\u0142uguje opcje dok\u0142adno\u015bci 2\u2033 lub 3\u20134\u2033, aby sprosta\u0107 r\u00f3\u017cnym potrzebom monitorowania. Ka\u017cdy pryzmat jest pokryty srebrem, co zapewnia lepsz\u0105 refleksyjno\u015b\u0107 i d\u0142ugotrwa\u0142\u0105 stabilno\u015b\u0107 optyczn\u0105.<\/p>","protected":false},"excerpt":{"rendered":"<p>\u2022 Obrotowy i pochylany pryzmat umo\u017cliwiaj\u0105cy wszechstronne ustawienie<br \/>\n\u2022 Trwa\u0142a obudowa aluminiowa ze zintegrowan\u0105 os\u0142on\u0105 przed \u015bniegiem i deszczem<br \/>\n\u2022 Rozmiar p\u0142yty bazowej: 40 \u00d7 40 mm<br \/>\n\u2022 \u015arednica otworu monta\u017cowego: \u00d83 mm dla bezpiecznego monta\u017cu<br \/>\n\u2022 Pow\u0142oka srebrna zapewniaj\u0105ca d\u0142ugotrwa\u0142e odbicie i precyzj\u0119<\/p>","protected":false},"featured_media":3395,"comment_status":"open","ping_status":"closed","template":"","meta":[],"product_brand":[],"product_cat":[72,112],"product_tag":[],"class_list":{"0":"post-3393","1":"product","2":"type-product","3":"status-publish","4":"has-post-thumbnail","6":"product_cat-reflective-target-prism","7":"product_cat-monitoring-prism","9":"first","10":"instock","11":"shipping-taxable","12":"product-type-simple"},"_links":{"self":[{"href":"https:\/\/mountlaser.com\/pl\/wp-json\/wp\/v2\/product\/3393","targetHints":{"allow":["GET"]}}],"collection":[{"href":"https:\/\/mountlaser.com\/pl\/wp-json\/wp\/v2\/product"}],"about":[{"href":"https:\/\/mountlaser.com\/pl\/wp-json\/wp\/v2\/types\/product"}],"replies":[{"embeddable":true,"href":"https:\/\/mountlaser.com\/pl\/wp-json\/wp\/v2\/comments?post=3393"}],"wp:featuredmedia":[{"embeddable":true,"href":"https:\/\/mountlaser.com\/pl\/wp-json\/wp\/v2\/media\/3395"}],"wp:attachment":[{"href":"https:\/\/mountlaser.com\/pl\/wp-json\/wp\/v2\/media?parent=3393"}],"wp:term":[{"taxonomy":"product_brand","embeddable":true,"href":"https:\/\/mountlaser.com\/pl\/wp-json\/wp\/v2\/product_brand?post=3393"},{"taxonomy":"product_cat","embeddable":true,"href":"https:\/\/mountlaser.com\/pl\/wp-json\/wp\/v2\/product_cat?post=3393"},{"taxonomy":"product_tag","embeddable":true,"href":"https:\/\/mountlaser.com\/pl\/wp-json\/wp\/v2\/product_tag?post=3393"}],"curies":[{"name":"wp","href":"https:\/\/api.w.org\/{rel}","templated":true}]}}