{"id":3365,"date":"2025-11-05T06:11:46","date_gmt":"2025-11-05T06:11:46","guid":{"rendered":"https:\/\/mountlaser.com\/?post_type=product&#038;p=3365"},"modified":"2025-11-28T02:30:55","modified_gmt":"2025-11-28T02:30:55","slug":"mp061-mini-prism","status":"publish","type":"product","link":"https:\/\/mountlaser.com\/pl\/produkt\/mp061-mini-prism\/","title":{"rendered":"MP061 Mini pryzmat"},"content":{"rendered":"<p>Ten <a href=\"https:\/\/mountlaser.com\/pl\/\"><strong>MP061 Mini pryzmat<\/strong><\/a> to kompaktowy i wytrzyma\u0142y system pryzmat\u00f3w tachimetrycznych, przeznaczony do precyzyjnych pomiar\u00f3w terenowych i pomiar\u00f3w osiowych. Zaprojektowany dla profesjonalist\u00f3w wymagaj\u0105cych wydajno\u015bci i dok\u0142adno\u015bci, minipryzmat MP061 zapewnia stabilne i powtarzalne pomiary w ka\u017cdych warunkach pracy.<\/p>\n<p>Ten<a href=\"https:\/\/mountlaser.com\/pl\/about-us\/\"><strong> pryzmat tachimetru<\/strong><\/a> Posiada pryzmat o \u015brednicy 25,4 mm (1 cala) pokryty miedzi\u0105, umieszczony w wytrzyma\u0142ej, malowanej proszkowo aluminiowej ramie, co zapewnia d\u0142ugotrwa\u0142\u0105 wytrzyma\u0142o\u015b\u0107 i lepsz\u0105 refleksyjno\u015b\u0107. Podw\u00f3jny offset 0\/-30 mm pozwala na elastyczn\u0105 konfiguracj\u0119 r\u00f3\u017cnych konfiguracji pomiarowych, dzi\u0119ki czemu minipryzmat MP061 nadaje si\u0119 do r\u00f3\u017cnorodnych zastosowa\u0144 terenowych.<\/p>\n<p>Boczna, 40-minutowa, regulowana libella systemu zapewnia szybkie poziomowanie, a standardowy gwint 5\/8\u2033-11 pasuje do wi\u0119kszo\u015bci urz\u0105dze\u0144 geodezyjnych. Mechanizm blokady ciernej umo\u017cliwia pe\u0142ny obr\u00f3t o 360\u00b0, co u\u0142atwia pozycjonowanie bez utraty stabilno\u015bci. Lekki, a jednocze\u015bnie wytrzyma\u0142y, wa\u017cy zaledwie 0,5 funta (0,41 kg), zestaw zawiera wszystkie niezb\u0119dne akcesoria \u2013 grot pryzmatyczny, uchwyt, przed\u0142u\u017ck\u0119 5\/8\u2033-11 oraz wygodn\u0105 torb\u0119 z szlufk\u0105 na pasek.<\/p>\n<table width=\"587\">\n<tbody>\n<tr>\n<td width=\"72\">Model<\/td>\n<td width=\"254\">Zdj\u0119cie<\/td>\n<td width=\"261\">Notatka<\/td>\n<\/tr>\n<tr>\n<td>MP061AM<\/td>\n<td>\u00a0 \u00a0 \u00a0 \u00a0 \u00a0 \u00a0 \u00a0 \u00a0 \u00a0 <img fetchpriority=\"high\" decoding=\"async\" class=\"aligncenter wp-image-3370 size-medium\" src=\"https:\/\/mountlaser.com\/wp-content\/uploads\/2025\/11\/5-2MP061A5-300x300.webp\" alt=\"total station prism\" width=\"300\" height=\"300\" srcset=\"https:\/\/mountlaser.com\/wp-content\/uploads\/2025\/11\/5-2MP061A5-300x300.webp 300w, https:\/\/mountlaser.com\/wp-content\/uploads\/2025\/11\/5-2MP061A5-400x400.webp 400w, https:\/\/mountlaser.com\/wp-content\/uploads\/2025\/11\/5-2MP061A5-800x800.webp 800w, https:\/\/mountlaser.com\/wp-content\/uploads\/2025\/11\/5-2MP061A5-600x600.webp 600w, https:\/\/mountlaser.com\/wp-content\/uploads\/2025\/11\/5-2MP061A5-150x150.webp 150w, https:\/\/mountlaser.com\/wp-content\/uploads\/2025\/11\/5-2MP061A5-768x768.webp 768w, https:\/\/mountlaser.com\/wp-content\/uploads\/2025\/11\/5-2MP061A5-12x12.webp 12w, https:\/\/mountlaser.com\/wp-content\/uploads\/2025\/11\/5-2MP061A5.webp 1000w\" sizes=\"(max-width: 300px) 100vw, 300px\" \/><\/td>\n<td>\u015arodkowa fiolka<\/td>\n<\/tr>\n<tr>\n<td>MP061AS<\/td>\n<td><img decoding=\"async\" class=\"alignnone wp-image-3366 size-medium\" src=\"https:\/\/mountlaser.com\/wp-content\/uploads\/2025\/11\/5-2MP061A1-300x300.webp\" alt=\"total station prism\" width=\"300\" height=\"300\" srcset=\"https:\/\/mountlaser.com\/wp-content\/uploads\/2025\/11\/5-2MP061A1-300x300.webp 300w, https:\/\/mountlaser.com\/wp-content\/uploads\/2025\/11\/5-2MP061A1-400x400.webp 400w, https:\/\/mountlaser.com\/wp-content\/uploads\/2025\/11\/5-2MP061A1-800x800.webp 800w, https:\/\/mountlaser.com\/wp-content\/uploads\/2025\/11\/5-2MP061A1-600x600.webp 600w, https:\/\/mountlaser.com\/wp-content\/uploads\/2025\/11\/5-2MP061A1-150x150.webp 150w, https:\/\/mountlaser.com\/wp-content\/uploads\/2025\/11\/5-2MP061A1-768x768.webp 768w, https:\/\/mountlaser.com\/wp-content\/uploads\/2025\/11\/5-2MP061A1-12x12.webp 12w, https:\/\/mountlaser.com\/wp-content\/uploads\/2025\/11\/5-2MP061A1.webp 1000w\" sizes=\"(max-width: 300px) 100vw, 300px\" \/><\/td>\n<td>Fiolka boczna<\/td>\n<\/tr>\n<tr>\n<td>MP061BM<\/td>\n<td><img decoding=\"async\" class=\"alignnone wp-image-3378 size-medium\" src=\"https:\/\/mountlaser.com\/wp-content\/uploads\/2025\/11\/5-3MP061B3-300x300.webp\" alt=\"total station prism\" width=\"300\" height=\"300\" srcset=\"https:\/\/mountlaser.com\/wp-content\/uploads\/2025\/11\/5-3MP061B3-300x300.webp 300w, https:\/\/mountlaser.com\/wp-content\/uploads\/2025\/11\/5-3MP061B3-400x400.webp 400w, https:\/\/mountlaser.com\/wp-content\/uploads\/2025\/11\/5-3MP061B3-800x800.webp 800w, https:\/\/mountlaser.com\/wp-content\/uploads\/2025\/11\/5-3MP061B3-600x600.webp 600w, https:\/\/mountlaser.com\/wp-content\/uploads\/2025\/11\/5-3MP061B3-150x150.webp 150w, https:\/\/mountlaser.com\/wp-content\/uploads\/2025\/11\/5-3MP061B3-768x768.webp 768w, https:\/\/mountlaser.com\/wp-content\/uploads\/2025\/11\/5-3MP061B3-12x12.webp 12w, https:\/\/mountlaser.com\/wp-content\/uploads\/2025\/11\/5-3MP061B3.webp 1000w\" sizes=\"(max-width: 300px) 100vw, 300px\" \/><\/td>\n<td>\u015arodkowa fiolka<\/td>\n<\/tr>\n<tr>\n<td>MP061BS<\/td>\n<td><img loading=\"lazy\" decoding=\"async\" class=\"alignnone wp-image-3379 size-medium\" src=\"https:\/\/mountlaser.com\/wp-content\/uploads\/2025\/11\/5-3MP061B4-300x300.webp\" alt=\"total station prism\" width=\"300\" height=\"300\" srcset=\"https:\/\/mountlaser.com\/wp-content\/uploads\/2025\/11\/5-3MP061B4-300x300.webp 300w, https:\/\/mountlaser.com\/wp-content\/uploads\/2025\/11\/5-3MP061B4-400x400.webp 400w, https:\/\/mountlaser.com\/wp-content\/uploads\/2025\/11\/5-3MP061B4-800x800.webp 800w, https:\/\/mountlaser.com\/wp-content\/uploads\/2025\/11\/5-3MP061B4-600x600.webp 600w, https:\/\/mountlaser.com\/wp-content\/uploads\/2025\/11\/5-3MP061B4-150x150.webp 150w, https:\/\/mountlaser.com\/wp-content\/uploads\/2025\/11\/5-3MP061B4-768x768.webp 768w, https:\/\/mountlaser.com\/wp-content\/uploads\/2025\/11\/5-3MP061B4-12x12.webp 12w, https:\/\/mountlaser.com\/wp-content\/uploads\/2025\/11\/5-3MP061B4.webp 1000w\" sizes=\"(max-width: 300px) 100vw, 300px\" \/><\/td>\n<td>Fiolka boczna<\/td>\n<\/tr>\n<\/tbody>\n<\/table>","protected":false},"excerpt":{"rendered":"<p>\u2022 Pryzmat tachimetru pokryty miedzi\u0105 zapewniaj\u0105cy wysoki wsp\u00f3\u0142czynnik odbicia i dok\u0142adno\u015b\u0107<br \/>\n\u2022 Podw\u00f3jny, przechylny cel 0\/-30 mm umo\u017cliwiaj\u0105cy elastyczn\u0105 konfiguracj\u0119<br \/>\n\u2022 Uchwyt i wspornik wykonane w ca\u0142o\u015bci z anodowanego aluminium, odpornego na korozj\u0119<br \/>\n\u2022 40-minutowa regulowana fiolka do \u0142atwego poziomowania w terenie<br \/>\n\u2022 Standardowy gwint 5\/8\u2033-11 pasuje do wi\u0119kszo\u015bci tachimetr\u00f3w<br \/>\n\u2022 Lekka konstrukcja u\u0142atwiaj\u0105ca przenoszenie<br \/>\n\u2022 Mechanizm blokady ciernej umo\u017cliwia p\u0142ynny obr\u00f3t o 360\u00b0<\/p>","protected":false},"featured_media":3366,"comment_status":"open","ping_status":"closed","template":"","meta":[],"product_brand":[],"product_cat":[72,112],"product_tag":[],"class_list":{"0":"post-3365","1":"product","2":"type-product","3":"status-publish","4":"has-post-thumbnail","6":"product_cat-reflective-target-prism","7":"product_cat-monitoring-prism","9":"first","10":"instock","11":"shipping-taxable","12":"product-type-simple"},"_links":{"self":[{"href":"https:\/\/mountlaser.com\/pl\/wp-json\/wp\/v2\/product\/3365","targetHints":{"allow":["GET"]}}],"collection":[{"href":"https:\/\/mountlaser.com\/pl\/wp-json\/wp\/v2\/product"}],"about":[{"href":"https:\/\/mountlaser.com\/pl\/wp-json\/wp\/v2\/types\/product"}],"replies":[{"embeddable":true,"href":"https:\/\/mountlaser.com\/pl\/wp-json\/wp\/v2\/comments?post=3365"}],"wp:featuredmedia":[{"embeddable":true,"href":"https:\/\/mountlaser.com\/pl\/wp-json\/wp\/v2\/media\/3366"}],"wp:attachment":[{"href":"https:\/\/mountlaser.com\/pl\/wp-json\/wp\/v2\/media?parent=3365"}],"wp:term":[{"taxonomy":"product_brand","embeddable":true,"href":"https:\/\/mountlaser.com\/pl\/wp-json\/wp\/v2\/product_brand?post=3365"},{"taxonomy":"product_cat","embeddable":true,"href":"https:\/\/mountlaser.com\/pl\/wp-json\/wp\/v2\/product_cat?post=3365"},{"taxonomy":"product_tag","embeddable":true,"href":"https:\/\/mountlaser.com\/pl\/wp-json\/wp\/v2\/product_tag?post=3365"}],"curies":[{"name":"wp","href":"https:\/\/api.w.org\/{rel}","templated":true}]}}