{"id":3347,"date":"2025-11-05T01:45:32","date_gmt":"2025-11-05T01:45:32","guid":{"rendered":"https:\/\/mountlaser.com\/?post_type=product&#038;p=3347"},"modified":"2025-11-28T02:35:32","modified_gmt":"2025-11-28T02:35:32","slug":"rap001-002-right-angle-prism","status":"publish","type":"product","link":"https:\/\/mountlaser.com\/pl\/produkt\/rap001-002-right-angle-prism\/","title":{"rendered":"RAP001\/002 Pryzmat prostok\u0105tny"},"content":{"rendered":"<p>Pryzmat k\u0105towy pojedynczy RAP001 to precyzyjnie zaprojektowany <a href=\"https:\/\/mountlaser.com\/pl\/\"><strong>pryzmat k\u0105towy<\/strong><\/a> Zaprojektowany do precyzyjnego odbicia pod k\u0105tem 90\u00b0 i precyzyjnego ustawienia w zastosowaniach geodezyjnych i in\u017cynieryjnych. Kompaktowy, a zarazem wytrzyma\u0142y, <a href=\"https:\/\/mountlaser.com\/pl\/products\/\"><strong>RAP001 Pojedynczy pryzmat k\u0105towy<\/strong><\/a> zapewnia niezawodne przekierowanie sygna\u0142u optycznego podczas pracy w ciasnych lub przeszkodowych przestrzeniach, dzi\u0119ki czemu idealnie nadaje si\u0119 do zada\u0144 zwi\u0105zanych z monitorowaniem tachimetr\u00f3w i deformacji.<\/p>\n<p>Ten <a href=\"https:\/\/mountlaser.com\/pl\/contact-us\/\">pryzmat k\u0105towy<\/a> Posiada element optyczny o wymiarach 26,8\u00d726,8\u00d737,9\u00d710 mm, umieszczony w metalowej obudowie o grubo\u015bci 15 mm, co zapewnia dok\u0142adno\u015b\u0107 &lt;8 sekund k\u0105towych, umo\u017cliwiaj\u0105c\u0105 precyzyjne pomiary k\u0105towe. Ergonomiczna r\u0119koje\u015b\u0107 o d\u0142ugo\u015bci 62 mm zapewnia wygodny chwyt (\u00d810 mm \u015brednicy wewn\u0119trznej \/ \u00d815 mm \u015brednicy zewn\u0119trznej), a opcjonalne gniazdo pionu umo\u017cliwia \u0142atwe ustawienie w pionie w terenie. Wysokiej jako\u015bci pokrowiec ze sztucznej sk\u00f3ry z szlufk\u0105 na pasek zapewnia ochron\u0119 i wygod\u0119 noszenia.<\/p>\n<figure id=\"attachment_3349\" aria-describedby=\"caption-attachment-3349\" style=\"width: 500px\" class=\"wp-caption aligncenter\"><img fetchpriority=\"high\" decoding=\"async\" class=\"wp-image-3349\" src=\"https:\/\/mountlaser.com\/wp-content\/uploads\/2025\/11\/3-4RAP0012.webp\" alt=\"RAP001 Single Right Angle Prism\" width=\"500\" height=\"500\" srcset=\"https:\/\/mountlaser.com\/wp-content\/uploads\/2025\/11\/3-4RAP0012.webp 1000w, https:\/\/mountlaser.com\/wp-content\/uploads\/2025\/11\/3-4RAP0012-300x300.webp 300w, https:\/\/mountlaser.com\/wp-content\/uploads\/2025\/11\/3-4RAP0012-400x400.webp 400w, https:\/\/mountlaser.com\/wp-content\/uploads\/2025\/11\/3-4RAP0012-800x800.webp 800w, https:\/\/mountlaser.com\/wp-content\/uploads\/2025\/11\/3-4RAP0012-600x600.webp 600w, https:\/\/mountlaser.com\/wp-content\/uploads\/2025\/11\/3-4RAP0012-150x150.webp 150w, https:\/\/mountlaser.com\/wp-content\/uploads\/2025\/11\/3-4RAP0012-768x768.webp 768w, https:\/\/mountlaser.com\/wp-content\/uploads\/2025\/11\/3-4RAP0012-12x12.webp 12w\" sizes=\"(max-width: 500px) 100vw, 500px\" \/><figcaption id=\"caption-attachment-3349\" class=\"wp-caption-text\">RAP001 Pojedynczy pryzmat k\u0105towy<\/figcaption><\/figure>\n<figure id=\"attachment_3356\" aria-describedby=\"caption-attachment-3356\" style=\"width: 500px\" class=\"wp-caption aligncenter\"><img decoding=\"async\" class=\"wp-image-3356\" src=\"https:\/\/mountlaser.com\/wp-content\/uploads\/2025\/11\/3-5RAP0021.webp\" alt=\"RAP002 right angle prism\" width=\"500\" height=\"500\" srcset=\"https:\/\/mountlaser.com\/wp-content\/uploads\/2025\/11\/3-5RAP0021.webp 1000w, https:\/\/mountlaser.com\/wp-content\/uploads\/2025\/11\/3-5RAP0021-300x300.webp 300w, https:\/\/mountlaser.com\/wp-content\/uploads\/2025\/11\/3-5RAP0021-400x400.webp 400w, https:\/\/mountlaser.com\/wp-content\/uploads\/2025\/11\/3-5RAP0021-800x800.webp 800w, https:\/\/mountlaser.com\/wp-content\/uploads\/2025\/11\/3-5RAP0021-600x600.webp 600w, https:\/\/mountlaser.com\/wp-content\/uploads\/2025\/11\/3-5RAP0021-150x150.webp 150w, https:\/\/mountlaser.com\/wp-content\/uploads\/2025\/11\/3-5RAP0021-768x768.webp 768w, https:\/\/mountlaser.com\/wp-content\/uploads\/2025\/11\/3-5RAP0021-12x12.webp 12w\" sizes=\"(max-width: 500px) 100vw, 500px\" \/><figcaption id=\"caption-attachment-3356\" class=\"wp-caption-text\">RAP002 pryzmat k\u0105towy<\/figcaption><\/figure>\n<p>Dla wi\u0119kszej wszechstronno\u015bci, wersja RAP002 z podw\u00f3jnym pryzmatem k\u0105towym umo\u017cliwia pomiary w zakresie 90\u00b0 i 180\u00b0, dzi\u0119ki du\u017cej centralnej soczewce i obrotowej os\u0142onie. Dost\u0119pna jest r\u00f3wnie\u017c wersja OEM, spe\u0142niaj\u0105ca specjalistyczne potrzeby monitorowania lub regulacji przemys\u0142owej.<\/p>","protected":false},"excerpt":{"rendered":"<ul>\n<li>Do stacji tachimetrycznych i system\u00f3w wyr\u00f3wnywania<\/li>\n<li>Kompaktowa instalacja w ograniczonych przestrzeniach<\/li>\n<li>D\u0142ugoterminowe zadania zwi\u0105zane z monitorowaniem i dopasowaniem konstrukcji<\/li>\n<li>\u0141atwe ustawianie w terenie dzi\u0119ki kompatybilno\u015bci z pionem<\/li>\n<\/ul>","protected":false},"featured_media":3356,"comment_status":"open","ping_status":"closed","template":"","meta":[],"product_brand":[],"product_cat":[72,112],"product_tag":[],"class_list":{"0":"post-3347","1":"product","2":"type-product","3":"status-publish","4":"has-post-thumbnail","6":"product_cat-reflective-target-prism","7":"product_cat-monitoring-prism","9":"first","10":"instock","11":"shipping-taxable","12":"product-type-simple"},"_links":{"self":[{"href":"https:\/\/mountlaser.com\/pl\/wp-json\/wp\/v2\/product\/3347","targetHints":{"allow":["GET"]}}],"collection":[{"href":"https:\/\/mountlaser.com\/pl\/wp-json\/wp\/v2\/product"}],"about":[{"href":"https:\/\/mountlaser.com\/pl\/wp-json\/wp\/v2\/types\/product"}],"replies":[{"embeddable":true,"href":"https:\/\/mountlaser.com\/pl\/wp-json\/wp\/v2\/comments?post=3347"}],"wp:featuredmedia":[{"embeddable":true,"href":"https:\/\/mountlaser.com\/pl\/wp-json\/wp\/v2\/media\/3356"}],"wp:attachment":[{"href":"https:\/\/mountlaser.com\/pl\/wp-json\/wp\/v2\/media?parent=3347"}],"wp:term":[{"taxonomy":"product_brand","embeddable":true,"href":"https:\/\/mountlaser.com\/pl\/wp-json\/wp\/v2\/product_brand?post=3347"},{"taxonomy":"product_cat","embeddable":true,"href":"https:\/\/mountlaser.com\/pl\/wp-json\/wp\/v2\/product_cat?post=3347"},{"taxonomy":"product_tag","embeddable":true,"href":"https:\/\/mountlaser.com\/pl\/wp-json\/wp\/v2\/product_tag?post=3347"}],"curies":[{"name":"wp","href":"https:\/\/api.w.org\/{rel}","templated":true}]}}