{"id":3321,"date":"2025-11-04T08:36:43","date_gmt":"2025-11-04T08:36:43","guid":{"rendered":"https:\/\/mountlaser.com\/?post_type=product&#038;p=3321"},"modified":"2025-11-28T02:38:14","modified_gmt":"2025-11-28T02:38:14","slug":"japan-style-dw-1-series-wooden-tripod","status":"publish","type":"product","link":"https:\/\/mountlaser.com\/pl\/produkt\/japan-style-dw-1-series-wooden-tripod\/","title":{"rendered":"Statyw drewniany w stylu japo\u0144skim serii DW-1"},"content":{"rendered":"<p>Ten <a href=\"https:\/\/mountlaser.com\/pl\/products\/\"><strong>Statyw drewniany w stylu japo\u0144skim serii DW-1<\/strong><\/a> Statyw Mount Laser uciele\u015bnia idealn\u0105 harmoni\u0119 minimalistycznego japo\u0144skiego wzornictwa i profesjonalnej niezawodno\u015bci geodezyjnej. Ten wyj\u0105tkowy system podparcia odzwierciedla to, czego naprawd\u0119 powinien oczekiwa\u0107 od drewnianego statywu dobrej jako\u015bci, wykonanego z importowanej, wysokiej jako\u015bci brzozy, co gwarantuje d\u0142ugotrwa\u0142\u0105 trwa\u0142o\u015b\u0107 i niezmienn\u0105 wydajno\u015b\u0107.<\/p>\n<p>Zaprojektowany z p\u0142ask\u0105 konfiguracj\u0105 g\u0142owicy, ten niezwyk\u0142y <a href=\"https:\/\/mountlaser.com\/pl\/contact-us\/\"><strong>Dobrej jako\u015bci drewniany statyw<\/strong><\/a> Zapewnia wyj\u0105tkow\u0105 stabilno\u015b\u0107, idealn\u0105 dla tachimetr\u00f3w, skaner\u00f3w laserowych 3D i laser\u00f3w budowlanych. Starannie wyselekcjonowane drewno brzozowe zapewnia doskona\u0142\u0105 odporno\u015b\u0107 na odkszta\u0142canie i p\u0119kni\u0119cia, a jednocze\u015bnie oferuje doskona\u0142e w\u0142a\u015bciwo\u015bci antyskr\u0119tne, co wyr\u00f3\u017cnia ten statyw drewniany o naprawd\u0119 dobrej jako\u015bci, przeznaczony do prac precyzyjnych.<\/p>\n<p>Wyposa\u017cony w standardow\u0105 mosi\u0119\u017cn\u0105 \u015brub\u0119 jarzmow\u0105 5\/8\u2033-11, jest w pe\u0142ni kompatybilny z r\u00f3\u017cnymi instrumentami geodezyjnymi, co czyni go idealnym wyborem dla profesjonalist\u00f3w, kt\u00f3rzy ceni\u0105 sobie zar\u00f3wno form\u0119, jak i funkcjonalno\u015b\u0107 w swoim sprz\u0119cie.<\/p>\n<p>&nbsp;<\/p>\n<p><img fetchpriority=\"high\" decoding=\"async\" class=\"aligncenter wp-image-3323\" src=\"https:\/\/mountlaser.com\/wp-content\/uploads\/2025\/11\/DW-1-.webp\" alt=\"Good Quality Wooden Tripod\" width=\"500\" height=\"500\" srcset=\"https:\/\/mountlaser.com\/wp-content\/uploads\/2025\/11\/DW-1-.webp 800w, https:\/\/mountlaser.com\/wp-content\/uploads\/2025\/11\/DW-1--300x300.webp 300w, https:\/\/mountlaser.com\/wp-content\/uploads\/2025\/11\/DW-1--400x400.webp 400w, https:\/\/mountlaser.com\/wp-content\/uploads\/2025\/11\/DW-1--600x600.webp 600w, https:\/\/mountlaser.com\/wp-content\/uploads\/2025\/11\/DW-1--150x150.webp 150w, https:\/\/mountlaser.com\/wp-content\/uploads\/2025\/11\/DW-1--768x768.webp 768w, https:\/\/mountlaser.com\/wp-content\/uploads\/2025\/11\/DW-1--12x12.webp 12w\" sizes=\"(max-width: 500px) 100vw, 500px\" \/><\/p>\n<p><strong>Specyfikacja statywu drewnianego Japan Style DW-1 Series<\/strong><\/p>\n<table style=\"border-collapse: collapse; width: 650.27pt;\" border=\"0\" width=\"867\" cellspacing=\"0\" cellpadding=\"0\">\n<tbody>\n<tr style=\"height: 14.25pt;\">\n<td class=\"et2\" style=\"height: 14.25pt; width: 122.25pt;\" width=\"163\" height=\"19\">NUMER<\/td>\n<td class=\"et2\" style=\"width: 97.50pt;\" width=\"130\">NOGI<\/td>\n<td class=\"et2\" style=\"width: 90.75pt;\" width=\"121\">G\u0141OWA<\/td>\n<td class=\"et2\" style=\"width: 100.50pt;\" width=\"134\">TYP ZAMKA<\/td>\n<td class=\"et2\" style=\"width: 99.00pt;\" width=\"132\">SPRZ\u0118T KOMPUTEROWY<\/td>\n<td class=\"et2\" style=\"width: 86.25pt;\" width=\"115\">ROZSZERZENIE<\/td>\n<td class=\"et2\" style=\"width: 54.00pt;\" width=\"72\">P\u00f3\u0142nocny zach\u00f3d<\/td>\n<\/tr>\n<tr style=\"height: 14.25pt;\">\n<td class=\"et2\" style=\"height: 14.25pt;\" height=\"19\">DW-1-FCTGY<\/td>\n<td class=\"et2\">Drewno<\/td>\n<td class=\"et2\">160mm p\u0142aski<\/td>\n<td class=\"et2\">Podw\u00f3jny zacisk<\/td>\n<td class=\"et2\">Szary<\/td>\n<td class=\"et2\">174 cm<\/td>\n<td class=\"et2\">7,0 kg<\/td>\n<\/tr>\n<\/tbody>\n<\/table>","protected":false},"excerpt":{"rendered":"<ul>\n<li>Konstrukcja g\u0142owicy p\u0142askiej zoptymalizowana pod k\u0105tem tachimetr\u00f3w, skaner\u00f3w laserowych 3D i laser\u00f3w budowlanych<\/li>\n<li>Filozofia projektowania inspirowana Japoni\u0105, skupiaj\u0105ca si\u0119 na prostocie i funkcjonalno\u015bci<\/li>\n<li>Wytrzyma\u0142a konstrukcja odpowiednia do wymagaj\u0105cych zastosowa\u0144 geodezyjnych<\/li>\n<\/ul>","protected":false},"featured_media":3322,"comment_status":"open","ping_status":"closed","template":"","meta":[],"product_brand":[],"product_cat":[91,113],"product_tag":[],"class_list":{"0":"post-3321","1":"product","2":"type-product","3":"status-publish","4":"has-post-thumbnail","6":"product_cat-bipod-tripod","7":"product_cat-wood-fiberglass-tripods","9":"first","10":"instock","11":"shipping-taxable","12":"product-type-simple"},"_links":{"self":[{"href":"https:\/\/mountlaser.com\/pl\/wp-json\/wp\/v2\/product\/3321","targetHints":{"allow":["GET"]}}],"collection":[{"href":"https:\/\/mountlaser.com\/pl\/wp-json\/wp\/v2\/product"}],"about":[{"href":"https:\/\/mountlaser.com\/pl\/wp-json\/wp\/v2\/types\/product"}],"replies":[{"embeddable":true,"href":"https:\/\/mountlaser.com\/pl\/wp-json\/wp\/v2\/comments?post=3321"}],"wp:featuredmedia":[{"embeddable":true,"href":"https:\/\/mountlaser.com\/pl\/wp-json\/wp\/v2\/media\/3322"}],"wp:attachment":[{"href":"https:\/\/mountlaser.com\/pl\/wp-json\/wp\/v2\/media?parent=3321"}],"wp:term":[{"taxonomy":"product_brand","embeddable":true,"href":"https:\/\/mountlaser.com\/pl\/wp-json\/wp\/v2\/product_brand?post=3321"},{"taxonomy":"product_cat","embeddable":true,"href":"https:\/\/mountlaser.com\/pl\/wp-json\/wp\/v2\/product_cat?post=3321"},{"taxonomy":"product_tag","embeddable":true,"href":"https:\/\/mountlaser.com\/pl\/wp-json\/wp\/v2\/product_tag?post=3321"}],"curies":[{"name":"wp","href":"https:\/\/api.w.org\/{rel}","templated":true}]}}