{"id":3311,"date":"2025-11-04T08:19:40","date_gmt":"2025-11-04T08:19:40","guid":{"rendered":"https:\/\/mountlaser.com\/?post_type=product&#038;p=3311"},"modified":"2025-11-28T02:40:00","modified_gmt":"2025-11-28T02:40:00","slug":"swiss-style-gst120-9-series-wooden-tripod","status":"publish","type":"product","link":"https:\/\/mountlaser.com\/pl\/produkt\/swiss-style-gst120-9-series-wooden-tripod\/","title":{"rendered":"Statyw drewniany w stylu szwajcarskim serii GST120-9"},"content":{"rendered":"<p>Ten <a href=\"https:\/\/mountlaser.com\/pl\/\"><strong>Statyw drewniany w stylu szwajcarskim serii GST120-9<\/strong><\/a> Statyw firmy Mount Laser reprezentuje szczyt precyzji in\u017cynierii i tradycyjnego rzemios\u0142a. Zaprojektowany jako solidny, wytrzyma\u0142y, drewniany statyw, ten wyj\u0105tkowy system podparcia posiada innowacyjny, wbudowany mechanizm samoblokuj\u0105cy, kt\u00f3ry czyni go najlepszym w swojej klasie statywem z samoblokuj\u0105cym si\u0119 mechanizmem.<\/p>\n<p>Wykonany z importowanego, wysokiej jako\u015bci drewna brzozowego, ten niezwyk\u0142y <a href=\"https:\/\/mountlaser.com\/pl\/products\/\"><strong>Wytrzyma\u0142y drewniany statyw<\/strong><\/a> zapewnia wyj\u0105tkow\u0105 stabilno\u015b\u0107, odporno\u015b\u0107 na odkszta\u0142cenia i p\u0119kni\u0119cia, a tak\u017ce doskona\u0142\u0105 odporno\u015b\u0107 na skr\u0119canie.<\/p>\n<p>P\u0142aska konstrukcja g\u0142owicy zapewnia doskona\u0142\u0105 kompatybilno\u015b\u0107 z tachimetrami, skanerami laserowymi 3D i laserami budowlanymi, dzi\u0119ki czemu ten zaawansowany statyw drewniany Self Lock jest idealnym wyborem dla geodet\u00f3w, kt\u00f3rzy ceni\u0105 sobie zar\u00f3wno tradycyjn\u0105 niezawodno\u015b\u0107, jak i nowoczesn\u0105 wygod\u0119. Dzi\u0119ki przemy\u015blanej konstrukcji i wysokiej jako\u015bci materia\u0142om, ten zaawansowany statyw drewniany Self Lock wyznacza nowe standardy w zastosowaniach geodezyjnych wymagaj\u0105cych du\u017cej wytrzyma\u0142o\u015bci.<\/p>\n<p>&nbsp;<\/p>\n<p><img fetchpriority=\"high\" decoding=\"async\" class=\"aligncenter wp-image-3313\" src=\"https:\/\/mountlaser.com\/wp-content\/uploads\/2025\/11\/GST120-9\uff084\uff09.webp\" alt=\"Heavy Duty Wooden Tripod\" width=\"500\" height=\"500\" srcset=\"https:\/\/mountlaser.com\/wp-content\/uploads\/2025\/11\/GST120-9\uff084\uff09.webp 1000w, https:\/\/mountlaser.com\/wp-content\/uploads\/2025\/11\/GST120-9\uff084\uff09-300x300.webp 300w, https:\/\/mountlaser.com\/wp-content\/uploads\/2025\/11\/GST120-9\uff084\uff09-400x400.webp 400w, https:\/\/mountlaser.com\/wp-content\/uploads\/2025\/11\/GST120-9\uff084\uff09-800x800.webp 800w, https:\/\/mountlaser.com\/wp-content\/uploads\/2025\/11\/GST120-9\uff084\uff09-600x600.webp 600w, https:\/\/mountlaser.com\/wp-content\/uploads\/2025\/11\/GST120-9\uff084\uff09-150x150.webp 150w, https:\/\/mountlaser.com\/wp-content\/uploads\/2025\/11\/GST120-9\uff084\uff09-768x768.webp 768w, https:\/\/mountlaser.com\/wp-content\/uploads\/2025\/11\/GST120-9\uff084\uff09-12x12.webp 12w\" sizes=\"(max-width: 500px) 100vw, 500px\" \/><\/p>\n<p><strong><a href=\"https:\/\/mountlaser.com\/pl\/contact-us\/\">Seria GST120-9 w stylu szwajcarskim<\/a> Specyfikacja drewnianego statywu:<\/strong><\/p>\n<table style=\"border-collapse: collapse; width: 650.27pt;\" border=\"0\" width=\"867\" cellspacing=\"0\" cellpadding=\"0\">\n<tbody>\n<tr style=\"height: 14.25pt;\">\n<td class=\"et2\" style=\"height: 14.25pt; width: 122.25pt;\" width=\"163\" height=\"19\">NUMER<\/td>\n<td class=\"et2\" style=\"width: 97.50pt;\" width=\"130\">NOGI<\/td>\n<td class=\"et2\" style=\"width: 90.75pt;\" width=\"121\">G\u0141OWA<\/td>\n<td class=\"et2\" style=\"width: 100.50pt;\" width=\"134\">TYP ZAMKA<\/td>\n<td class=\"et2\" style=\"width: 99.00pt;\" width=\"132\">SPRZ\u0118T KOMPUTEROWY<\/td>\n<td class=\"et2\" style=\"width: 86.25pt;\" width=\"115\">ROZSZERZENIE<\/td>\n<td class=\"et2\" style=\"width: 54.00pt;\" width=\"72\">P\u00f3\u0142nocny zach\u00f3d<\/td>\n<\/tr>\n<tr style=\"height: 14.25pt;\">\n<td class=\"et2\" style=\"height: 14.25pt;\" height=\"19\">GST120-9-FCT<\/td>\n<td class=\"et2\">Drewno<\/td>\n<td class=\"et2\">160mm p\u0142aski<\/td>\n<td class=\"et2\">Zacisk skr\u0119tny<\/td>\n<td class=\"et2\">Czerwony<\/td>\n<td class=\"et2\">181 cm<\/td>\n<td class=\"et2\">6,0 kg<\/td>\n<\/tr>\n<\/tbody>\n<\/table>\n<p>&nbsp;<\/p>","protected":false},"excerpt":{"rendered":"<ul>\n<li>Wykonane z importowanego, wysokiej jako\u015bci drewna brzozowego, zapewniaj\u0105cego wyj\u0105tkow\u0105 trwa\u0142o\u015b\u0107<\/li>\n<li>Doskona\u0142a stabilno\u015b\u0107, odporna na odkszta\u0142canie i p\u0119kanie w r\u00f3\u017cnych warunkach pogodowych<\/li>\n<li>Doskona\u0142a odporno\u015b\u0107 na skr\u0119canie w celu zachowania dok\u0142adno\u015bci pomiaru<\/li>\n<\/ul>","protected":false},"featured_media":3314,"comment_status":"open","ping_status":"closed","template":"","meta":[],"product_brand":[],"product_cat":[91,113],"product_tag":[],"class_list":{"0":"post-3311","1":"product","2":"type-product","3":"status-publish","4":"has-post-thumbnail","6":"product_cat-bipod-tripod","7":"product_cat-wood-fiberglass-tripods","9":"first","10":"instock","11":"shipping-taxable","12":"product-type-simple"},"_links":{"self":[{"href":"https:\/\/mountlaser.com\/pl\/wp-json\/wp\/v2\/product\/3311","targetHints":{"allow":["GET"]}}],"collection":[{"href":"https:\/\/mountlaser.com\/pl\/wp-json\/wp\/v2\/product"}],"about":[{"href":"https:\/\/mountlaser.com\/pl\/wp-json\/wp\/v2\/types\/product"}],"replies":[{"embeddable":true,"href":"https:\/\/mountlaser.com\/pl\/wp-json\/wp\/v2\/comments?post=3311"}],"wp:featuredmedia":[{"embeddable":true,"href":"https:\/\/mountlaser.com\/pl\/wp-json\/wp\/v2\/media\/3314"}],"wp:attachment":[{"href":"https:\/\/mountlaser.com\/pl\/wp-json\/wp\/v2\/media?parent=3311"}],"wp:term":[{"taxonomy":"product_brand","embeddable":true,"href":"https:\/\/mountlaser.com\/pl\/wp-json\/wp\/v2\/product_brand?post=3311"},{"taxonomy":"product_cat","embeddable":true,"href":"https:\/\/mountlaser.com\/pl\/wp-json\/wp\/v2\/product_cat?post=3311"},{"taxonomy":"product_tag","embeddable":true,"href":"https:\/\/mountlaser.com\/pl\/wp-json\/wp\/v2\/product_tag?post=3311"}],"curies":[{"name":"wp","href":"https:\/\/api.w.org\/{rel}","templated":true}]}}