{"id":3310,"date":"2025-11-04T09:08:26","date_gmt":"2025-11-04T09:08:26","guid":{"rendered":"https:\/\/mountlaser.com\/?post_type=product&#038;p=3310"},"modified":"2025-11-28T02:37:31","modified_gmt":"2025-11-28T02:37:31","slug":"bp003-ball-prism","status":"publish","type":"product","link":"https:\/\/mountlaser.com\/pl\/produkt\/bp003-ball-prism\/","title":{"rendered":"BP003 Pryzmat kulowy"},"content":{"rendered":"<p>Ten <a href=\"https:\/\/mountlaser.com\/pl\/\"><strong>BP003 Pryzmat kulowy<\/strong><\/a> to precyzyjnie zaprojektowany pryzmat sferyczny do tachimetr\u00f3w, przeznaczony do sta\u0142ego i tymczasowego monitorowania odkszta\u0142ce\u0144 w wymagaj\u0105cych warunkach, takich jak tunele, linie kolejowe i place budowy. Zaprojektowany z my\u015bl\u0105 o najwy\u017cszej dok\u0142adno\u015bci i stabilno\u015bci, pryzmat kulowy BP003 zapewnia niezawodne ustawienie i wyniki pomiar\u00f3w w r\u00f3\u017cnych zastosowaniach terenowych.<\/p>\n<p>Ta wysokowydajna <a href=\"https:\/\/mountlaser.com\/pl\/about-us\/\"><strong>pryzmat sferyczny<\/strong><\/a> Tachimetr wyposa\u017cony jest w sfer\u0119 ze stali nierdzewnej o \u015brednicy \u00d845 mm, kt\u00f3ra poprawia widoczno\u015b\u0107 i precyzj\u0119 ustawienia. Zawiera pryzmat o \u015brednicy 25,4 mm (1 cal), kompatybilny z wi\u0119kszo\u015bci\u0105 standardowych system\u00f3w monitorowania, co czyni go idealnym rozwi\u0105zaniem do profesjonalnych projekt\u00f3w geodezyjnych i monitoringu.<\/p>\n<p><img fetchpriority=\"high\" decoding=\"async\" class=\"aligncenter wp-image-3337\" src=\"https:\/\/mountlaser.com\/wp-content\/uploads\/2025\/11\/3-9BP0034-1.webp\" alt=\"spherical prism for total stations\" width=\"500\" height=\"500\" srcset=\"https:\/\/mountlaser.com\/wp-content\/uploads\/2025\/11\/3-9BP0034-1.webp 1000w, https:\/\/mountlaser.com\/wp-content\/uploads\/2025\/11\/3-9BP0034-1-300x300.webp 300w, https:\/\/mountlaser.com\/wp-content\/uploads\/2025\/11\/3-9BP0034-1-400x400.webp 400w, https:\/\/mountlaser.com\/wp-content\/uploads\/2025\/11\/3-9BP0034-1-800x800.webp 800w, https:\/\/mountlaser.com\/wp-content\/uploads\/2025\/11\/3-9BP0034-1-600x600.webp 600w, https:\/\/mountlaser.com\/wp-content\/uploads\/2025\/11\/3-9BP0034-1-150x150.webp 150w, https:\/\/mountlaser.com\/wp-content\/uploads\/2025\/11\/3-9BP0034-1-768x768.webp 768w, https:\/\/mountlaser.com\/wp-content\/uploads\/2025\/11\/3-9BP0034-1-12x12.webp 12w\" sizes=\"(max-width: 500px) 100vw, 500px\" \/><\/p>\n<p>Ten <a href=\"https:\/\/mountlaser.com\/pl\/contact-us\/\">Pryzmat kulowy BP003<\/a> dost\u0119pny jest w dw\u00f3ch konfiguracjach, dostosowanych do r\u00f3\u017cnych potrzeb instalacyjnych:<\/p>\n<p>BP003: z mocn\u0105 podstaw\u0105 magnetyczn\u0105 umo\u017cliwiaj\u0105c\u0105 szybki i bezpieczny monta\u017c na powierzchniach metalowych.<\/p>\n<p>BP004: z miniaturowym dw\u00f3jnogiem umo\u017cliwiaj\u0105cym stabilne ustawienie na powierzchniach niemagnetycznych lub nier\u00f3wnym terenie.<\/p>\n<p>Aby zapewni\u0107 optymalne odbicie sygna\u0142u i sp\u00f3jno\u015b\u0107 pomiar\u00f3w, ten sferyczny pryzmat do tachimetr\u00f3w jest dost\u0119pny z pryzmatem pokrytym miedzi\u0105 lub srebrem. Obie pow\u0142oki zapewniaj\u0105 doskona\u0142y wsp\u00f3\u0142czynnik odbicia i d\u0142ugotrwa\u0142\u0105 wydajno\u015b\u0107 w trudnych warunkach zewn\u0119trznych.<\/p>","protected":false},"excerpt":{"rendered":"<ul>\n<li>Precyzyjny monitoring: Idealny do zada\u0144 zwi\u0105zanych z monitorowaniem konstrukcji, deformacji i geotechniki.<\/li>\n<li>Solidna konstrukcja: gwarantuje trwa\u0142o\u015b\u0107 i stabilno\u015b\u0107 w trudnych warunkach.<\/li>\n<li>Opcje monta\u017cu: podstawa magnetyczna lub miniaturowy dw\u00f3jn\u00f3g zapewniaj\u0105cy elastyczno\u015b\u0107 monta\u017cu.<\/li>\n<li>Wysoka kompatybilno\u015b\u0107: Pasuje do wi\u0119kszo\u015bci system\u00f3w tachimetr\u00f3w.<\/li>\n<li>Wyb\u00f3r pow\u0142ok odblaskowych: Pow\u0142oka miedziana zapewniaj\u0105ca trwa\u0142o\u015b\u0107 lub pow\u0142oka srebrna zapewniaj\u0105ca wysok\u0105 precyzj\u0119.<\/li>\n<\/ul>","protected":false},"featured_media":3339,"comment_status":"open","ping_status":"closed","template":"","meta":[],"product_brand":[],"product_cat":[72,112],"product_tag":[],"class_list":{"0":"post-3310","1":"product","2":"type-product","3":"status-publish","4":"has-post-thumbnail","6":"product_cat-reflective-target-prism","7":"product_cat-monitoring-prism","9":"first","10":"instock","11":"shipping-taxable","12":"product-type-simple"},"_links":{"self":[{"href":"https:\/\/mountlaser.com\/pl\/wp-json\/wp\/v2\/product\/3310","targetHints":{"allow":["GET"]}}],"collection":[{"href":"https:\/\/mountlaser.com\/pl\/wp-json\/wp\/v2\/product"}],"about":[{"href":"https:\/\/mountlaser.com\/pl\/wp-json\/wp\/v2\/types\/product"}],"replies":[{"embeddable":true,"href":"https:\/\/mountlaser.com\/pl\/wp-json\/wp\/v2\/comments?post=3310"}],"wp:featuredmedia":[{"embeddable":true,"href":"https:\/\/mountlaser.com\/pl\/wp-json\/wp\/v2\/media\/3339"}],"wp:attachment":[{"href":"https:\/\/mountlaser.com\/pl\/wp-json\/wp\/v2\/media?parent=3310"}],"wp:term":[{"taxonomy":"product_brand","embeddable":true,"href":"https:\/\/mountlaser.com\/pl\/wp-json\/wp\/v2\/product_brand?post=3310"},{"taxonomy":"product_cat","embeddable":true,"href":"https:\/\/mountlaser.com\/pl\/wp-json\/wp\/v2\/product_cat?post=3310"},{"taxonomy":"product_tag","embeddable":true,"href":"https:\/\/mountlaser.com\/pl\/wp-json\/wp\/v2\/product_tag?post=3310"}],"curies":[{"name":"wp","href":"https:\/\/api.w.org\/{rel}","templated":true}]}}