{"id":3296,"date":"2025-11-04T08:06:31","date_gmt":"2025-11-04T08:06:31","guid":{"rendered":"https:\/\/mountlaser.com\/?post_type=product&#038;p=3296"},"modified":"2025-11-28T02:41:47","modified_gmt":"2025-11-28T02:41:47","slug":"bp001-ball-prism-with-magnetic-base","status":"publish","type":"product","link":"https:\/\/mountlaser.com\/pl\/produkt\/bp001-ball-prism-with-magnetic-base\/","title":{"rendered":"BP001 Pryzmat kulowy z podstaw\u0105 magnetyczn\u0105"},"content":{"rendered":"<p>BP001 Pryzmat kulowy z podstaw\u0105 magnetyczn\u0105 Wprowadzenie do produktu<\/p>\n<p>Ten <a href=\"https:\/\/mountlaser.com\/pl\/about-us\/\"><strong>BP001 Pryzmat kulowy z podstaw\u0105 magnetyczn\u0105<\/strong><\/a> jest precyzyjnie zaprojektowany <a href=\"https:\/\/mountlaser.com\/pl\/products\/\"><strong>sferyczny pryzmat monitoruj\u0105cy<\/strong><\/a> Zaprojektowany do precyzyjnego \u015bledzenia deformacji, osiowania i monitorowania konstrukcji w wymagaj\u0105cych warunkach, takich jak tunele, place budowy i sieci geodezyjne. Ten precyzyjny pryzmat kulowy BP001 z podstaw\u0105 magnetyczn\u0105 \u0142\u0105czy w sobie elastyczno\u015b\u0107, stabilno\u015b\u0107 i powtarzalno\u015b\u0107, co czyni go idealnym wyborem dla profesjonalnych geodet\u00f3w i in\u017cynier\u00f3w monitoringu.<\/p>\n<p>Zbudowany z odpornej na korozj\u0119 kuli ze stali nierdzewnej i wyposa\u017cony w mocn\u0105 podstaw\u0119 magnetyczn\u0105, sferyczny pryzmat monitoruj\u0105cy zapewnia szybki i bezpieczny monta\u017c na powierzchniach metalowych bez u\u017cycia dodatkowych narz\u0119dzi. Magnetyczna podstawa umo\u017cliwia \u0142atw\u0105 zmian\u0119 po\u0142o\u017cenia w celu powtarzania pomiar\u00f3w, zachowuj\u0105c jednocze\u015bnie sta\u0142\u0105 dok\u0142adno\u015b\u0107.<\/p>\n<p><img fetchpriority=\"high\" decoding=\"async\" class=\"aligncenter wp-image-3298\" src=\"https:\/\/mountlaser.com\/wp-content\/uploads\/2025\/11\/BP0012.webp\" alt=\"spherical monitoring prism\" width=\"500\" height=\"500\" srcset=\"https:\/\/mountlaser.com\/wp-content\/uploads\/2025\/11\/BP0012.webp 1000w, https:\/\/mountlaser.com\/wp-content\/uploads\/2025\/11\/BP0012-300x300.webp 300w, https:\/\/mountlaser.com\/wp-content\/uploads\/2025\/11\/BP0012-400x400.webp 400w, https:\/\/mountlaser.com\/wp-content\/uploads\/2025\/11\/BP0012-800x800.webp 800w, https:\/\/mountlaser.com\/wp-content\/uploads\/2025\/11\/BP0012-600x600.webp 600w, https:\/\/mountlaser.com\/wp-content\/uploads\/2025\/11\/BP0012-150x150.webp 150w, https:\/\/mountlaser.com\/wp-content\/uploads\/2025\/11\/BP0012-768x768.webp 768w, https:\/\/mountlaser.com\/wp-content\/uploads\/2025\/11\/BP0012-12x12.webp 12w\" sizes=\"(max-width: 500px) 100vw, 500px\" \/><\/p>\n<p>Ten <a href=\"https:\/\/mountlaser.com\/pl\/contact-us\/\">BP001 kula pryzmatyczna z podstaw\u0105 magnetyczn\u0105<\/a> jest dost\u0119pny w kilku konfiguracjach:<\/p>\n<p>BP001A: Pryzmat \u00d817,8 mm, kula \u00d830 mm<\/p>\n<p>BP001B: Pryzmat \u00d825,4 mm, Kula \u00d838,1 mm<\/p>\n<p>BP002A: Pryzmat \u00d817,8 mm, kula \u00d830 mm z czarnym pier\u015bcieniem pryzmatycznym<\/p>\n<p>BP002B: Pryzmat \u00d825,4 mm, kula \u00d838,1 mm z czarnym pier\u015bcieniem pryzmatycznym<\/p>\n<p>BP002C: Pryzmat \u00d825,4 mm, kula \u00d845 mm z czarnym pier\u015bcieniem pryzmatycznym<\/p>\n<p>W przypadku specjalistycznych potrzeb pomiarowych ten sferyczny pryzmat monitoruj\u0105cy mo\u017ce zosta\u0107 dostarczony z powierzchni\u0105 pryzmatu pokryt\u0105 miedzi\u0105 lub srebrem, co zapewnia lepszy sygna\u0142 zwrotny w r\u00f3\u017cnych warunkach terenowych.<\/p>","protected":false},"excerpt":{"rendered":"<ul>\n<li>Konstrukcja o wysokiej wytrzyma\u0142o\u015bci: kula ze stali nierdzewnej zapewnia odporno\u015b\u0107 na korozj\u0119 i d\u0142ugotrwa\u0142\u0105 trwa\u0142o\u015b\u0107.<\/li>\n<li>Monta\u017c magnetyczny: Mocna podstawa magnetyczna umo\u017cliwia szybki monta\u017c na powierzchniach metalowych bez u\u017cycia narz\u0119dzi.<\/li>\n<li>Elastyczne opcje modelu: R\u00f3\u017cne rozmiary pryzmat\u00f3w i kul umo\u017cliwiaj\u0105ce dopasowanie do konfiguracji monitorowania.<\/li>\n<li>Mo\u017cliwo\u015b\u0107 dostosowania pow\u0142ok: Dost\u0119pne s\u0105 pow\u0142oki miedziane lub srebrne zapewniaj\u0105ce optymalny wsp\u00f3\u0142czynnik odbicia.<\/li>\n<\/ul>","protected":false},"featured_media":3302,"comment_status":"open","ping_status":"closed","template":"","meta":[],"product_brand":[],"product_cat":[72,112],"product_tag":[],"class_list":{"0":"post-3296","1":"product","2":"type-product","3":"status-publish","4":"has-post-thumbnail","6":"product_cat-reflective-target-prism","7":"product_cat-monitoring-prism","9":"first","10":"instock","11":"shipping-taxable","12":"product-type-simple"},"_links":{"self":[{"href":"https:\/\/mountlaser.com\/pl\/wp-json\/wp\/v2\/product\/3296","targetHints":{"allow":["GET"]}}],"collection":[{"href":"https:\/\/mountlaser.com\/pl\/wp-json\/wp\/v2\/product"}],"about":[{"href":"https:\/\/mountlaser.com\/pl\/wp-json\/wp\/v2\/types\/product"}],"replies":[{"embeddable":true,"href":"https:\/\/mountlaser.com\/pl\/wp-json\/wp\/v2\/comments?post=3296"}],"wp:featuredmedia":[{"embeddable":true,"href":"https:\/\/mountlaser.com\/pl\/wp-json\/wp\/v2\/media\/3302"}],"wp:attachment":[{"href":"https:\/\/mountlaser.com\/pl\/wp-json\/wp\/v2\/media?parent=3296"}],"wp:term":[{"taxonomy":"product_brand","embeddable":true,"href":"https:\/\/mountlaser.com\/pl\/wp-json\/wp\/v2\/product_brand?post=3296"},{"taxonomy":"product_cat","embeddable":true,"href":"https:\/\/mountlaser.com\/pl\/wp-json\/wp\/v2\/product_cat?post=3296"},{"taxonomy":"product_tag","embeddable":true,"href":"https:\/\/mountlaser.com\/pl\/wp-json\/wp\/v2\/product_tag?post=3296"}],"curies":[{"name":"wp","href":"https:\/\/api.w.org\/{rel}","templated":true}]}}