{"id":3293,"date":"2025-11-04T07:46:37","date_gmt":"2025-11-04T07:46:37","guid":{"rendered":"https:\/\/mountlaser.com\/?post_type=product&#038;p=3293"},"modified":"2025-11-28T02:43:26","modified_gmt":"2025-11-28T02:43:26","slug":"premium-t-series-rtf30-fiberglass-tripod","status":"publish","type":"product","link":"https:\/\/mountlaser.com\/pl\/produkt\/premium-t-series-rtf30-fiberglass-tripod\/","title":{"rendered":"Statyw z w\u0142\u00f3kna szklanego Premium T Series RTF30"},"content":{"rendered":"<p>Ten <a href=\"https:\/\/mountlaser.com\/pl\/\"><strong>Statyw z w\u0142\u00f3kna szklanego Premium T Series RTF30<\/strong><\/a> Statyw Mount Laser wyznacza nowy standard niezawodno\u015bci w wymagaj\u0105cych warunkach geodezyjnych. Zaprojektowany jako prawdziwie wytrzyma\u0142y statyw z okr\u0105g\u0142ymi nogami z w\u0142\u00f3kna szklanego, ten model zapewnia wyj\u0105tkow\u0105 stabilno\u015b\u0107 dla precyzyjnych instrument\u00f3w, takich jak tachimetry i skanery laserowe 3D.<\/p>\n<p>Ten wytrzyma\u0142y statyw geodezyjny z w\u0142\u00f3kna szklanego, wyposa\u017cony w du\u017c\u0105, okr\u0105g\u0142\u0105 g\u0142owic\u0119, zosta\u0142 zaprojektowany tak, aby wytrzyma\u0107 intensywne, codzienne u\u017cytkowanie, zachowuj\u0105c jednocze\u015bnie precyzj\u0119 pomiaru. Wykonany z wysokiej jako\u015bci w\u0142\u00f3kna szklanego, oferuje doskona\u0142\u0105 odporno\u015b\u0107 na uderzenia i wytrzyma\u0142o\u015b\u0107 na napr\u0119\u017cenia, dzi\u0119ki czemu\u2026 <a href=\"https:\/\/mountlaser.com\/pl\/products\/\"><strong>Wytrzyma\u0142y statyw z okr\u0105g\u0142ymi nogami z w\u0142\u00f3kna szklanego<\/strong><\/a> idealny wyb\u00f3r na place budowy i wymagaj\u0105ce pomiary topograficzne.<br \/>\nDzi\u0119ki odporno\u015bci na korozj\u0119 i wzmocnionej konstrukcji ten profesjonalny statyw geodezyjny z w\u0142\u00f3kna szklanego gwarantuje d\u0142ugotrwa\u0142\u0105 wydajno\u015b\u0107 w ka\u017cdych warunkach pracy.<\/p>\n<figure id=\"attachment_3295\" aria-describedby=\"caption-attachment-3295\" style=\"width: 500px\" class=\"wp-caption aligncenter\"><img fetchpriority=\"high\" decoding=\"async\" class=\"wp-image-3295\" src=\"https:\/\/mountlaser.com\/wp-content\/uploads\/2025\/11\/RTF30-BCD2.webp\" alt=\"Heavy Duty Fiberglass Round Leg Tripod\" width=\"500\" height=\"500\" srcset=\"https:\/\/mountlaser.com\/wp-content\/uploads\/2025\/11\/RTF30-BCD2.webp 1000w, https:\/\/mountlaser.com\/wp-content\/uploads\/2025\/11\/RTF30-BCD2-300x300.webp 300w, https:\/\/mountlaser.com\/wp-content\/uploads\/2025\/11\/RTF30-BCD2-400x400.webp 400w, https:\/\/mountlaser.com\/wp-content\/uploads\/2025\/11\/RTF30-BCD2-800x800.webp 800w, https:\/\/mountlaser.com\/wp-content\/uploads\/2025\/11\/RTF30-BCD2-600x600.webp 600w, https:\/\/mountlaser.com\/wp-content\/uploads\/2025\/11\/RTF30-BCD2-150x150.webp 150w, https:\/\/mountlaser.com\/wp-content\/uploads\/2025\/11\/RTF30-BCD2-768x768.webp 768w, https:\/\/mountlaser.com\/wp-content\/uploads\/2025\/11\/RTF30-BCD2-12x12.webp 12w\" sizes=\"(max-width: 500px) 100vw, 500px\" \/><figcaption id=\"caption-attachment-3295\" class=\"wp-caption-text\">Wytrzyma\u0142y statyw z okr\u0105g\u0142ymi nogami z w\u0142\u00f3kna szklanego<\/figcaption><\/figure>\n<p>&nbsp;<\/p>\n<p><strong>Specyfikacja statywu z w\u0142\u00f3kna szklanego Premium T Series RTF30<\/strong><\/p>\n<table style=\"border-collapse: collapse; width: 650.27pt;\" border=\"0\" width=\"867\" cellspacing=\"0\" cellpadding=\"0\">\n<tbody>\n<tr style=\"height: 14.25pt;\">\n<td class=\"et2\" style=\"height: 14.25pt; width: 122.25pt;\" width=\"163\" height=\"19\">NUMER<\/td>\n<td class=\"et2\" style=\"width: 97.50pt;\" width=\"130\">NOGI<\/td>\n<td class=\"et2\" style=\"width: 90.75pt;\" width=\"121\">G\u0141OWA<\/td>\n<td class=\"et2\" style=\"width: 100.50pt;\" width=\"134\">TYP ZAMKA<\/td>\n<td class=\"et2\" style=\"width: 99.00pt;\" width=\"132\">SPRZ\u0118T KOMPUTEROWY<\/td>\n<td class=\"et2\" style=\"width: 86.25pt;\" width=\"115\">ROZSZERZENIE<\/td>\n<td class=\"et2\" style=\"width: 54.00pt;\" width=\"72\">P\u00f3\u0142nocny zach\u00f3d<\/td>\n<\/tr>\n<tr style=\"height: 14.25pt;\">\n<td class=\"et2\" style=\"height: 14.25pt;\" height=\"19\">RTF30-BCD<\/td>\n<td class=\"et2\">W\u0142\u00f3kno szklane<\/td>\n<td class=\"et2\">166mm Okr\u0105g\u0142y<\/td>\n<td class=\"et2\">Podw\u00f3jny zacisk<\/td>\n<td class=\"et2\">Czarny<\/td>\n<td class=\"et2\">180 cm<\/td>\n<td class=\"et2\">8,0 kg<\/td>\n<\/tr>\n<\/tbody>\n<\/table>","protected":false},"excerpt":{"rendered":"<ul>\n<li>Wytrzyma\u0142a, okr\u0105g\u0142a konstrukcja n\u00f3g z w\u0142\u00f3kna szklanego gwarantuje maksymaln\u0105 stabilno\u015b\u0107 i trwa\u0142o\u015b\u0107<\/li>\n<li>Doskona\u0142a odporno\u015b\u0107 na uderzenia i wytrzyma\u0142o\u015b\u0107 na napr\u0119\u017cenia zapewniaj\u0105ce d\u0142ugotrwa\u0142\u0105 niezawodno\u015b\u0107<\/li>\n<li>Wy\u017csza odporno\u015b\u0107 na korozj\u0119 wyd\u0142u\u017ca \u017cywotno\u015b\u0107 w trudnych warunkach<\/li>\n<li>Wytrzyma\u0142y statyw z okr\u0105g\u0142ymi nogami z w\u0142\u00f3kna szklanego. W zestawie wygodny pasek na r\u0119k\u0119 u\u0142atwiaj\u0105cy transport na r\u00f3\u017cne miejsca pracy.<\/li>\n<\/ul>","protected":false},"featured_media":3294,"comment_status":"open","ping_status":"closed","template":"","meta":[],"product_brand":[],"product_cat":[91,113],"product_tag":[],"class_list":{"0":"post-3293","1":"product","2":"type-product","3":"status-publish","4":"has-post-thumbnail","6":"product_cat-bipod-tripod","7":"product_cat-wood-fiberglass-tripods","9":"first","10":"instock","11":"shipping-taxable","12":"product-type-simple"},"_links":{"self":[{"href":"https:\/\/mountlaser.com\/pl\/wp-json\/wp\/v2\/product\/3293","targetHints":{"allow":["GET"]}}],"collection":[{"href":"https:\/\/mountlaser.com\/pl\/wp-json\/wp\/v2\/product"}],"about":[{"href":"https:\/\/mountlaser.com\/pl\/wp-json\/wp\/v2\/types\/product"}],"replies":[{"embeddable":true,"href":"https:\/\/mountlaser.com\/pl\/wp-json\/wp\/v2\/comments?post=3293"}],"wp:featuredmedia":[{"embeddable":true,"href":"https:\/\/mountlaser.com\/pl\/wp-json\/wp\/v2\/media\/3294"}],"wp:attachment":[{"href":"https:\/\/mountlaser.com\/pl\/wp-json\/wp\/v2\/media?parent=3293"}],"wp:term":[{"taxonomy":"product_brand","embeddable":true,"href":"https:\/\/mountlaser.com\/pl\/wp-json\/wp\/v2\/product_brand?post=3293"},{"taxonomy":"product_cat","embeddable":true,"href":"https:\/\/mountlaser.com\/pl\/wp-json\/wp\/v2\/product_cat?post=3293"},{"taxonomy":"product_tag","embeddable":true,"href":"https:\/\/mountlaser.com\/pl\/wp-json\/wp\/v2\/product_tag?post=3293"}],"curies":[{"name":"wp","href":"https:\/\/api.w.org\/{rel}","templated":true}]}}