{"id":3279,"date":"2025-11-04T07:43:20","date_gmt":"2025-11-04T07:43:20","guid":{"rendered":"https:\/\/mountlaser.com\/?post_type=product&#038;p=3279"},"modified":"2025-11-28T02:52:06","modified_gmt":"2025-11-28T02:52:06","slug":"mp109-angled-mini-prism","status":"publish","type":"product","link":"https:\/\/mountlaser.com\/pl\/produkt\/mp109-angled-mini-prism\/","title":{"rendered":"MP109 K\u0105towy mini pryzmat"},"content":{"rendered":"<p>Seria k\u0105towych minipryzmat\u00f3w MP109 zosta\u0142a zaprojektowana do precyzyjnego, d\u0142ugoterminowego monitorowania konstrukcji i odkszta\u0142ce\u0144 w trudnych warunkach, takich jak tory kolejowe, mosty i tunele. Dost\u0119pna w dw\u00f3ch modelach \u2014 pojedynczym retrorefleksyjnym minipryzmacie MP109S i MP109D. <a href=\"https:\/\/mountlaser.com\/pl\/products\/\"><strong>Podw\u00f3jny mini pryzmat odblaskowy<\/strong><\/a> \u2014 system ten zapewnia niezawodn\u0105 dok\u0142adno\u015b\u0107 i elastyczne opcje instalacji dla r\u00f3\u017cnych zastosowa\u0144 in\u017cynieryjnych.<\/p>\n<p>Ten <a href=\"https:\/\/mountlaser.com\/pl\/\"><strong>Dwustronny mini pryzmat<\/strong><\/a> Konfiguracja umo\u017cliwia jednoczesny pomiar z wielu kierunk\u00f3w, zapewniaj\u0105c wysok\u0105 precyzj\u0119 i wydajno\u015b\u0107 zbierania danych. Zamontowany na pochylonej p\u0142ytce, dwustronny minipryzmat umo\u017cliwia dok\u0142adne odczyty nawet pod uko\u015bnym k\u0105tem obserwacji, co czyni go idealnym rozwi\u0105zaniem w miejscach o ograniczonej przestrzeni lub ograniczonym dost\u0119pie.<\/p>\n<p><img fetchpriority=\"high\" decoding=\"async\" class=\"wp-image-3284 aligncenter\" src=\"https:\/\/mountlaser.com\/wp-content\/uploads\/2025\/11\/3-1MP1092.webp\" alt=\"mp109 Double side mini prism\" width=\"500\" height=\"500\" srcset=\"https:\/\/mountlaser.com\/wp-content\/uploads\/2025\/11\/3-1MP1092.webp 1000w, https:\/\/mountlaser.com\/wp-content\/uploads\/2025\/11\/3-1MP1092-300x300.webp 300w, https:\/\/mountlaser.com\/wp-content\/uploads\/2025\/11\/3-1MP1092-400x400.webp 400w, https:\/\/mountlaser.com\/wp-content\/uploads\/2025\/11\/3-1MP1092-800x800.webp 800w, https:\/\/mountlaser.com\/wp-content\/uploads\/2025\/11\/3-1MP1092-600x600.webp 600w, https:\/\/mountlaser.com\/wp-content\/uploads\/2025\/11\/3-1MP1092-150x150.webp 150w, https:\/\/mountlaser.com\/wp-content\/uploads\/2025\/11\/3-1MP1092-768x768.webp 768w, https:\/\/mountlaser.com\/wp-content\/uploads\/2025\/11\/3-1MP1092-12x12.webp 12w\" sizes=\"(max-width: 500px) 100vw, 500px\" \/><\/p>\n<p>Wykonany z trwa\u0142ych i odpornych na warunki atmosferyczne materia\u0142\u00f3w, <a href=\"https:\/\/mountlaser.com\/pl\/contact-us\/\">Dwustronny mini pryzmat<\/a> Wytrzymuje trudne warunki zewn\u0119trzne, zachowuj\u0105c jednocze\u015bnie dok\u0142adno\u015b\u0107 optyczn\u0105. Jego konstrukcja na sta\u0142e mocowana umo\u017cliwia zdalne pomiary bez przerywania ruchu drogowego lub prac budowlanych, zapewniaj\u0105c bezpiecze\u0144stwo i wygod\u0119 w przypadku d\u0142ugoterminowych projekt\u00f3w monitoringu.<\/p>","protected":false},"excerpt":{"rendered":"<ul>\n<li>Konstrukcja mocowania trwa\u0142ego: umo\u017cliwia zdalny, nienaruszaj\u0105cy porz\u0105dku monitoring bez zak\u0142\u00f3cania ruchu.<\/li>\n<li>Monta\u017c k\u0105towy pryzmatu: zwi\u0119ksza dok\u0142adno\u015b\u0107 pomiar\u00f3w z r\u00f3\u017cnych kierunk\u00f3w obserwacji.<\/li>\n<li>Podw\u00f3jna konfiguracja: Dwustronny mini pryzmat zapewnia elastyczn\u0105 mo\u017cliwo\u015b\u0107 pomiaru dwukierunkowego.<\/li>\n<li>Trwa\u0142e i odporne na warunki atmosferyczne: Zaprojektowane tak, aby zapewni\u0107 d\u0142ugoterminow\u0105 stabilno\u015b\u0107 w warunkach zewn\u0119trznych.<\/li>\n<li>Idealny do przestrzeni zamkni\u0119tych: skuteczny na kolei, w tunelach i przy monitorowaniu most\u00f3w.<\/li>\n<\/ul>","protected":false},"featured_media":3284,"comment_status":"open","ping_status":"closed","template":"","meta":[],"product_brand":[],"product_cat":[72,112],"product_tag":[],"class_list":{"0":"post-3279","1":"product","2":"type-product","3":"status-publish","4":"has-post-thumbnail","6":"product_cat-reflective-target-prism","7":"product_cat-monitoring-prism","9":"first","10":"instock","11":"shipping-taxable","12":"product-type-simple"},"_links":{"self":[{"href":"https:\/\/mountlaser.com\/pl\/wp-json\/wp\/v2\/product\/3279","targetHints":{"allow":["GET"]}}],"collection":[{"href":"https:\/\/mountlaser.com\/pl\/wp-json\/wp\/v2\/product"}],"about":[{"href":"https:\/\/mountlaser.com\/pl\/wp-json\/wp\/v2\/types\/product"}],"replies":[{"embeddable":true,"href":"https:\/\/mountlaser.com\/pl\/wp-json\/wp\/v2\/comments?post=3279"}],"wp:featuredmedia":[{"embeddable":true,"href":"https:\/\/mountlaser.com\/pl\/wp-json\/wp\/v2\/media\/3284"}],"wp:attachment":[{"href":"https:\/\/mountlaser.com\/pl\/wp-json\/wp\/v2\/media?parent=3279"}],"wp:term":[{"taxonomy":"product_brand","embeddable":true,"href":"https:\/\/mountlaser.com\/pl\/wp-json\/wp\/v2\/product_brand?post=3279"},{"taxonomy":"product_cat","embeddable":true,"href":"https:\/\/mountlaser.com\/pl\/wp-json\/wp\/v2\/product_cat?post=3279"},{"taxonomy":"product_tag","embeddable":true,"href":"https:\/\/mountlaser.com\/pl\/wp-json\/wp\/v2\/product_tag?post=3279"}],"curies":[{"name":"wp","href":"https:\/\/api.w.org\/{rel}","templated":true}]}}