{"id":3261,"date":"2025-11-04T06:28:51","date_gmt":"2025-11-04T06:28:51","guid":{"rendered":"https:\/\/mountlaser.com\/?post_type=product&#038;p=3261"},"modified":"2025-11-28T02:56:54","modified_gmt":"2025-11-28T02:56:54","slug":"premium-t-series-rtf20-fiberglass-tripod","status":"publish","type":"product","link":"https:\/\/mountlaser.com\/pl\/produkt\/premium-t-series-rtf20-fiberglass-tripod\/","title":{"rendered":"Statyw z w\u0142\u00f3kna szklanego Premium T Series RTF20"},"content":{"rendered":"<p><a href=\"https:\/\/mountlaser.com\/pl\/\u3001\/\"><strong>Statyw z w\u0142\u00f3kna szklanego Premium T Series RTF20<\/strong><\/a> od Mount Laser \u2014 to idealny wyb\u00f3r dla geodet\u00f3w, kt\u00f3rzy nie id\u0105 na kompromisy w kwestii stabilno\u015bci i wytrzyma\u0142o\u015bci. Zaprojektowany jako solidny, \u015brednio wytrzyma\u0142y statyw z w\u0142\u00f3kna szklanego, RTF20 zapewnia doskona\u0142\u0105 wydajno\u015b\u0107 w zr\u00f3\u017cnicowanych warunkach terenowych. Niezale\u017cnie od tego, czy wybierzesz statyw z w\u0142\u00f3kna szklanego RTF20 z p\u0142ask\u0105 g\u0142owic\u0105, czy statyw z w\u0142\u00f3kna szklanego RTF20 z du\u017c\u0105 okr\u0105g\u0142\u0105 g\u0142owic\u0105, masz gwarancj\u0119 niezawodnej konfiguracji, idealnej do u\u017cytku z tachimetrami i innymi precyzyjnymi instrumentami.<\/p>\n<p><img fetchpriority=\"high\" decoding=\"async\" class=\"aligncenter wp-image-3266\" src=\"https:\/\/mountlaser.com\/wp-content\/uploads\/2025\/11\/RTF20-FCD7.webp\" alt=\"Medium-duty Fiberglass Tripod\" width=\"500\" height=\"500\" srcset=\"https:\/\/mountlaser.com\/wp-content\/uploads\/2025\/11\/RTF20-FCD7.webp 1000w, https:\/\/mountlaser.com\/wp-content\/uploads\/2025\/11\/RTF20-FCD7-300x300.webp 300w, https:\/\/mountlaser.com\/wp-content\/uploads\/2025\/11\/RTF20-FCD7-400x400.webp 400w, https:\/\/mountlaser.com\/wp-content\/uploads\/2025\/11\/RTF20-FCD7-800x800.webp 800w, https:\/\/mountlaser.com\/wp-content\/uploads\/2025\/11\/RTF20-FCD7-600x600.webp 600w, https:\/\/mountlaser.com\/wp-content\/uploads\/2025\/11\/RTF20-FCD7-150x150.webp 150w, https:\/\/mountlaser.com\/wp-content\/uploads\/2025\/11\/RTF20-FCD7-768x768.webp 768w, https:\/\/mountlaser.com\/wp-content\/uploads\/2025\/11\/RTF20-FCD7-12x12.webp 12w\" sizes=\"(max-width: 500px) 100vw, 500px\" \/><\/p>\n<p>Wykonany z wytrzyma\u0142ej, kwadratowej konstrukcji, ten statyw geodezyjny z w\u0142\u00f3kna szklanego zapewnia zwi\u0119kszon\u0105 sztywno\u015b\u0107 i odporno\u015b\u0107 na skr\u0119canie pod obci\u0105\u017ceniem. Wykonany z wysokiej jako\u015bci komponent\u00f3w ze stopu aluminium., <a href=\"https:\/\/mountlaser.com\/pl\/products\/\"><strong>statyw z w\u0142\u00f3kna szklanego o \u015bredniej wytrzyma\u0142o\u015bci<\/strong> <\/a>Oferuje wyj\u0105tkow\u0105 odporno\u015b\u0107 na uderzenia, gwarantuj\u0105c d\u0142ugotrwa\u0142e u\u017cytkowanie nawet w najtrudniejszych warunkach. Wyposa\u017cony w uniwersaln\u0105 mosi\u0119\u017cn\u0105 \u015brub\u0119 jarzmow\u0105 5\/8\u2033-11, RTF20 jest kompatybilny z r\u00f3\u017cnymi instrumentami geodezyjnymi, co czyni go wszechstronnym i niezawodnym. <a href=\"https:\/\/mountlaser.com\/pl\/contact-us\/\">statyw z w\u0142\u00f3kna szklanego o \u015bredniej wytrzyma\u0142o\u015bci<\/a> dla wszystkich Twoich potrzeb zawodowych.<\/p>\n<p>&nbsp;<\/p>\n<p>Specyfikacja statywu z w\u0142\u00f3kna szklanego Premium T Series RTF20<\/p>\n<table style=\"border-collapse: collapse; width: 622.52pt;\" border=\"0\" width=\"830\" cellspacing=\"0\" cellpadding=\"0\">\n<tbody>\n<tr style=\"height: 14.25pt;\">\n<td class=\"et2\" style=\"height: 14.25pt; width: 94.50pt;\" width=\"126\" height=\"19\">NUMER<\/td>\n<td class=\"et2\" style=\"width: 97.50pt;\" width=\"130\">NOGI<\/td>\n<td class=\"et2\" style=\"width: 90.75pt;\" width=\"121\">G\u0141OWA<\/td>\n<td class=\"et2\" style=\"width: 100.50pt;\" width=\"134\">TYP ZAMKA<\/td>\n<td class=\"et2\" style=\"width: 99.00pt;\" width=\"132\">SPRZ\u0118T KOMPUTEROWY<\/td>\n<td class=\"et2\" style=\"width: 86.25pt;\" width=\"115\">ROZSZERZENIE<\/td>\n<td class=\"et2\" style=\"width: 54.00pt;\" width=\"72\">P\u00f3\u0142nocny zach\u00f3d<\/td>\n<\/tr>\n<tr style=\"height: 14.25pt;\">\n<td class=\"et2\" style=\"height: 14.25pt;\" height=\"19\">RTF20-FCD<\/td>\n<td class=\"et2\">W\u0142\u00f3kno szklane<\/td>\n<td class=\"et2\">160mm p\u0142aski<\/td>\n<td class=\"et2\">Podw\u00f3jny zacisk<\/td>\n<td class=\"et2\">Czarny<\/td>\n<td class=\"et2\">165 cm<\/td>\n<td class=\"et2\">5,6 kg<\/td>\n<\/tr>\n<tr style=\"height: 14.25pt;\">\n<td class=\"et2\" style=\"height: 14.25pt;\" height=\"19\">RTF20-BCD<\/td>\n<td class=\"et2\">W\u0142\u00f3kno szklane<\/td>\n<td class=\"et2\">166mm Okr\u0105g\u0142y<\/td>\n<td class=\"et2\">Podw\u00f3jny zacisk<\/td>\n<td class=\"et2\">Czarny<\/td>\n<td class=\"et2\">165 cm<\/td>\n<td class=\"et2\">5,8 kg<\/td>\n<\/tr>\n<\/tbody>\n<\/table>","protected":false},"excerpt":{"rendered":"<ul>\n<li>Solidna konstrukcja pozwala na prac\u0119 w trudnych warunkach terenowych bez uszczerbku dla dok\u0142adno\u015bci.<\/li>\n<li>Wykonane ze stopu aluminium, co zapewnia idealn\u0105 r\u00f3wnowag\u0119 mi\u0119dzy wytrzyma\u0142o\u015bci\u0105 i odporno\u015bci\u0105 na uderzenia.<\/li>\n<li>Doskona\u0142y i niezawodny przyk\u0142ad statywu geodezyjnego z w\u0142\u00f3kna szklanego, stanowi\u0105cego stabiln\u0105 podstaw\u0119 do precyzyjnych pomiar\u00f3w.<\/li>\n<\/ul>","protected":false},"featured_media":3262,"comment_status":"open","ping_status":"closed","template":"","meta":[],"product_brand":[],"product_cat":[91,113],"product_tag":[],"class_list":{"0":"post-3261","1":"product","2":"type-product","3":"status-publish","4":"has-post-thumbnail","6":"product_cat-bipod-tripod","7":"product_cat-wood-fiberglass-tripods","9":"first","10":"instock","11":"shipping-taxable","12":"product-type-simple"},"_links":{"self":[{"href":"https:\/\/mountlaser.com\/pl\/wp-json\/wp\/v2\/product\/3261","targetHints":{"allow":["GET"]}}],"collection":[{"href":"https:\/\/mountlaser.com\/pl\/wp-json\/wp\/v2\/product"}],"about":[{"href":"https:\/\/mountlaser.com\/pl\/wp-json\/wp\/v2\/types\/product"}],"replies":[{"embeddable":true,"href":"https:\/\/mountlaser.com\/pl\/wp-json\/wp\/v2\/comments?post=3261"}],"wp:featuredmedia":[{"embeddable":true,"href":"https:\/\/mountlaser.com\/pl\/wp-json\/wp\/v2\/media\/3262"}],"wp:attachment":[{"href":"https:\/\/mountlaser.com\/pl\/wp-json\/wp\/v2\/media?parent=3261"}],"wp:term":[{"taxonomy":"product_brand","embeddable":true,"href":"https:\/\/mountlaser.com\/pl\/wp-json\/wp\/v2\/product_brand?post=3261"},{"taxonomy":"product_cat","embeddable":true,"href":"https:\/\/mountlaser.com\/pl\/wp-json\/wp\/v2\/product_cat?post=3261"},{"taxonomy":"product_tag","embeddable":true,"href":"https:\/\/mountlaser.com\/pl\/wp-json\/wp\/v2\/product_tag?post=3261"}],"curies":[{"name":"wp","href":"https:\/\/api.w.org\/{rel}","templated":true}]}}