{"id":3259,"date":"2025-11-04T06:29:00","date_gmt":"2025-11-04T06:29:00","guid":{"rendered":"https:\/\/mountlaser.com\/?post_type=product&#038;p=3259"},"modified":"2025-11-28T02:55:50","modified_gmt":"2025-11-28T02:55:50","slug":"gmp101-mini-prism","status":"publish","type":"product","link":"https:\/\/mountlaser.com\/pl\/produkt\/gmp101-mini-prism\/","title":{"rendered":"GMP101 Mini pryzmat"},"content":{"rendered":"<p>Ten <a href=\"https:\/\/mountlaser.com\/pl\/\"><strong>Zestaw mini pryzmatu GMP101<\/strong><\/a> to profesjonalny, precyzyjny minipryzmat przeznaczony do precyzyjnych zastosowa\u0144 geodezyjnych, budowlanych i monitoringowych. Zestaw minipryzmat\u00f3w GMP101, wyposa\u017cony w pryzmat o \u015brednicy 25,4 mm pokryty miedzi\u0105, zapewnia wyj\u0105tkow\u0105 zdolno\u015b\u0107 odbicia sygna\u0142u i dok\u0142adno\u015b\u0107 pomiaru, co czyni go niezawodnym wyborem zar\u00f3wno do prac terenowych, jak i do d\u0142ugotrwa\u0142ych zada\u0144 monitoringowych.<\/p>\n<p>Wyposa\u017cony w trwa\u0142\u0105 obudow\u0119 z odlewu aluminiowego, <a href=\"https:\/\/mountlaser.com\/pl\/contact-us\/\"><strong>Bardzo dok\u0142adny mini pryzmat<\/strong><\/a> zapewnia sta\u0142\u0105 wydajno\u015b\u0107 nawet w wymagaj\u0105cych warunkach zewn\u0119trznych. Zintegrowana p\u0142ytka celownicza z wbudowan\u0105 poziomic\u0105 umo\u017cliwia \u0142atwe i precyzyjne ustawienie, a solidny kolec do wbijania w ziemi\u0119 zapewnia doskona\u0142\u0105 stabilno\u015b\u0107 na nier\u00f3wnym terenie.<\/p>\n<p><img fetchpriority=\"high\" decoding=\"async\" class=\"aligncenter wp-image-3272\" src=\"https:\/\/mountlaser.com\/wp-content\/uploads\/2025\/11\/5-5GMP1014.webp\" alt=\"GMP101 Mini Prism Kit\" width=\"500\" height=\"500\" srcset=\"https:\/\/mountlaser.com\/wp-content\/uploads\/2025\/11\/5-5GMP1014.webp 1000w, https:\/\/mountlaser.com\/wp-content\/uploads\/2025\/11\/5-5GMP1014-300x300.webp 300w, https:\/\/mountlaser.com\/wp-content\/uploads\/2025\/11\/5-5GMP1014-400x400.webp 400w, https:\/\/mountlaser.com\/wp-content\/uploads\/2025\/11\/5-5GMP1014-800x800.webp 800w, https:\/\/mountlaser.com\/wp-content\/uploads\/2025\/11\/5-5GMP1014-600x600.webp 600w, https:\/\/mountlaser.com\/wp-content\/uploads\/2025\/11\/5-5GMP1014-150x150.webp 150w, https:\/\/mountlaser.com\/wp-content\/uploads\/2025\/11\/5-5GMP1014-768x768.webp 768w, https:\/\/mountlaser.com\/wp-content\/uploads\/2025\/11\/5-5GMP1014-12x12.webp 12w\" sizes=\"(max-width: 500px) 100vw, 500px\" \/><\/p>\n<p>Dost\u0119pny w wersjach o dok\u0142adno\u015bci 2\u2033, 3\u20134\u2033 lub 5\u20138\u2033, zestaw minipryzmat\u00f3w GMP101 spe\u0142nia zr\u00f3\u017cnicowane wymagania projektowe, zapewniaj\u0105c dok\u0142adno\u015b\u0107 centrowania do \u00b12,0 mm i sta\u0142\u0105 pryzmatu 17,5 mm (offset szwajcarski). Ten minipryzmat o wysokiej dok\u0142adno\u015bci jest r\u00f3wnie\u017c dostarczany z mi\u0119kk\u0105 torb\u0105 transportow\u0105, kt\u00f3ra zapewnia wygod\u0119 transportu i ochron\u0119, oferuj\u0105c idealn\u0105 r\u00f3wnowag\u0119 mi\u0119dzy precyzj\u0105, trwa\u0142o\u015bci\u0105 i mobilno\u015bci\u0105 dla profesjonalist\u00f3w pracuj\u0105cych w terenie.<\/p>","protected":false},"excerpt":{"rendered":"<ul>\n<li>Wbudowana poziomica: zapewnia szybkie i dok\u0142adne ustawienie w terenie.<\/li>\n<li>Trwa\u0142a konstrukcja: Odlewana aluminiowa obudowa gwarantuje wytrzyma\u0142o\u015b\u0107 i d\u0142ug\u0105 \u017cywotno\u015b\u0107.<\/li>\n<li>Stabilny monta\u017c: Wyposa\u017cony w solidny kolec do wbicia w ziemi\u0119, zapewniaj\u0105cy pewny monta\u017c.<\/li>\n<li>Wygodny zestaw: Zawiera torb\u0119 transportow\u0105 umo\u017cliwiaj\u0105c\u0105 \u0142atwe przechowywanie i mobilno\u015b\u0107.<\/li>\n<\/ul>","protected":false},"featured_media":3270,"comment_status":"open","ping_status":"closed","template":"","meta":[],"product_brand":[],"product_cat":[72,112],"product_tag":[],"class_list":{"0":"post-3259","1":"product","2":"type-product","3":"status-publish","4":"has-post-thumbnail","6":"product_cat-reflective-target-prism","7":"product_cat-monitoring-prism","9":"first","10":"instock","11":"shipping-taxable","12":"product-type-simple"},"_links":{"self":[{"href":"https:\/\/mountlaser.com\/pl\/wp-json\/wp\/v2\/product\/3259","targetHints":{"allow":["GET"]}}],"collection":[{"href":"https:\/\/mountlaser.com\/pl\/wp-json\/wp\/v2\/product"}],"about":[{"href":"https:\/\/mountlaser.com\/pl\/wp-json\/wp\/v2\/types\/product"}],"replies":[{"embeddable":true,"href":"https:\/\/mountlaser.com\/pl\/wp-json\/wp\/v2\/comments?post=3259"}],"wp:featuredmedia":[{"embeddable":true,"href":"https:\/\/mountlaser.com\/pl\/wp-json\/wp\/v2\/media\/3270"}],"wp:attachment":[{"href":"https:\/\/mountlaser.com\/pl\/wp-json\/wp\/v2\/media?parent=3259"}],"wp:term":[{"taxonomy":"product_brand","embeddable":true,"href":"https:\/\/mountlaser.com\/pl\/wp-json\/wp\/v2\/product_brand?post=3259"},{"taxonomy":"product_cat","embeddable":true,"href":"https:\/\/mountlaser.com\/pl\/wp-json\/wp\/v2\/product_cat?post=3259"},{"taxonomy":"product_tag","embeddable":true,"href":"https:\/\/mountlaser.com\/pl\/wp-json\/wp\/v2\/product_tag?post=3259"}],"curies":[{"name":"wp","href":"https:\/\/api.w.org\/{rel}","templated":true}]}}