{"id":3248,"date":"2025-11-04T05:40:20","date_gmt":"2025-11-04T05:40:20","guid":{"rendered":"https:\/\/mountlaser.com\/?post_type=product&#038;p=3248"},"modified":"2025-11-28T02:57:56","modified_gmt":"2025-11-28T02:57:56","slug":"mp112-rod-monitoring-prism","status":"publish","type":"product","link":"https:\/\/mountlaser.com\/pl\/produkt\/mp112-rod-monitoring-prism\/","title":{"rendered":"Pryzmat monitoruj\u0105cy pr\u0119t MP112"},"content":{"rendered":"<p>Wprowadzenie do produktu: Pryzmat metalowy MP112 Road<\/p>\n<p>Metalowy pryzmat drogowy MP112 to wysoce precyzyjny <a href=\"https:\/\/mountlaser.com\/pl\/\"><strong>mini pryzmat do monitorowania dr\u00f3g<\/strong><\/a>, zaprojektowany do d\u0142ugoterminowej obserwacji konstrukcji i pomiaru stabilno\u015bci w infrastrukturze krytycznej. Zaprojektowany z my\u015bl\u0105 o bezproblemowej integracji z systemami zautomatyzowanych tachimetr\u00f3w z nap\u0119dem silnikowym (AMTS), <a href=\"https:\/\/mountlaser.com\/pl\/products\/\"><strong>Pryzmat monitoruj\u0105cy pr\u0119t MP112<\/strong><\/a> zapewnia sta\u0142\u0105 dok\u0142adno\u015b\u0107 i niezawodn\u0105 wydajno\u015b\u0107 w projektach obejmuj\u0105cych drogi, chodniki, tunele i budynki.<\/p>\n<p>Dost\u0119pny w dw\u00f3ch wersjach \u2013 minipryzmat jednostronny MP112 i minipryzmat dwustronny MP112D \u2013 ten minipryzmat do monitorowania dr\u00f3g oferuje elastyczne opcje instalacji, dostosowane do r\u00f3\u017cnych warunk\u00f3w terenowych. Wykonany w precyzyjnie odlewanej obudowie aluminiowej, pryzmat MP112 do monitorowania pr\u0119t\u00f3w gwarantuje wyj\u0105tkow\u0105 trwa\u0142o\u015b\u0107, odporno\u015b\u0107 na korozj\u0119 i d\u0142ugotrwa\u0142\u0105 niezawodno\u015b\u0107, nawet w trudnych warunkach \u015brodowiskowych.<\/p>\n<p><img fetchpriority=\"high\" decoding=\"async\" class=\"aligncenter wp-image-3256\" src=\"https:\/\/mountlaser.com\/wp-content\/uploads\/2025\/11\/3-3MP1128.webp\" alt=\"MP112 rod monitoring prism\" width=\"500\" height=\"500\" srcset=\"https:\/\/mountlaser.com\/wp-content\/uploads\/2025\/11\/3-3MP1128.webp 1000w, https:\/\/mountlaser.com\/wp-content\/uploads\/2025\/11\/3-3MP1128-300x300.webp 300w, https:\/\/mountlaser.com\/wp-content\/uploads\/2025\/11\/3-3MP1128-400x400.webp 400w, https:\/\/mountlaser.com\/wp-content\/uploads\/2025\/11\/3-3MP1128-800x800.webp 800w, https:\/\/mountlaser.com\/wp-content\/uploads\/2025\/11\/3-3MP1128-600x600.webp 600w, https:\/\/mountlaser.com\/wp-content\/uploads\/2025\/11\/3-3MP1128-150x150.webp 150w, https:\/\/mountlaser.com\/wp-content\/uploads\/2025\/11\/3-3MP1128-768x768.webp 768w, https:\/\/mountlaser.com\/wp-content\/uploads\/2025\/11\/3-3MP1128-12x12.webp 12w\" sizes=\"(max-width: 500px) 100vw, 500px\" \/><\/p>\n<p>Dzi\u0119ki kompaktowym rozmiarom i nachyleniu 10\u00b0 ten miniaturowy pryzmat do monitorowania dr\u00f3g pozwala na instalacj\u0119 w miejscach o ograniczonej widoczno\u015bci, bez zak\u0142\u00f3cania ruchu drogowego, a jednocze\u015bnie zapewnia idealne ustawienie dla system\u00f3w AMTS. <a href=\"https:\/\/mountlaser.com\/pl\/contact-us\/\">Pryzmat monitoruj\u0105cy pr\u0119t MP112<\/a> dostarcza precyzyjne dane dotycz\u0105ce deformacji, umo\u017cliwiaj\u0105c dok\u0142adny monitoring dr\u00f3g i konstrukcji w d\u0142u\u017cszych okresach eksploatacji.<\/p>","protected":false},"excerpt":{"rendered":"<ul>\n<li>Dwie opcje modelu: MP112 (jednostronny) i MP112D (dwustronny) umo\u017cliwiaj\u0105ce elastyczne konfiguracje monitorowania.<\/li>\n<li>Trwa\u0142a metalowa obudowa<\/li>\n<li>Zoptymalizowany dla AMTS<\/li>\n<li>Konstrukcja o niskim profilu<\/li>\n<li>Wysoka precyzja<\/li>\n<\/ul>","protected":false},"featured_media":3249,"comment_status":"open","ping_status":"closed","template":"","meta":[],"product_brand":[],"product_cat":[72,112],"product_tag":[],"class_list":{"0":"post-3248","1":"product","2":"type-product","3":"status-publish","4":"has-post-thumbnail","6":"product_cat-reflective-target-prism","7":"product_cat-monitoring-prism","9":"first","10":"instock","11":"shipping-taxable","12":"product-type-simple"},"_links":{"self":[{"href":"https:\/\/mountlaser.com\/pl\/wp-json\/wp\/v2\/product\/3248","targetHints":{"allow":["GET"]}}],"collection":[{"href":"https:\/\/mountlaser.com\/pl\/wp-json\/wp\/v2\/product"}],"about":[{"href":"https:\/\/mountlaser.com\/pl\/wp-json\/wp\/v2\/types\/product"}],"replies":[{"embeddable":true,"href":"https:\/\/mountlaser.com\/pl\/wp-json\/wp\/v2\/comments?post=3248"}],"wp:featuredmedia":[{"embeddable":true,"href":"https:\/\/mountlaser.com\/pl\/wp-json\/wp\/v2\/media\/3249"}],"wp:attachment":[{"href":"https:\/\/mountlaser.com\/pl\/wp-json\/wp\/v2\/media?parent=3248"}],"wp:term":[{"taxonomy":"product_brand","embeddable":true,"href":"https:\/\/mountlaser.com\/pl\/wp-json\/wp\/v2\/product_brand?post=3248"},{"taxonomy":"product_cat","embeddable":true,"href":"https:\/\/mountlaser.com\/pl\/wp-json\/wp\/v2\/product_cat?post=3248"},{"taxonomy":"product_tag","embeddable":true,"href":"https:\/\/mountlaser.com\/pl\/wp-json\/wp\/v2\/product_tag?post=3248"}],"curies":[{"name":"wp","href":"https:\/\/api.w.org\/{rel}","templated":true}]}}