{"id":3237,"date":"2025-11-04T03:07:54","date_gmt":"2025-11-04T03:07:54","guid":{"rendered":"https:\/\/mountlaser.com\/?post_type=product&#038;p=3237"},"modified":"2025-11-28T02:59:26","modified_gmt":"2025-11-28T02:59:26","slug":"mp111-road-monitoring-prism","status":"publish","type":"product","link":"https:\/\/mountlaser.com\/pl\/produkt\/mp111-road-monitoring-prism\/","title":{"rendered":"Pryzmat do monitorowania dr\u00f3g MP111"},"content":{"rendered":"<p>Pryzmat drogowy z tworzywa sztucznego MP111 \u2013 niezawodny pryzmat do monitorowania dr\u00f3g w projektach infrastrukturalnych<\/p>\n<p>Ten <a href=\"https:\/\/mountlaser.com\/pl\/products\/\"><strong>Pryzmat drogowy plastikowy MP111<\/strong><\/a> jest kompaktowy i trwa\u0142y <a href=\"https:\/\/mountlaser.com\/pl\/about-us\/\"><strong>Pryzmat do monitorowania dr\u00f3g<\/strong><\/a> Zaprojektowany z my\u015bl\u0105 o precyzji i trwa\u0142o\u015bci w wymagaj\u0105cych warunkach infrastrukturalnych, takich jak drogi, przej\u015bcia podziemne i mosty. Zaprojektowany z my\u015bl\u0105 o dyskretnym, d\u0142ugoterminowym monitorowaniu, ten pryzmat do monitorowania dr\u00f3g \u0142\u0105czy w sobie p\u0142ask\u0105 konstrukcj\u0119 z doskona\u0142ymi parametrami optycznymi.<\/p>\n<p>Wykonany z wytrzyma\u0142ego i odpornego na zu\u017cycie tworzywa ABS, pryzmat MP111 gwarantuje d\u0142ugotrwa\u0142\u0105 trwa\u0142o\u015b\u0107 nawet w trudnych warunkach zewn\u0119trznych. Odporna na zarysowania os\u0142ona ochronna chroni pryzmat przed kurzem, uderzeniami i \u015bcieraniem, zachowuj\u0105c wyra\u017any wsp\u00f3\u0142czynnik odbicia i dok\u0142adno\u015b\u0107 pomiaru przez d\u0142ugi czas.<\/p>\n<p><img fetchpriority=\"high\" decoding=\"async\" class=\"aligncenter wp-image-3239\" src=\"https:\/\/mountlaser.com\/wp-content\/uploads\/2025\/11\/3-2MP1112.webp\" alt=\" MP111 Road Monitoring Prism\" width=\"500\" height=\"500\" srcset=\"https:\/\/mountlaser.com\/wp-content\/uploads\/2025\/11\/3-2MP1112.webp 1000w, https:\/\/mountlaser.com\/wp-content\/uploads\/2025\/11\/3-2MP1112-300x300.webp 300w, https:\/\/mountlaser.com\/wp-content\/uploads\/2025\/11\/3-2MP1112-400x400.webp 400w, https:\/\/mountlaser.com\/wp-content\/uploads\/2025\/11\/3-2MP1112-800x800.webp 800w, https:\/\/mountlaser.com\/wp-content\/uploads\/2025\/11\/3-2MP1112-600x600.webp 600w, https:\/\/mountlaser.com\/wp-content\/uploads\/2025\/11\/3-2MP1112-150x150.webp 150w, https:\/\/mountlaser.com\/wp-content\/uploads\/2025\/11\/3-2MP1112-768x768.webp 768w, https:\/\/mountlaser.com\/wp-content\/uploads\/2025\/11\/3-2MP1112-12x12.webp 12w\" sizes=\"(max-width: 500px) 100vw, 500px\" \/><\/p>\n<p>Ten <a href=\"https:\/\/mountlaser.com\/pl\/\">Pryzmat do monitorowania dr\u00f3g<\/a> Charakteryzuje si\u0119 wyj\u0105tkowo p\u0142ask\u0105 konstrukcj\u0105 \u2013 zaledwie 20 mm wysoko\u015bci i 145 mm \u015brednicy \u2013 umo\u017cliwiaj\u0105c\u0105 bezpieczn\u0105 instalacj\u0119 bez zak\u0142\u00f3cania ruchu pieszych i pojazd\u00f3w. Wyposa\u017cony w 12,7-milimetrowy pryzmat pokryty miedzi\u0105 i cztery bezpieczne otwory monta\u017cowe, plastikowy pryzmat drogowy MP111 gwarantuje stabiln\u0105 i odporn\u0105 na manipulacje instalacj\u0119. Jego 10-stopniowe nachylenie w pionie zapewnia optymaln\u0105 widoczno\u015b\u0107 i precyzyjne zbieranie danych, nawet w instalacjach monitoruj\u0105cych o niskim k\u0105cie nachylenia.<\/p>","protected":false},"excerpt":{"rendered":"<ul>\n<li>Umo\u017cliwia dok\u0142adne, d\u0142ugoterminowe monitorowanie dr\u00f3g i most\u00f3w.<\/li>\n<li>Wytrzymuj\u0105 trudne warunki atmosferyczne i obci\u0105\u017cenia mechaniczne.<\/li>\n<li>Niskoprofilowa konstrukcja zapewnia bezpiecze\u0144stwo i minimaln\u0105 widoczno\u015b\u0107.<\/li>\n<li>Pryzmat pokryty miedzi\u0105 zapewnia stabilne pomiary o wysokim wsp\u00f3\u0142czynniku odbicia.<\/li>\n<li>\u0141atwa i bezpieczna instalacja<\/li>\n<\/ul>","protected":false},"featured_media":3240,"comment_status":"open","ping_status":"closed","template":"","meta":[],"product_brand":[],"product_cat":[72,112],"product_tag":[],"class_list":{"0":"post-3237","1":"product","2":"type-product","3":"status-publish","4":"has-post-thumbnail","6":"product_cat-reflective-target-prism","7":"product_cat-monitoring-prism","9":"first","10":"instock","11":"shipping-taxable","12":"product-type-simple"},"_links":{"self":[{"href":"https:\/\/mountlaser.com\/pl\/wp-json\/wp\/v2\/product\/3237","targetHints":{"allow":["GET"]}}],"collection":[{"href":"https:\/\/mountlaser.com\/pl\/wp-json\/wp\/v2\/product"}],"about":[{"href":"https:\/\/mountlaser.com\/pl\/wp-json\/wp\/v2\/types\/product"}],"replies":[{"embeddable":true,"href":"https:\/\/mountlaser.com\/pl\/wp-json\/wp\/v2\/comments?post=3237"}],"wp:featuredmedia":[{"embeddable":true,"href":"https:\/\/mountlaser.com\/pl\/wp-json\/wp\/v2\/media\/3240"}],"wp:attachment":[{"href":"https:\/\/mountlaser.com\/pl\/wp-json\/wp\/v2\/media?parent=3237"}],"wp:term":[{"taxonomy":"product_brand","embeddable":true,"href":"https:\/\/mountlaser.com\/pl\/wp-json\/wp\/v2\/product_brand?post=3237"},{"taxonomy":"product_cat","embeddable":true,"href":"https:\/\/mountlaser.com\/pl\/wp-json\/wp\/v2\/product_cat?post=3237"},{"taxonomy":"product_tag","embeddable":true,"href":"https:\/\/mountlaser.com\/pl\/wp-json\/wp\/v2\/product_tag?post=3237"}],"curies":[{"name":"wp","href":"https:\/\/api.w.org\/{rel}","templated":true}]}}