{"id":3227,"date":"2025-11-03T09:21:41","date_gmt":"2025-11-03T09:21:41","guid":{"rendered":"https:\/\/mountlaser.com\/?post_type=product&#038;p=3227"},"modified":"2025-11-28T03:00:58","modified_gmt":"2025-11-28T03:00:58","slug":"pfa1-series-aluminum-tripod","status":"publish","type":"product","link":"https:\/\/mountlaser.com\/pl\/produkt\/pfa1-series-aluminum-tripod\/","title":{"rendered":"Statyw aluminiowy serii PFA1"},"content":{"rendered":"<p><a href=\"https:\/\/mountlaser.com\/pl\/\"><strong>Statyw aluminiowy serii PFA1<\/strong><\/a>, solidny i niezawodny fundament dla precyzyjnych instrument\u00f3w geodezyjnych. Zaprojektowany dla profesjonalist\u00f3w wymagaj\u0105cych doskona\u0142o\u015bci, ten aluminiowy statyw Sok Style Golden Tube jest dost\u0119pny z dwoma uniwersalnymi g\u0142owicami \u2013 p\u0142ask\u0105 i kopu\u0142kow\u0105 \u2013 aby zapewni\u0107 optymaln\u0105 kompatybilno\u015b\u0107 i konfiguracj\u0119 do r\u00f3\u017cnych zastosowa\u0144.<\/p>\n<p><img fetchpriority=\"high\" decoding=\"async\" class=\"aligncenter wp-image-3234\" src=\"https:\/\/mountlaser.com\/wp-content\/uploads\/2025\/11\/PFA1-FCT7.webp\" alt=\"Sok Style Golden Tube Aluminum Tripod\" width=\"500\" height=\"500\" srcset=\"https:\/\/mountlaser.com\/wp-content\/uploads\/2025\/11\/PFA1-FCT7.webp 1000w, https:\/\/mountlaser.com\/wp-content\/uploads\/2025\/11\/PFA1-FCT7-300x300.webp 300w, https:\/\/mountlaser.com\/wp-content\/uploads\/2025\/11\/PFA1-FCT7-400x400.webp 400w, https:\/\/mountlaser.com\/wp-content\/uploads\/2025\/11\/PFA1-FCT7-800x800.webp 800w, https:\/\/mountlaser.com\/wp-content\/uploads\/2025\/11\/PFA1-FCT7-600x600.webp 600w, https:\/\/mountlaser.com\/wp-content\/uploads\/2025\/11\/PFA1-FCT7-150x150.webp 150w, https:\/\/mountlaser.com\/wp-content\/uploads\/2025\/11\/PFA1-FCT7-768x768.webp 768w, https:\/\/mountlaser.com\/wp-content\/uploads\/2025\/11\/PFA1-FCT7-12x12.webp 12w\" sizes=\"(max-width: 500px) 100vw, 500px\" \/><\/p>\n<p>Jego wyr\u00f3\u017cniaj\u0105c\u0105 cech\u0105 jest konstrukcja z nogami kwadratowymi, kt\u00f3ra zapewnia wi\u0119ksz\u0105 stabilno\u015b\u0107 i sztywno\u015b\u0107 w ka\u017cdym terenie. Wykonany z wytrzyma\u0142ego stopu aluminium, ten aluminiowy statyw przed\u0142u\u017caj\u0105cy PFA1 wytrzyma trudne warunki terenowe, oferuj\u0105c jednocze\u015bnie doskona\u0142\u0105 odporno\u015b\u0107 na uderzenia. Zintegrowana mosi\u0119\u017cna \u015bruba jarzmowa 5\/8\u2033-11 sprawia, \u017ce jest on kompatybilny z szerok\u0105 gam\u0105 instrument\u00f3w, w tym tachimetrami. Ten statyw jest idealny dla profesjonalist\u00f3w poszukuj\u0105cych idealnego po\u0142\u0105czenia tradycyjnej wytrzyma\u0142o\u015bci z nowoczesn\u0105 wydajno\u015bci\u0105. <a href=\"https:\/\/mountlaser.com\/pl\/products\/\"><strong>Statyw aluminiowy w stylu Sok Golden Tube<\/strong><\/a> jest ostatecznym wyborem.<\/p>\n<p>Zaufaj aluminiowemu statywowi przed\u0142u\u017caj\u0105cemu PFA1, kt\u00f3ry zapewni Ci niezawodne wsparcie we wszystkich zadaniach geodezyjnych.<\/p>\n<p>&nbsp;<\/p>\n<p><strong>Specyfikacja statywu aluminiowego serii PFA1<\/strong><\/p>\n<table style=\"border-collapse: collapse; width: 622.52pt;\" border=\"0\" width=\"830\" cellspacing=\"0\" cellpadding=\"0\">\n<tbody>\n<tr style=\"height: 14.25pt;\">\n<td class=\"et2\" style=\"height: 14.25pt; width: 94.50pt;\" width=\"126\" height=\"19\">NUMER<\/td>\n<td class=\"et2\" style=\"width: 97.50pt;\" width=\"130\">NOGI<\/td>\n<td class=\"et2\" style=\"width: 90.75pt;\" width=\"121\">G\u0141OWA<\/td>\n<td class=\"et2\" style=\"width: 100.50pt;\" width=\"134\">TYP ZAMKA<\/td>\n<td class=\"et2\" style=\"width: 99.00pt;\" width=\"132\">SPRZ\u0118T KOMPUTEROWY<\/td>\n<td class=\"et2\" style=\"width: 86.25pt;\" width=\"115\">ROZSZERZENIE<\/td>\n<td class=\"et2\" style=\"width: 54.00pt;\" width=\"72\">P\u00f3\u0142nocny zach\u00f3d<\/td>\n<\/tr>\n<tr style=\"height: 14.25pt;\">\n<td class=\"et2\" style=\"height: 14.25pt;\" height=\"19\">PFA1-FCT<\/td>\n<td class=\"et2\">Aluminium<\/td>\n<td class=\"et2\">160mm p\u0142aski<\/td>\n<td class=\"et2\">Zacisk skr\u0119tny<\/td>\n<td class=\"et2\">Szary<\/td>\n<td class=\"et2\">165 cm<\/td>\n<td class=\"et2\">3,4 kg<\/td>\n<\/tr>\n<tr style=\"height: 14.25pt;\">\n<td class=\"et2\" style=\"height: 14.25pt;\" height=\"19\">PFA1-DCT<\/td>\n<td class=\"et2\">Aluminium<\/td>\n<td class=\"et2\">Kopu\u0142a 160 mm<\/td>\n<td class=\"et2\">Zacisk skr\u0119tny<\/td>\n<td class=\"et2\">Szary<\/td>\n<td class=\"et2\">165 cm<\/td>\n<td class=\"et2\">3,4 kg<\/td>\n<\/tr>\n<\/tbody>\n<\/table>","protected":false},"excerpt":{"rendered":"<ul>\n<li>Zapewnienie stabilnej i sztywnej platformy dla instrument\u00f3w pomiarowych, np. tachimetr\u00f3w, dzi\u0119ki wykorzystaniu konstrukcji z nogami kwadratowymi.<\/li>\n<li>Zapewnia doskona\u0142\u0105 odporno\u015b\u0107 na uderzenia i trwa\u0142o\u015b\u0107 w trudnych warunkach terenowych dzi\u0119ki wykonaniu ze stopu aluminium o du\u017cej wytrzyma\u0142o\u015bci.<\/li>\n<li>Aby zapewni\u0107 szerok\u0105 kompatybilno\u015b\u0107 z r\u00f3\u017cnymi instrumentami poprzez standardow\u0105 \u015brub\u0119 jarzmow\u0105 5\/8\u2033-11 z mosi\u0105dzu.<\/li>\n<\/ul>","protected":false},"featured_media":3230,"comment_status":"open","ping_status":"closed","template":"","meta":[],"product_brand":[],"product_cat":[91,111],"product_tag":[],"class_list":{"0":"post-3227","1":"product","2":"type-product","3":"status-publish","4":"has-post-thumbnail","6":"product_cat-bipod-tripod","7":"product_cat-aluminum-surveying-tripod","9":"first","10":"instock","11":"shipping-taxable","12":"product-type-simple"},"_links":{"self":[{"href":"https:\/\/mountlaser.com\/pl\/wp-json\/wp\/v2\/product\/3227","targetHints":{"allow":["GET"]}}],"collection":[{"href":"https:\/\/mountlaser.com\/pl\/wp-json\/wp\/v2\/product"}],"about":[{"href":"https:\/\/mountlaser.com\/pl\/wp-json\/wp\/v2\/types\/product"}],"replies":[{"embeddable":true,"href":"https:\/\/mountlaser.com\/pl\/wp-json\/wp\/v2\/comments?post=3227"}],"wp:featuredmedia":[{"embeddable":true,"href":"https:\/\/mountlaser.com\/pl\/wp-json\/wp\/v2\/media\/3230"}],"wp:attachment":[{"href":"https:\/\/mountlaser.com\/pl\/wp-json\/wp\/v2\/media?parent=3227"}],"wp:term":[{"taxonomy":"product_brand","embeddable":true,"href":"https:\/\/mountlaser.com\/pl\/wp-json\/wp\/v2\/product_brand?post=3227"},{"taxonomy":"product_cat","embeddable":true,"href":"https:\/\/mountlaser.com\/pl\/wp-json\/wp\/v2\/product_cat?post=3227"},{"taxonomy":"product_tag","embeddable":true,"href":"https:\/\/mountlaser.com\/pl\/wp-json\/wp\/v2\/product_tag?post=3227"}],"curies":[{"name":"wp","href":"https:\/\/api.w.org\/{rel}","templated":true}]}}