{"id":3218,"date":"2025-11-03T09:09:42","date_gmt":"2025-11-03T09:09:42","guid":{"rendered":"https:\/\/mountlaser.com\/?post_type=product&#038;p=3218"},"modified":"2025-11-28T03:04:21","modified_gmt":"2025-11-28T03:04:21","slug":"premium-t-series-heavy-duty-aluminum-tripod","status":"publish","type":"product","link":"https:\/\/mountlaser.com\/pl\/produkt\/premium-t-series-heavy-duty-aluminum-tripod\/","title":{"rendered":"Statyw aluminiowy o du\u017cej wytrzyma\u0142o\u015bci, seria T Premium"},"content":{"rendered":"<p>Seria Premium T <a href=\"https:\/\/mountlaser.com\/pl\/\"><strong>Statyw aluminiowy o du\u017cej wytrzyma\u0142o\u015bci STA30<\/strong><\/a>, najwy\u017cszej klasy, wytrzyma\u0142y aluminiowy statyw geodezyjny, stworzony z my\u015bl\u0105 o precyzji i wytrzyma\u0142o\u015bci. Ten wytrzyma\u0142y, aluminiowy statyw geodezyjny z kwadratowymi nogami jest dost\u0119pny z trzema rodzajami g\u0142owic \u2013 p\u0142ask\u0105, kopulast\u0105 i du\u017c\u0105 okr\u0105g\u0142\u0105 \u2013 aby idealnie dopasowa\u0107 si\u0119 do Twojego instrumentu, dzi\u0119ki czemu idealnie nadaje si\u0119 do stosowania z tachimetrami.<\/p>\n<p>Zaprojektowany z unikaln\u0105 konstrukcj\u0105 st\u00f3p i kwadratowymi nogami, zapewnia doskona\u0142\u0105 stabilno\u015b\u0107 w ka\u017cdym terenie. Nasz zaawansowany mechanizm szybkiego blokowania zmniejsza obci\u0105\u017cenie podczas pracy i gwarantuje d\u0142u\u017csz\u0105 trwa\u0142o\u015b\u0107. Wykonany z wysokowytrzyma\u0142ego stopu aluminium, ten wytrzyma\u0142y aluminiowy statyw geodezyjny charakteryzuje si\u0119 doskona\u0142\u0105 odporno\u015bci\u0105 na uderzenia.<\/p>\n<p><img fetchpriority=\"high\" decoding=\"async\" class=\"aligncenter wp-image-3221\" src=\"https:\/\/mountlaser.com\/wp-content\/uploads\/2025\/11\/STA30-DCD2.webp\" alt=\"Square Leg Surveying Aluminum Tripod\" width=\"500\" height=\"500\" srcset=\"https:\/\/mountlaser.com\/wp-content\/uploads\/2025\/11\/STA30-DCD2.webp 1000w, https:\/\/mountlaser.com\/wp-content\/uploads\/2025\/11\/STA30-DCD2-300x300.webp 300w, https:\/\/mountlaser.com\/wp-content\/uploads\/2025\/11\/STA30-DCD2-400x400.webp 400w, https:\/\/mountlaser.com\/wp-content\/uploads\/2025\/11\/STA30-DCD2-800x800.webp 800w, https:\/\/mountlaser.com\/wp-content\/uploads\/2025\/11\/STA30-DCD2-600x600.webp 600w, https:\/\/mountlaser.com\/wp-content\/uploads\/2025\/11\/STA30-DCD2-150x150.webp 150w, https:\/\/mountlaser.com\/wp-content\/uploads\/2025\/11\/STA30-DCD2-768x768.webp 768w, https:\/\/mountlaser.com\/wp-content\/uploads\/2025\/11\/STA30-DCD2-12x12.webp 12w\" sizes=\"(max-width: 500px) 100vw, 500px\" \/><br \/>\nWyposa\u017cony jest w standardowy mechanizm samoblokuj\u0105cy u\u0142atwiaj\u0105cy przenoszenie oraz mosi\u0119\u017cn\u0105 \u015brub\u0119 jarzmow\u0105 5\/8\u2033-11, zapewniaj\u0105c\u0105 uniwersaln\u0105 kompatybilno\u015b\u0107. Jako wszechstronny <a href=\"https:\/\/mountlaser.com\/pl\/about-us\/\"><strong>Statyw geodezyjny aluminiowy z kwadratowymi nogami<\/strong><\/a>, Na \u017cyczenie oferujemy r\u00f3wnie\u017c niestandardowe kolory i wysoko\u015bci, aby spe\u0142ni\u0107 specyficzne wymagania Twojego projektu.<\/p>\n<p>&nbsp;<\/p>\n<p><strong>Specyfikacja wytrzyma\u0142ego statywu aluminiowego STA30 z serii T Premium<\/strong><\/p>\n<table style=\"border-collapse: collapse; width: 622.52pt;\" border=\"0\" width=\"830\" cellspacing=\"0\" cellpadding=\"0\">\n<tbody>\n<tr style=\"height: 14.25pt;\">\n<td class=\"et2\" style=\"height: 14.25pt; width: 94.50pt;\" width=\"126\" height=\"19\">NUMER<\/td>\n<td class=\"et2\" style=\"width: 97.50pt;\" width=\"130\">NOGI<\/td>\n<td class=\"et2\" style=\"width: 90.75pt;\" width=\"121\">G\u0141OWA<\/td>\n<td class=\"et2\" style=\"width: 100.50pt;\" width=\"134\">TYP ZAMKA<\/td>\n<td class=\"et2\" style=\"width: 99.00pt;\" width=\"132\">SPRZ\u0118T KOMPUTEROWY<\/td>\n<td class=\"et2\" style=\"width: 86.25pt;\" width=\"115\">ROZSZERZENIE<\/td>\n<td class=\"et2\" style=\"width: 54.00pt;\" width=\"72\">P\u00f3\u0142nocny zach\u00f3d<\/td>\n<\/tr>\n<tr style=\"height: 14.25pt;\">\n<td class=\"et2\" style=\"height: 14.25pt;\" height=\"19\">STA30-FCTSYL<\/td>\n<td class=\"et2\">Aluminium<\/td>\n<td class=\"et2\">160mm p\u0142aski<\/td>\n<td class=\"et2\">Zacisk skr\u0119tny<\/td>\n<td class=\"et2\">\u017b\u00f3\u0142ty<\/td>\n<td class=\"et2\">174 cm<\/td>\n<td class=\"et2\">4,5 kg<\/td>\n<\/tr>\n<tr style=\"height: 14.25pt;\">\n<td class=\"et2\" style=\"height: 14.25pt;\" height=\"19\">STA30-FCDSYL<\/td>\n<td class=\"et2\">Aluminium<\/td>\n<td class=\"et2\">160mm p\u0142aski<\/td>\n<td class=\"et2\">Podw\u00f3jny zacisk<\/td>\n<td class=\"et2\">\u017b\u00f3\u0142ty<\/td>\n<td class=\"et2\">168 cm<\/td>\n<td class=\"et2\">5,1 kg<\/td>\n<\/tr>\n<\/tbody>\n<\/table>","protected":false},"excerpt":{"rendered":"<ul>\n<li>Zapewnia szybk\u0105 i bezpieczn\u0105 instalacj\u0119 oraz \u0142atw\u0105 regulacj\u0119 wysoko\u015bci dzi\u0119ki zaawansowanemu mechanizmowi szybkiego blokowania.<\/li>\n<li>Wytrzymuje trudne warunki terenowe dzi\u0119ki solidnej konstrukcji ze stopu aluminium.<\/li>\n<li>Zapewnia szerok\u0105 kompatybilno\u015b\u0107 z instrumentami, ze standardow\u0105 \u015brub\u0105 jarzmow\u0105 5\/8\u2033-11 z mosi\u0105dzu.<\/li>\n<\/ul>","protected":false},"featured_media":3219,"comment_status":"open","ping_status":"closed","template":"","meta":[],"product_brand":[],"product_cat":[91,111],"product_tag":[],"class_list":{"0":"post-3218","1":"product","2":"type-product","3":"status-publish","4":"has-post-thumbnail","6":"product_cat-bipod-tripod","7":"product_cat-aluminum-surveying-tripod","9":"first","10":"instock","11":"shipping-taxable","12":"product-type-simple"},"_links":{"self":[{"href":"https:\/\/mountlaser.com\/pl\/wp-json\/wp\/v2\/product\/3218","targetHints":{"allow":["GET"]}}],"collection":[{"href":"https:\/\/mountlaser.com\/pl\/wp-json\/wp\/v2\/product"}],"about":[{"href":"https:\/\/mountlaser.com\/pl\/wp-json\/wp\/v2\/types\/product"}],"replies":[{"embeddable":true,"href":"https:\/\/mountlaser.com\/pl\/wp-json\/wp\/v2\/comments?post=3218"}],"wp:featuredmedia":[{"embeddable":true,"href":"https:\/\/mountlaser.com\/pl\/wp-json\/wp\/v2\/media\/3219"}],"wp:attachment":[{"href":"https:\/\/mountlaser.com\/pl\/wp-json\/wp\/v2\/media?parent=3218"}],"wp:term":[{"taxonomy":"product_brand","embeddable":true,"href":"https:\/\/mountlaser.com\/pl\/wp-json\/wp\/v2\/product_brand?post=3218"},{"taxonomy":"product_cat","embeddable":true,"href":"https:\/\/mountlaser.com\/pl\/wp-json\/wp\/v2\/product_cat?post=3218"},{"taxonomy":"product_tag","embeddable":true,"href":"https:\/\/mountlaser.com\/pl\/wp-json\/wp\/v2\/product_tag?post=3218"}],"curies":[{"name":"wp","href":"https:\/\/api.w.org\/{rel}","templated":true}]}}