{"id":3216,"date":"2025-11-03T08:57:28","date_gmt":"2025-11-03T08:57:28","guid":{"rendered":"https:\/\/mountlaser.com\/?post_type=product&#038;p=3216"},"modified":"2025-11-28T03:05:22","modified_gmt":"2025-11-28T03:05:22","slug":"standard-j-series-sja30-heavy-duty-aluminum-tripod","status":"publish","type":"product","link":"https:\/\/mountlaser.com\/pl\/produkt\/standard-j-series-sja30-heavy-duty-aluminum-tripod\/","title":{"rendered":"Standardowy statyw aluminiowy SJA30 serii J o du\u017cej wytrzyma\u0142o\u015bci"},"content":{"rendered":"<p>Mount Laser \u2014 jeden z najbardziej zaufanych<a href=\"https:\/\/mountlaser.com\/pl\/\"><strong> Dostawcy statyw\u00f3w aluminiowych SJA30<\/strong><\/a>\u2014prezentuje model Standard J Series SJA30, aluminiowy statyw roboczy o du\u017cej wytrzyma\u0142o\u015bci, przeznaczony dla ekip, kt\u00f3re nie uznaj\u0105 kompromis\u00f3w.<\/p>\n<p><img fetchpriority=\"high\" decoding=\"async\" class=\"aligncenter wp-image-3217\" src=\"https:\/\/mountlaser.com\/wp-content\/uploads\/2025\/11\/\u672a\u6807\u9898-1.webp\" alt=\"Aluminum Heavy Duty Contractor Tripod\" width=\"500\" height=\"500\" srcset=\"https:\/\/mountlaser.com\/wp-content\/uploads\/2025\/11\/\u672a\u6807\u9898-1.webp 800w, https:\/\/mountlaser.com\/wp-content\/uploads\/2025\/11\/\u672a\u6807\u9898-1-300x300.webp 300w, https:\/\/mountlaser.com\/wp-content\/uploads\/2025\/11\/\u672a\u6807\u9898-1-400x400.webp 400w, https:\/\/mountlaser.com\/wp-content\/uploads\/2025\/11\/\u672a\u6807\u9898-1-600x600.webp 600w, https:\/\/mountlaser.com\/wp-content\/uploads\/2025\/11\/\u672a\u6807\u9898-1-150x150.webp 150w, https:\/\/mountlaser.com\/wp-content\/uploads\/2025\/11\/\u672a\u6807\u9898-1-768x768.webp 768w, https:\/\/mountlaser.com\/wp-content\/uploads\/2025\/11\/\u672a\u6807\u9898-1-12x12.webp 12w\" sizes=\"(max-width: 500px) 100vw, 500px\" \/><br \/>\nKonfiguracja z p\u0142ask\u0105 g\u0142owic\u0105 idealnie pasuje do ka\u017cdej stacji tachimetrycznej, natomiast geometria z kwadratowymi nogami zapewnia <a href=\"https:\/\/mountlaser.com\/pl\/products\/\"><strong>Aluminiowy, wytrzyma\u0142y statyw budowlany<\/strong> <\/a>Niezr\u00f3wnana sztywno\u015b\u0107 skr\u0119tna na skalistych dzia\u0142kach lub na wietrznych polach. Odlany z wysokiej jako\u015bci stopu aluminium, SJA30 jest odporny na uderzenia i wibracje, a mosi\u0119\u017cna \u015bruba jarzma 5\/8\u2033-11 pasuje bezpo\u015brednio do instrumentu bez adapter\u00f3w.<br \/>\nKiedy dostawcy statyw\u00f3w aluminiowych SJA30 m\u00f3wi\u0105 o \u201cwytrzyma\u0142o\u015bci\u201d, maj\u0105 na my\u015bli model SJA30: statyw zaprojektowany tak, aby przetrwa\u0107 lata codziennego u\u017cytkowania.<\/p>\n<p><strong>Specyfikacja statywu aluminiowego o du\u017cej wytrzyma\u0142o\u015bci, standardowego J Series SJA30:<\/strong><\/p>\n<table style=\"border-collapse: collapse; width: 622.52pt;\" border=\"0\" width=\"830\" cellspacing=\"0\" cellpadding=\"0\">\n<tbody>\n<tr style=\"height: 14.25pt;\">\n<td class=\"et2\" style=\"height: 14.25pt; width: 94.50pt;\" width=\"126\" height=\"19\">NUMER<\/td>\n<td class=\"et2\" style=\"width: 97.50pt;\" width=\"130\">NOGI<\/td>\n<td class=\"et2\" style=\"width: 90.75pt;\" width=\"121\">G\u0141OWA<\/td>\n<td class=\"et2\" style=\"width: 100.50pt;\" width=\"134\">TYP ZAMKA<\/td>\n<td class=\"et2\" style=\"width: 99.00pt;\" width=\"132\">SPRZ\u0118T KOMPUTEROWY<\/td>\n<td class=\"et2\" style=\"width: 86.25pt;\" width=\"115\">ROZSZERZENIE<\/td>\n<td class=\"et2\" style=\"width: 54.00pt;\" width=\"72\">P\u00f3\u0142nocny zach\u00f3d<\/td>\n<\/tr>\n<tr style=\"height: 14.25pt;\">\n<td class=\"et2\" style=\"height: 14.25pt;\" height=\"19\">SJA30-FCDOR<\/td>\n<td class=\"et2\">Aluminium<\/td>\n<td class=\"et2\">160mm p\u0142aski<\/td>\n<td class=\"et2\">Podw\u00f3jny zacisk<\/td>\n<td class=\"et2\">Pomara\u0144czowy<\/td>\n<td class=\"et2\">161 cm<\/td>\n<td class=\"et2\">4,5 kg<\/td>\n<\/tr>\n<\/tbody>\n<\/table>","protected":false},"excerpt":{"rendered":"<ul>\n<li>Kwadratowe nogi blokuj\u0105 si\u0119 stabilnie, eliminuj\u0105c skr\u0119canie i ko\u0142ysanie si\u0119 nawet przy pe\u0142nym powi\u0119kszeniu 30\u00d7.<\/li>\n<li>Szeroka, p\u0142aska g\u0142owica r\u00f3wnomiernie rozk\u0142ada ci\u0119\u017car instrumentu, a du\u017ce zaciski mo\u017cna wyregulowa\u0107 w r\u0119kawiczkach w ci\u0105gu kilku sekund.<\/li>\n<\/ul>","protected":false},"featured_media":3217,"comment_status":"open","ping_status":"closed","template":"","meta":[],"product_brand":[],"product_cat":[91,111],"product_tag":[],"class_list":{"0":"post-3216","1":"product","2":"type-product","3":"status-publish","4":"has-post-thumbnail","6":"product_cat-bipod-tripod","7":"product_cat-aluminum-surveying-tripod","9":"first","10":"instock","11":"shipping-taxable","12":"product-type-simple"},"_links":{"self":[{"href":"https:\/\/mountlaser.com\/pl\/wp-json\/wp\/v2\/product\/3216","targetHints":{"allow":["GET"]}}],"collection":[{"href":"https:\/\/mountlaser.com\/pl\/wp-json\/wp\/v2\/product"}],"about":[{"href":"https:\/\/mountlaser.com\/pl\/wp-json\/wp\/v2\/types\/product"}],"replies":[{"embeddable":true,"href":"https:\/\/mountlaser.com\/pl\/wp-json\/wp\/v2\/comments?post=3216"}],"wp:featuredmedia":[{"embeddable":true,"href":"https:\/\/mountlaser.com\/pl\/wp-json\/wp\/v2\/media\/3217"}],"wp:attachment":[{"href":"https:\/\/mountlaser.com\/pl\/wp-json\/wp\/v2\/media?parent=3216"}],"wp:term":[{"taxonomy":"product_brand","embeddable":true,"href":"https:\/\/mountlaser.com\/pl\/wp-json\/wp\/v2\/product_brand?post=3216"},{"taxonomy":"product_cat","embeddable":true,"href":"https:\/\/mountlaser.com\/pl\/wp-json\/wp\/v2\/product_cat?post=3216"},{"taxonomy":"product_tag","embeddable":true,"href":"https:\/\/mountlaser.com\/pl\/wp-json\/wp\/v2\/product_tag?post=3216"}],"curies":[{"name":"wp","href":"https:\/\/api.w.org\/{rel}","templated":true}]}}