{"id":3205,"date":"2025-11-03T09:10:57","date_gmt":"2025-11-03T09:10:57","guid":{"rendered":"https:\/\/mountlaser.com\/?post_type=product&#038;p=3205"},"modified":"2025-11-28T03:02:14","modified_gmt":"2025-11-28T03:02:14","slug":"mp108-mini-prism","status":"publish","type":"product","link":"https:\/\/mountlaser.com\/pl\/produkt\/mp108-mini-prism\/","title":{"rendered":"Mini pryzmat MP108"},"content":{"rendered":"<p>MP108 Mini Prism \u2013 pryzmat monitoruj\u0105cy o wysokiej dok\u0142adno\u015bci do zastosowa\u0144 kr\u00f3tkodystansowych<\/p>\n<p>Ten <a href=\"https:\/\/mountlaser.com\/pl\/about-us\/\"><strong>Mini pryzmat MP108<\/strong><\/a> to pryzmat monitoruj\u0105cy o wysokiej dok\u0142adno\u015bci, przeznaczony do precyzyjnych pomiar\u00f3w w wymagaj\u0105cych warunkach, takich jak mosty, tunele, linie kolejowe i metro. Zaprojektowany do monitorowania kr\u00f3tkiego zasi\u0119gu, ten <a href=\"https:\/\/mountlaser.com\/pl\/products\/\"><strong>Pryzmat monitoruj\u0105cy o wysokiej dok\u0142adno\u015bci<\/strong><\/a> zapewnia wyj\u0105tkow\u0105 trwa\u0142o\u015b\u0107 i sta\u0142\u0105 wydajno\u015b\u0107 w ekstremalnych warunkach.<\/p>\n<p>Dost\u0119pny w dw\u00f3ch rozmiarach pryzmatu \u2013 MP108A (\u00d825,4 mm) i MP108B (\u00d838,1 mm) \u2013 mini pryzmat MP108 charakteryzuje si\u0119 precyzyjnie obrobionym pryzmatem, hermetycznie zamkni\u0119tym w odpornej na wstrz\u0105sy i wodoszczelnej metalowej obudowie, co gwarantuje d\u0142ugoterminow\u0105 stabilno\u015b\u0107 i ochron\u0119 przed wp\u0142ywem czynnik\u00f3w \u015brodowiskowych.<\/p>\n<p><img fetchpriority=\"high\" decoding=\"async\" class=\"aligncenter wp-image-3214\" src=\"https:\/\/mountlaser.com\/wp-content\/uploads\/2025\/11\/5-1MP1089.webp\" alt=\"MP108 mini prism\" width=\"500\" height=\"500\" srcset=\"https:\/\/mountlaser.com\/wp-content\/uploads\/2025\/11\/5-1MP1089.webp 1000w, https:\/\/mountlaser.com\/wp-content\/uploads\/2025\/11\/5-1MP1089-300x300.webp 300w, https:\/\/mountlaser.com\/wp-content\/uploads\/2025\/11\/5-1MP1089-400x400.webp 400w, https:\/\/mountlaser.com\/wp-content\/uploads\/2025\/11\/5-1MP1089-800x800.webp 800w, https:\/\/mountlaser.com\/wp-content\/uploads\/2025\/11\/5-1MP1089-600x600.webp 600w, https:\/\/mountlaser.com\/wp-content\/uploads\/2025\/11\/5-1MP1089-150x150.webp 150w, https:\/\/mountlaser.com\/wp-content\/uploads\/2025\/11\/5-1MP1089-768x768.webp 768w, https:\/\/mountlaser.com\/wp-content\/uploads\/2025\/11\/5-1MP1089-12x12.webp 12w\" sizes=\"(max-width: 500px) 100vw, 500px\" \/><\/p>\n<p>U\u017cytkownicy mog\u0105 wybiera\u0107 spo\u015br\u00f3d konfigurowalnych opcji dok\u0142adno\u015bci (2\u2033, 3\u20134\u2033 lub 5\u20138\u2033) i pow\u0142ok (miedzianych lub srebrnych), aby uzyska\u0107 optymaln\u0105 refleksyjno\u015b\u0107 i precyzj\u0119 pomiaru. Dzi\u0119ki dok\u0142adno\u015bci obrotu w zakresie 360\u00b0 wynosz\u0105cej \u00b10,2 mm, ten <a href=\"https:\/\/mountlaser.com\/pl\/contact-us\/\">Pryzmat monitoruj\u0105cy o wysokiej dok\u0142adno\u015bci<\/a> zapewnia wiarygodne odczyty z dowolnego kierunku, co czyni je godnym zaufania rozwi\u0105zaniem do monitorowania krytycznych element\u00f3w infrastruktury przemys\u0142owej.<\/p>","protected":false},"excerpt":{"rendered":"<ul>\n<li>Zapewnia wysoce precyzyjny monitoring infrastruktury i zastosowa\u0144 przemys\u0142owych.<\/li>\n<li>Hermetycznie zamkni\u0119ta metalowa obudowa gwarantuje wodoodporno\u015b\u0107 i odporno\u015b\u0107 na wstrz\u0105sy.<\/li>\n<li>Mo\u017cliwo\u015b\u0107 dostosowania dok\u0142adno\u015bci pryzmatu (od 2\u2033 do 8\u2033) dopasowuje si\u0119 do potrzeb r\u00f3\u017cnych projekt\u00f3w.<\/li>\n<li>Pow\u0142oka miedziana lub srebrna zwi\u0119ksza wsp\u00f3\u0142czynnik odbicia i si\u0142\u0119 sygna\u0142u.<\/li>\n<li>Dok\u0142adno\u015b\u0107 obrotowa zapewnia sp\u00f3jne odczyty pod ka\u017cdym k\u0105tem.<\/li>\n<\/ul>","protected":false},"featured_media":3206,"comment_status":"open","ping_status":"closed","template":"","meta":[],"product_brand":[],"product_cat":[72,112],"product_tag":[],"class_list":{"0":"post-3205","1":"product","2":"type-product","3":"status-publish","4":"has-post-thumbnail","6":"product_cat-reflective-target-prism","7":"product_cat-monitoring-prism","9":"first","10":"instock","11":"shipping-taxable","12":"product-type-simple"},"_links":{"self":[{"href":"https:\/\/mountlaser.com\/pl\/wp-json\/wp\/v2\/product\/3205","targetHints":{"allow":["GET"]}}],"collection":[{"href":"https:\/\/mountlaser.com\/pl\/wp-json\/wp\/v2\/product"}],"about":[{"href":"https:\/\/mountlaser.com\/pl\/wp-json\/wp\/v2\/types\/product"}],"replies":[{"embeddable":true,"href":"https:\/\/mountlaser.com\/pl\/wp-json\/wp\/v2\/comments?post=3205"}],"wp:featuredmedia":[{"embeddable":true,"href":"https:\/\/mountlaser.com\/pl\/wp-json\/wp\/v2\/media\/3206"}],"wp:attachment":[{"href":"https:\/\/mountlaser.com\/pl\/wp-json\/wp\/v2\/media?parent=3205"}],"wp:term":[{"taxonomy":"product_brand","embeddable":true,"href":"https:\/\/mountlaser.com\/pl\/wp-json\/wp\/v2\/product_brand?post=3205"},{"taxonomy":"product_cat","embeddable":true,"href":"https:\/\/mountlaser.com\/pl\/wp-json\/wp\/v2\/product_cat?post=3205"},{"taxonomy":"product_tag","embeddable":true,"href":"https:\/\/mountlaser.com\/pl\/wp-json\/wp\/v2\/product_tag?post=3205"}],"curies":[{"name":"wp","href":"https:\/\/api.w.org\/{rel}","templated":true}]}}