{"id":3187,"date":"2025-11-03T08:34:14","date_gmt":"2025-11-03T08:34:14","guid":{"rendered":"https:\/\/mountlaser.com\/?post_type=product&#038;p=3187"},"modified":"2025-11-28T03:06:41","modified_gmt":"2025-11-28T03:06:41","slug":"premium-t-series-rta20-medium-duty-aluminum-tripod","status":"publish","type":"product","link":"https:\/\/mountlaser.com\/pl\/produkt\/premium-t-series-rta20-medium-duty-aluminum-tripod\/","title":{"rendered":"Statyw aluminiowy Premium T Series RTA20 o \u015bredniej wytrzyma\u0142o\u015bci"},"content":{"rendered":"<p>Statyw aluminiowy Premium T Series RTA20 o \u015bredniej wytrzyma\u0142o\u015bci, <a href=\"https:\/\/mountlaser.com\/pl\/\"><strong>Statyw geodezyjny aluminiowy z okr\u0105g\u0142ymi nogami<\/strong><\/a> kt\u00f3remu ufaj\u0105 ekipy terenowe, gdy liczy si\u0119 ka\u017cdy milimetr.<\/p>\n<p>Dost\u0119pne z g\u0142\u00f3wk\u0105 p\u0142ask\u0105, g\u0142\u00f3wk\u0105 kopulast\u0105 lub du\u017c\u0105 g\u0142\u00f3wk\u0105 okr\u0105g\u0142\u0105.<a href=\"https:\/\/mountlaser.com\/pl\/products\/\"><strong> RTA20 \u015aredni aluminiowy statyw geodezyjny<\/strong> <\/a>\u0142\u0105czy w sobie niezwykle wytrzyma\u0142e nogi ze stopu aluminium z wyj\u0105tkow\u0105 konstrukcj\u0105 st\u00f3p, kt\u00f3ra sprawdza si\u0119 w ka\u017cdym terenie.<\/p>\n<p><img fetchpriority=\"high\" decoding=\"async\" class=\"aligncenter wp-image-3202\" src=\"https:\/\/mountlaser.com\/wp-content\/uploads\/2025\/11\/RTA20-DCD7.webp\" alt=\"Round Leg Surveying Aluminum Tripod\" width=\"500\" height=\"500\" srcset=\"https:\/\/mountlaser.com\/wp-content\/uploads\/2025\/11\/RTA20-DCD7.webp 1000w, https:\/\/mountlaser.com\/wp-content\/uploads\/2025\/11\/RTA20-DCD7-300x300.webp 300w, https:\/\/mountlaser.com\/wp-content\/uploads\/2025\/11\/RTA20-DCD7-400x400.webp 400w, https:\/\/mountlaser.com\/wp-content\/uploads\/2025\/11\/RTA20-DCD7-800x800.webp 800w, https:\/\/mountlaser.com\/wp-content\/uploads\/2025\/11\/RTA20-DCD7-600x600.webp 600w, https:\/\/mountlaser.com\/wp-content\/uploads\/2025\/11\/RTA20-DCD7-150x150.webp 150w, https:\/\/mountlaser.com\/wp-content\/uploads\/2025\/11\/RTA20-DCD7-768x768.webp 768w, https:\/\/mountlaser.com\/wp-content\/uploads\/2025\/11\/RTA20-DCD7-12x12.webp 12w\" sizes=\"(max-width: 500px) 100vw, 500px\" \/><\/p>\n<p>Mosi\u0119\u017cna \u015bruba jarzma 5\/8\u2033-11 gwarantuje uniwersaln\u0105 kompatybilno\u015b\u0107 z instrumentami, a zaawansowany mechanizm szybkiej blokady tego okr\u0105g\u0142ego aluminiowego statywu geodezyjnego skraca czas ustawiania i zmniejsza zm\u0119czenie operatora. Potrzebujesz niestandardowych kolor\u00f3w lub wysoko\u015bci? Zbudujemy go. <a href=\"https:\/\/mountlaser.com\/pl\/contact-us\/\">RTA20 \u015aredni aluminiowy statyw geodezyjny<\/a> zgodnie ze specyfikacjami, a wbudowany system samoblokuj\u0105cy (S) pozwala na noszenie statywu bez pask\u00f3w, bez ryzyka, \u017ce lu\u017ane nogi b\u0119d\u0105 \u0142opota\u0107 na wietrze.<\/p>","protected":false},"excerpt":{"rendered":"<ul>\n<li>Seria Premium T RTA20 zapewnia stabilno\u015b\u0107 bez wibracji dla tachimetr\u00f3w, teodolit\u00f3w i laser\u00f3w. Okr\u0105g\u0142a geometria n\u00f3g zapewnia r\u00f3wnomierne roz\u0142o\u017cenie obci\u0105\u017cenia.<\/li>\n<li>zapewniaj\u0105c okr\u0105g\u0142emu aluminiowemu statywowi geodezyjnemu doskona\u0142\u0105 sztywno\u015b\u0107 skr\u0119tn\u0105 na nawierzchniach asfaltowych, \u017cwirowych i trawiastych.<\/li>\n<li>Szybkie zaciski obs\u0142ugiwane jedn\u0105 r\u0119k\u0105 pozwalaj\u0105 na wysuni\u0119cie lub schowanie ka\u017cdej nogi w ci\u0105gu kilku sekund, a system samoblokuj\u0105cy sprawia, \u017ce wszystko jest \u015bci\u015ble dopasowane podczas transportu \u2014 nie s\u0105 wymagane \u017cadne paski.<\/li>\n<\/ul>","protected":false},"featured_media":3201,"comment_status":"open","ping_status":"closed","template":"","meta":[],"product_brand":[],"product_cat":[91,111],"product_tag":[],"class_list":{"0":"post-3187","1":"product","2":"type-product","3":"status-publish","4":"has-post-thumbnail","6":"product_cat-bipod-tripod","7":"product_cat-aluminum-surveying-tripod","9":"first","10":"instock","11":"shipping-taxable","12":"product-type-simple"},"_links":{"self":[{"href":"https:\/\/mountlaser.com\/pl\/wp-json\/wp\/v2\/product\/3187","targetHints":{"allow":["GET"]}}],"collection":[{"href":"https:\/\/mountlaser.com\/pl\/wp-json\/wp\/v2\/product"}],"about":[{"href":"https:\/\/mountlaser.com\/pl\/wp-json\/wp\/v2\/types\/product"}],"replies":[{"embeddable":true,"href":"https:\/\/mountlaser.com\/pl\/wp-json\/wp\/v2\/comments?post=3187"}],"wp:featuredmedia":[{"embeddable":true,"href":"https:\/\/mountlaser.com\/pl\/wp-json\/wp\/v2\/media\/3201"}],"wp:attachment":[{"href":"https:\/\/mountlaser.com\/pl\/wp-json\/wp\/v2\/media?parent=3187"}],"wp:term":[{"taxonomy":"product_brand","embeddable":true,"href":"https:\/\/mountlaser.com\/pl\/wp-json\/wp\/v2\/product_brand?post=3187"},{"taxonomy":"product_cat","embeddable":true,"href":"https:\/\/mountlaser.com\/pl\/wp-json\/wp\/v2\/product_cat?post=3187"},{"taxonomy":"product_tag","embeddable":true,"href":"https:\/\/mountlaser.com\/pl\/wp-json\/wp\/v2\/product_tag?post=3187"}],"curies":[{"name":"wp","href":"https:\/\/api.w.org\/{rel}","templated":true}]}}